{"id":26362,"date":"2019-02-12T15:55:54","date_gmt":"2019-02-12T15:55:54","guid":{"rendered":"http:\/\/188.166.58.170\/?post_type=product&#038;p=26298"},"modified":"2019-10-08T14:11:37","modified_gmt":"2019-10-08T14:11:37","slug":"531964-3x-vinyl-12-trifold","status":"publish","type":"product","link":"https:\/\/discrepublic.se\/no\/product\/531964-3x-vinyl-12-trifold\/","title":{"rendered":"3x Vinyl 12&#8243;  + Trifold"},"content":{"rendered":"<p><strong>Vinyl LP i &laquo;&raquo;Trifold&raquo;&raquo;-konvolut 6 sid\u00a0 inkl 4-f\u00e4rgs tryck och laminering.<\/strong><\/p>\n<p><strong>3x LP Vinyl 12 tum, 140g<\/strong><\/p>\n<ul>\n<li>LP-konvolut med 9 mm rygg, 4-f\u00e4rgs offset, 4x labels med 4-f\u00e4rgs tryck.<\/li>\n<li>Vit, svart eller 4 -f\u00e4rgs inner sleeve (se tillval).<\/li>\n<li>Gravering 33 RPM Lacqeur (max 20 min) samt\u00a0 5x provpress ing\u00e5r.<\/li>\n<li>PVC ficka 0,12mm (ing\u00e5r).<\/li>\n<li>Tillval: UV spotlack, foliering, m\u00f6nsterpressad (upph\u00f6jd text\/grafik).<\/li>\n<\/ul>\n<p><strong>Leverans:<\/strong><\/p>\n<ul>\n<li>Ha minst 4 veckors framf\u00f6rh\u00e5llning p\u00e5 nedan leveranstider.<\/li>\n<li>100-199 ex har l\u00e4ngre leverantid, ca 14 veckor fr\u00e5n godk\u00e4nt korrektur.<\/li>\n<li>200- ex ca 12 veckor\u00a0fr\u00e5n godk\u00e4nt korrektur.<\/li>\n<li>Vi packar v\u00e5ra vinyler med omsorg s\u00e5 att de kommer fram hela och fina.<\/li>\n<li>Leverans sker med DHL.<\/li>\n<\/ul>\n","protected":false},"excerpt":{"rendered":"<p>Vinyl LP i &laquo;&raquo;Trifold&raquo;&raquo;-konvolut 6 sid\u00a0 inkl 4-f\u00e4rgs tryck och laminering. 3x LP Vinyl 12 tum, 140g LP-konvolut med 9 mm rygg, 4-f\u00e4rgs offset, 4x labels med 4-f\u00e4rgs tryck. Vit, svart eller 4 -f\u00e4rgs inner sleeve (se tillval). Gravering 33 RPM Lacqeur (max 20 min) samt\u00a0 5x provpress ing\u00e5r. PVC ficka 0,12mm (ing\u00e5r). Tillval: UV [&hellip;]<\/p>\n","protected":false},"featured_media":24352,"comment_status":"closed","ping_status":"closed","template":"","meta":{"_et_pb_use_builder":"","_et_pb_old_content":"","_et_gb_content_width":""},"product_brand":[],"product_cat":[33],"product_tag":[],"class_list":{"0":"post-26362","1":"product","2":"type-product","3":"status-publish","4":"has-post-thumbnail","6":"product_cat-vinyl","7":"product_shipping_class-fraktklass-standard","9":"first","10":"instock","11":"taxable","12":"shipping-taxable","13":"purchasable","14":"product-type-simple"},"yoast_head":"<!-- This site is optimized with the Yoast SEO plugin v27.4 - https:\/\/yoast.com\/product\/yoast-seo-wordpress\/ -->\n<title>Discrepublic.com - Produksjon, kopiering, trykk og brenning av CD, DVD og vinylplater LP<\/title>\n<meta name=\"description\" content=\"Vi hjelper deg med produksjon, kopiering og pressing av CD, DVD og vinyl. N\u00e5r du vil lave CD, DVD eller vinyl, er vi et profesjonelt valg.\" \/>\n<meta name=\"robots\" content=\"index, follow, max-snippet:-1, max-image-preview:large, max-video-preview:-1\" \/>\n<link rel=\"canonical\" href=\"https:\/\/discrepublic.se\/no\/product\/531964-3x-vinyl-12-trifold\/\" \/>\n<meta property=\"og:locale\" content=\"nb_NO\" \/>\n<meta property=\"og:type\" content=\"article\" \/>\n<meta property=\"og:title\" content=\"Discrepublic.com - Produksjon, kopiering, trykk og brenning av CD, DVD og vinylplater LP\" \/>\n<meta property=\"og:description\" content=\"Vi hjelper deg med produksjon, kopiering og pressing av CD, DVD og vinyl. N\u00e5r du vil lave CD, DVD eller vinyl, er vi et profesjonelt valg.\" \/>\n<meta property=\"og:url\" content=\"https:\/\/discrepublic.se\/no\/product\/531964-3x-vinyl-12-trifold\/\" \/>\n<meta property=\"og:site_name\" content=\"DiscRepublic\" \/>\n<meta property=\"article:publisher\" content=\"https:\/\/www.facebook.com\/Discrepublic\" \/>\n<meta property=\"article:modified_time\" content=\"2019-10-08T14:11:37+00:00\" \/>\n<meta property=\"og:image\" content=\"https:\/\/discrepublic.se\/no\/wp-content\/uploads\/2017\/09\/531515_2_vinyl_12tum_gatefold_02_1200x900pxl.png\" \/>\n\t<meta property=\"og:image:width\" content=\"1200\" \/>\n\t<meta property=\"og:image:height\" content=\"900\" \/>\n\t<meta property=\"og:image:type\" content=\"image\/png\" \/>\n<meta name=\"twitter:card\" content=\"summary_large_image\" \/>\n<meta name=\"twitter:site\" content=\"@DiscRepublicCom\" \/>\n<meta name=\"twitter:label1\" content=\"Ansl. lesetid\" \/>\n\t<meta name=\"twitter:data1\" content=\"1 minutt\" \/>\n<script type=\"application\/ld+json\" class=\"yoast-schema-graph\">{\"@context\":\"https:\\\/\\\/schema.org\",\"@graph\":[{\"@type\":\"WebPage\",\"@id\":\"https:\\\/\\\/discrepublic.se\\\/no\\\/product\\\/531964-3x-vinyl-12-trifold\\\/\",\"url\":\"https:\\\/\\\/discrepublic.se\\\/no\\\/product\\\/531964-3x-vinyl-12-trifold\\\/\",\"name\":\"Discrepublic.com - Produksjon, kopiering, trykk og brenning av CD, DVD og vinylplater LP\",\"isPartOf\":{\"@id\":\"https:\\\/\\\/discrepublic.se\\\/no\\\/#website\"},\"primaryImageOfPage\":{\"@id\":\"https:\\\/\\\/discrepublic.se\\\/no\\\/product\\\/531964-3x-vinyl-12-trifold\\\/#primaryimage\"},\"image\":{\"@id\":\"https:\\\/\\\/discrepublic.se\\\/no\\\/product\\\/531964-3x-vinyl-12-trifold\\\/#primaryimage\"},\"thumbnailUrl\":\"https:\\\/\\\/discrepublic.se\\\/no\\\/wp-content\\\/uploads\\\/2017\\\/09\\\/531515_2_vinyl_12tum_gatefold_02_1200x900pxl.png\",\"datePublished\":\"2019-02-12T15:55:54+00:00\",\"dateModified\":\"2019-10-08T14:11:37+00:00\",\"description\":\"Vi hjelper deg med produksjon, kopiering og pressing av CD, DVD og vinyl. N\u00e5r du vil lave CD, DVD eller vinyl, er vi et profesjonelt valg.\",\"breadcrumb\":{\"@id\":\"https:\\\/\\\/discrepublic.se\\\/no\\\/product\\\/531964-3x-vinyl-12-trifold\\\/#breadcrumb\"},\"inLanguage\":\"nb-NO\",\"potentialAction\":[{\"@type\":\"ReadAction\",\"target\":[\"https:\\\/\\\/discrepublic.se\\\/no\\\/product\\\/531964-3x-vinyl-12-trifold\\\/\"]}]},{\"@type\":\"ImageObject\",\"inLanguage\":\"nb-NO\",\"@id\":\"https:\\\/\\\/discrepublic.se\\\/no\\\/product\\\/531964-3x-vinyl-12-trifold\\\/#primaryimage\",\"url\":\"https:\\\/\\\/discrepublic.se\\\/no\\\/wp-content\\\/uploads\\\/2017\\\/09\\\/531515_2_vinyl_12tum_gatefold_02_1200x900pxl.png\",\"contentUrl\":\"https:\\\/\\\/discrepublic.se\\\/no\\\/wp-content\\\/uploads\\\/2017\\\/09\\\/531515_2_vinyl_12tum_gatefold_02_1200x900pxl.png\",\"width\":1200,\"height\":900},{\"@type\":\"BreadcrumbList\",\"@id\":\"https:\\\/\\\/discrepublic.se\\\/no\\\/product\\\/531964-3x-vinyl-12-trifold\\\/#breadcrumb\",\"itemListElement\":[{\"@type\":\"ListItem\",\"position\":1,\"name\":\"Home\",\"item\":\"https:\\\/\\\/discrepublic.se\\\/no\\\/\"},{\"@type\":\"ListItem\",\"position\":2,\"name\":\"Hem\",\"item\":\"https:\\\/\\\/discrepublic.se\\\/no\\\/\"},{\"@type\":\"ListItem\",\"position\":3,\"name\":\"3x Vinyl 12&#8243; + Trifold\"}]},{\"@type\":\"WebSite\",\"@id\":\"https:\\\/\\\/discrepublic.se\\\/no\\\/#website\",\"url\":\"https:\\\/\\\/discrepublic.se\\\/no\\\/\",\"name\":\"DiscRepublic\",\"description\":\"Nettbutikk for CD-, DVD- og Vinyl-produksjoner, digital distribusjon og grafisk layout.\",\"publisher\":{\"@id\":\"https:\\\/\\\/discrepublic.se\\\/no\\\/#organization\"},\"potentialAction\":[{\"@type\":\"SearchAction\",\"target\":{\"@type\":\"EntryPoint\",\"urlTemplate\":\"https:\\\/\\\/discrepublic.se\\\/no\\\/?s={search_term_string}\"},\"query-input\":{\"@type\":\"PropertyValueSpecification\",\"valueRequired\":true,\"valueName\":\"search_term_string\"}}],\"inLanguage\":\"nb-NO\"},{\"@type\":\"Organization\",\"@id\":\"https:\\\/\\\/discrepublic.se\\\/no\\\/#organization\",\"name\":\"DiscRepublic\",\"url\":\"https:\\\/\\\/discrepublic.se\\\/no\\\/\",\"logo\":{\"@type\":\"ImageObject\",\"inLanguage\":\"nb-NO\",\"@id\":\"https:\\\/\\\/discrepublic.se\\\/no\\\/#\\\/schema\\\/logo\\\/image\\\/\",\"url\":\"https:\\\/\\\/discrepublic.se\\\/no\\\/\\\/wp-content\\\/uploads\\\/2023\\\/05\\\/discrepublic-logo-gold.png\",\"contentUrl\":\"https:\\\/\\\/discrepublic.se\\\/no\\\/\\\/wp-content\\\/uploads\\\/2023\\\/05\\\/discrepublic-logo-gold.png\",\"width\":1181,\"height\":311,\"caption\":\"DiscRepublic\"},\"image\":{\"@id\":\"https:\\\/\\\/discrepublic.se\\\/no\\\/#\\\/schema\\\/logo\\\/image\\\/\"},\"sameAs\":[\"https:\\\/\\\/www.facebook.com\\\/Discrepublic\",\"https:\\\/\\\/x.com\\\/DiscRepublicCom\",\"https:\\\/\\\/www.instagram.com\\\/discrepubliccom\\\/\",\"https:\\\/\\\/www.youtube.com\\\/channel\\\/UCOv79wfId7C_H9VSlXMT_oA\"]}]}<\/script>\n<!-- \/ Yoast SEO plugin. -->","yoast_head_json":{"title":"Discrepublic.com - Produksjon, kopiering, trykk og brenning av CD, DVD og vinylplater LP","description":"Vi hjelper deg med produksjon, kopiering og pressing av CD, DVD og vinyl. N\u00e5r du vil lave CD, DVD eller vinyl, er vi et profesjonelt valg.","robots":{"index":"index","follow":"follow","max-snippet":"max-snippet:-1","max-image-preview":"max-image-preview:large","max-video-preview":"max-video-preview:-1"},"canonical":"https:\/\/discrepublic.se\/no\/product\/531964-3x-vinyl-12-trifold\/","og_locale":"nb_NO","og_type":"article","og_title":"Discrepublic.com - Produksjon, kopiering, trykk og brenning av CD, DVD og vinylplater LP","og_description":"Vi hjelper deg med produksjon, kopiering og pressing av CD, DVD og vinyl. N\u00e5r du vil lave CD, DVD eller vinyl, er vi et profesjonelt valg.","og_url":"https:\/\/discrepublic.se\/no\/product\/531964-3x-vinyl-12-trifold\/","og_site_name":"DiscRepublic","article_publisher":"https:\/\/www.facebook.com\/Discrepublic","article_modified_time":"2019-10-08T14:11:37+00:00","og_image":[{"width":1200,"height":900,"url":"https:\/\/discrepublic.se\/no\/wp-content\/uploads\/2017\/09\/531515_2_vinyl_12tum_gatefold_02_1200x900pxl.png","type":"image\/png"}],"twitter_card":"summary_large_image","twitter_site":"@DiscRepublicCom","twitter_misc":{"Ansl. lesetid":"1 minutt"},"schema":{"@context":"https:\/\/schema.org","@graph":[{"@type":"WebPage","@id":"https:\/\/discrepublic.se\/no\/product\/531964-3x-vinyl-12-trifold\/","url":"https:\/\/discrepublic.se\/no\/product\/531964-3x-vinyl-12-trifold\/","name":"Discrepublic.com - Produksjon, kopiering, trykk og brenning av CD, DVD og vinylplater LP","isPartOf":{"@id":"https:\/\/discrepublic.se\/no\/#website"},"primaryImageOfPage":{"@id":"https:\/\/discrepublic.se\/no\/product\/531964-3x-vinyl-12-trifold\/#primaryimage"},"image":{"@id":"https:\/\/discrepublic.se\/no\/product\/531964-3x-vinyl-12-trifold\/#primaryimage"},"thumbnailUrl":"https:\/\/discrepublic.se\/no\/wp-content\/uploads\/2017\/09\/531515_2_vinyl_12tum_gatefold_02_1200x900pxl.png","datePublished":"2019-02-12T15:55:54+00:00","dateModified":"2019-10-08T14:11:37+00:00","description":"Vi hjelper deg med produksjon, kopiering og pressing av CD, DVD og vinyl. N\u00e5r du vil lave CD, DVD eller vinyl, er vi et profesjonelt valg.","breadcrumb":{"@id":"https:\/\/discrepublic.se\/no\/product\/531964-3x-vinyl-12-trifold\/#breadcrumb"},"inLanguage":"nb-NO","potentialAction":[{"@type":"ReadAction","target":["https:\/\/discrepublic.se\/no\/product\/531964-3x-vinyl-12-trifold\/"]}]},{"@type":"ImageObject","inLanguage":"nb-NO","@id":"https:\/\/discrepublic.se\/no\/product\/531964-3x-vinyl-12-trifold\/#primaryimage","url":"https:\/\/discrepublic.se\/no\/wp-content\/uploads\/2017\/09\/531515_2_vinyl_12tum_gatefold_02_1200x900pxl.png","contentUrl":"https:\/\/discrepublic.se\/no\/wp-content\/uploads\/2017\/09\/531515_2_vinyl_12tum_gatefold_02_1200x900pxl.png","width":1200,"height":900},{"@type":"BreadcrumbList","@id":"https:\/\/discrepublic.se\/no\/product\/531964-3x-vinyl-12-trifold\/#breadcrumb","itemListElement":[{"@type":"ListItem","position":1,"name":"Home","item":"https:\/\/discrepublic.se\/no\/"},{"@type":"ListItem","position":2,"name":"Hem","item":"https:\/\/discrepublic.se\/no\/"},{"@type":"ListItem","position":3,"name":"3x Vinyl 12&#8243; + Trifold"}]},{"@type":"WebSite","@id":"https:\/\/discrepublic.se\/no\/#website","url":"https:\/\/discrepublic.se\/no\/","name":"DiscRepublic","description":"Nettbutikk for CD-, DVD- og Vinyl-produksjoner, digital distribusjon og grafisk layout.","publisher":{"@id":"https:\/\/discrepublic.se\/no\/#organization"},"potentialAction":[{"@type":"SearchAction","target":{"@type":"EntryPoint","urlTemplate":"https:\/\/discrepublic.se\/no\/?s={search_term_string}"},"query-input":{"@type":"PropertyValueSpecification","valueRequired":true,"valueName":"search_term_string"}}],"inLanguage":"nb-NO"},{"@type":"Organization","@id":"https:\/\/discrepublic.se\/no\/#organization","name":"DiscRepublic","url":"https:\/\/discrepublic.se\/no\/","logo":{"@type":"ImageObject","inLanguage":"nb-NO","@id":"https:\/\/discrepublic.se\/no\/#\/schema\/logo\/image\/","url":"https:\/\/discrepublic.se\/no\/\/wp-content\/uploads\/2023\/05\/discrepublic-logo-gold.png","contentUrl":"https:\/\/discrepublic.se\/no\/\/wp-content\/uploads\/2023\/05\/discrepublic-logo-gold.png","width":1181,"height":311,"caption":"DiscRepublic"},"image":{"@id":"https:\/\/discrepublic.se\/no\/#\/schema\/logo\/image\/"},"sameAs":["https:\/\/www.facebook.com\/Discrepublic","https:\/\/x.com\/DiscRepublicCom","https:\/\/www.instagram.com\/discrepubliccom\/","https:\/\/www.youtube.com\/channel\/UCOv79wfId7C_H9VSlXMT_oA"]}]}},"kroconnect":{"tax_rate":0,"price_inc_vat":{"regular_price":0},"price_ex_vat":{"regular_price":0}},"_links":{"self":[{"href":"https:\/\/discrepublic.se\/no\/wp-json\/wp\/v2\/product\/26362","targetHints":{"allow":["GET"]}}],"collection":[{"href":"https:\/\/discrepublic.se\/no\/wp-json\/wp\/v2\/product"}],"about":[{"href":"https:\/\/discrepublic.se\/no\/wp-json\/wp\/v2\/types\/product"}],"replies":[{"embeddable":true,"href":"https:\/\/discrepublic.se\/no\/wp-json\/wp\/v2\/comments?post=26362"}],"wp:featuredmedia":[{"embeddable":true,"href":"https:\/\/discrepublic.se\/no\/wp-json\/wp\/v2\/media\/24352"}],"wp:attachment":[{"href":"https:\/\/discrepublic.se\/no\/wp-json\/wp\/v2\/media?parent=26362"}],"wp:term":[{"taxonomy":"product_brand","embeddable":true,"href":"https:\/\/discrepublic.se\/no\/wp-json\/wp\/v2\/product_brand?post=26362"},{"taxonomy":"product_cat","embeddable":true,"href":"https:\/\/discrepublic.se\/no\/wp-json\/wp\/v2\/product_cat?post=26362"},{"taxonomy":"product_tag","embeddable":true,"href":"https:\/\/discrepublic.se\/no\/wp-json\/wp\/v2\/product_tag?post=26362"}],"curies":[{"name":"wp","href":"https:\/\/api.w.org\/{rel}","templated":true}]}}