{"id":23832,"date":"2017-10-24T15:35:20","date_gmt":"2017-10-24T13:35:20","guid":{"rendered":"http:\/\/188.166.58.170\/?post_type=product&#038;p=23832"},"modified":"2024-02-27T15:18:31","modified_gmt":"2024-02-27T14:18:31","slug":"woo-commerce-webbshop","status":"publish","type":"product","link":"https:\/\/discrepublic.se\/no\/product\/woo-commerce-webbshop\/","title":{"rendered":"Woo commerce webbshop"},"content":{"rendered":"<p>\u00c4ntligen! Din helt egna Musikportal.<\/p>\n<p>Ta chansen att f\u00e5 en professionell hemsida utan kr\u00e5ngel, l\u00e5t proffsen g\u00f6ra jobbet,<\/p>\n<p>Med till\u00e4gget WooCommerce s\u00e5 har nu en full\u00e4ndad webshop d\u00e4r ni kan s\u00e4lja merch och CD \/ DVD vinyler p\u00e5 n\u00e4tet\u00a0worldwide.<\/p>\n<p>Vill ni ha hj\u00e4lp med lager och distribution s\u00e5 erbjuder vi \u00e4ven dessa tj\u00e4nster.<\/p>\n<ul>\n<li>100% responsiv i alla enheter (smartphones &amp; paddor)<\/li>\n<li>Inga l\u00f6pande avgifter<\/li>\n<li>Ni \u00e4ger sidan &#8211; utan f\u00f6rbeh\u00e5ll<\/li>\n<li>Senaste tekniken i v\u00e4rldens st\u00f6rsta system<\/li>\n<li>kan byggas ut och f\u00f6r\u00e4ndras i o\u00e4ndlighet.<\/li>\n<\/ul>\n<p>Webbsidan \u00e4r anpassad f\u00f6r dig med skr\u00e4ddasydda funktioner f\u00f6r att passa Musiker och musik\u00e4lskare worldwide.<\/p>\n<p>Vi designar sidan enligt dina \u00f6nskem\u00e5l med dina bilder och texter.<\/p>\n<p>Sidan \u00e4r byggd i WordPress och kan byggas ut och f\u00f6r\u00e4ndras i o\u00e4ndlighet.<\/p>\n<p>Ni \u00e4ger sidan helt utan f\u00f6rbeh\u00e5ll eller l\u00f6pande abbonemang*.<\/p>\n<ul>\n<li>Det kr\u00e4vs att man har ett webbhotell<\/li>\n<li>En \u00e5rlig licens f\u00f6r WooCommerce tillkommer<\/li>\n<\/ul>\n<p>Inget att v\u00e4nta p\u00e5 detta \u00e4r ju ert skyltf\u00f6nster ut mot v\u00e4rlden.<\/p>\n<p>H\u00e4r kan du s\u00e4lja din musik b\u00e5de fysiskt och via download, l\u00e4gga upp film, blogga m.m.<\/p>\n","protected":false},"excerpt":{"rendered":"<p>\u00c4ntligen! Din helt egna Musikportal. Ta chansen att f\u00e5 en professionell hemsida utan kr\u00e5ngel, l\u00e5t proffsen g\u00f6ra jobbet, Med till\u00e4gget WooCommerce s\u00e5 har nu en full\u00e4ndad webshop d\u00e4r ni kan s\u00e4lja merch och CD \/ DVD vinyler p\u00e5 n\u00e4tet\u00a0worldwide. Vill ni ha hj\u00e4lp med lager och distribution s\u00e5 erbjuder vi \u00e4ven dessa tj\u00e4nster. 100% responsiv [&hellip;]<\/p>\n","protected":false},"featured_media":25096,"comment_status":"closed","ping_status":"closed","template":"","meta":{"_et_pb_use_builder":"","_et_pb_old_content":"","_et_gb_content_width":""},"product_brand":[],"product_cat":[32,34],"product_tag":[],"class_list":{"0":"post-23832","1":"product","2":"type-product","3":"status-publish","4":"has-post-thumbnail","6":"product_cat-tillval","7":"product_cat-wordpress","8":"product_shipping_class-fraktklass-standard","10":"first","11":"instock","12":"taxable","13":"shipping-taxable","14":"purchasable","15":"product-type-simple"},"yoast_head":"<!-- This site is optimized with the Yoast SEO plugin v27.4 - https:\/\/yoast.com\/product\/yoast-seo-wordpress\/ -->\n<title>Discrepublic.com - Produksjon, kopiering, trykk og brenning av CD, DVD og vinylplater LP<\/title>\n<meta name=\"description\" content=\"Vi hjelper deg med produksjon, kopiering og pressing av CD, DVD og vinyl. N\u00e5r du vil lave CD, DVD eller vinyl, er vi et profesjonelt valg.\" \/>\n<meta name=\"robots\" content=\"index, follow, max-snippet:-1, max-image-preview:large, max-video-preview:-1\" \/>\n<link rel=\"canonical\" href=\"https:\/\/discrepublic.se\/no\/product\/woo-commerce-webbshop\/\" \/>\n<meta property=\"og:locale\" content=\"nb_NO\" \/>\n<meta property=\"og:type\" content=\"article\" \/>\n<meta property=\"og:title\" content=\"Discrepublic.com - Produksjon, kopiering, trykk og brenning av CD, DVD og vinylplater LP\" \/>\n<meta property=\"og:description\" content=\"Vi hjelper deg med produksjon, kopiering og pressing av CD, DVD og vinyl. N\u00e5r du vil lave CD, DVD eller vinyl, er vi et profesjonelt valg.\" \/>\n<meta property=\"og:url\" content=\"https:\/\/discrepublic.se\/no\/product\/woo-commerce-webbshop\/\" \/>\n<meta property=\"og:site_name\" content=\"DiscRepublic\" \/>\n<meta property=\"article:publisher\" content=\"https:\/\/www.facebook.com\/Discrepublic\" \/>\n<meta property=\"article:modified_time\" content=\"2024-02-27T14:18:31+00:00\" \/>\n<meta property=\"og:image\" content=\"https:\/\/discrepublic.se\/no\/wp-content\/uploads\/2017\/10\/409020.jpg\" \/>\n\t<meta property=\"og:image:width\" content=\"1200\" \/>\n\t<meta property=\"og:image:height\" content=\"900\" \/>\n\t<meta property=\"og:image:type\" content=\"image\/jpeg\" \/>\n<meta name=\"twitter:card\" content=\"summary_large_image\" \/>\n<meta name=\"twitter:site\" content=\"@DiscRepublicCom\" \/>\n<meta name=\"twitter:label1\" content=\"Ansl. lesetid\" \/>\n\t<meta name=\"twitter:data1\" content=\"2 minutter\" \/>\n<script type=\"application\/ld+json\" class=\"yoast-schema-graph\">{\"@context\":\"https:\\\/\\\/schema.org\",\"@graph\":[{\"@type\":\"WebPage\",\"@id\":\"https:\\\/\\\/discrepublic.se\\\/no\\\/product\\\/woo-commerce-webbshop\\\/\",\"url\":\"https:\\\/\\\/discrepublic.se\\\/no\\\/product\\\/woo-commerce-webbshop\\\/\",\"name\":\"Discrepublic.com - Produksjon, kopiering, trykk og brenning av CD, DVD og vinylplater LP\",\"isPartOf\":{\"@id\":\"https:\\\/\\\/discrepublic.se\\\/no\\\/#website\"},\"primaryImageOfPage\":{\"@id\":\"https:\\\/\\\/discrepublic.se\\\/no\\\/product\\\/woo-commerce-webbshop\\\/#primaryimage\"},\"image\":{\"@id\":\"https:\\\/\\\/discrepublic.se\\\/no\\\/product\\\/woo-commerce-webbshop\\\/#primaryimage\"},\"thumbnailUrl\":\"https:\\\/\\\/discrepublic.se\\\/no\\\/wp-content\\\/uploads\\\/2017\\\/10\\\/409020.jpg\",\"datePublished\":\"2017-10-24T13:35:20+00:00\",\"dateModified\":\"2024-02-27T14:18:31+00:00\",\"description\":\"Vi hjelper deg med produksjon, kopiering og pressing av CD, DVD og vinyl. N\u00e5r du vil lave CD, DVD eller vinyl, er vi et profesjonelt valg.\",\"breadcrumb\":{\"@id\":\"https:\\\/\\\/discrepublic.se\\\/no\\\/product\\\/woo-commerce-webbshop\\\/#breadcrumb\"},\"inLanguage\":\"nb-NO\",\"potentialAction\":[{\"@type\":\"ReadAction\",\"target\":[\"https:\\\/\\\/discrepublic.se\\\/no\\\/product\\\/woo-commerce-webbshop\\\/\"]}]},{\"@type\":\"ImageObject\",\"inLanguage\":\"nb-NO\",\"@id\":\"https:\\\/\\\/discrepublic.se\\\/no\\\/product\\\/woo-commerce-webbshop\\\/#primaryimage\",\"url\":\"https:\\\/\\\/discrepublic.se\\\/no\\\/wp-content\\\/uploads\\\/2017\\\/10\\\/409020.jpg\",\"contentUrl\":\"https:\\\/\\\/discrepublic.se\\\/no\\\/wp-content\\\/uploads\\\/2017\\\/10\\\/409020.jpg\",\"width\":1200,\"height\":900},{\"@type\":\"BreadcrumbList\",\"@id\":\"https:\\\/\\\/discrepublic.se\\\/no\\\/product\\\/woo-commerce-webbshop\\\/#breadcrumb\",\"itemListElement\":[{\"@type\":\"ListItem\",\"position\":1,\"name\":\"Home\",\"item\":\"https:\\\/\\\/discrepublic.se\\\/no\\\/\"},{\"@type\":\"ListItem\",\"position\":2,\"name\":\"Hem\",\"item\":\"https:\\\/\\\/discrepublic.se\\\/no\\\/\"},{\"@type\":\"ListItem\",\"position\":3,\"name\":\"Woo commerce webbshop\"}]},{\"@type\":\"WebSite\",\"@id\":\"https:\\\/\\\/discrepublic.se\\\/no\\\/#website\",\"url\":\"https:\\\/\\\/discrepublic.se\\\/no\\\/\",\"name\":\"DiscRepublic\",\"description\":\"Nettbutikk for CD-, DVD- og Vinyl-produksjoner, digital distribusjon og grafisk layout.\",\"publisher\":{\"@id\":\"https:\\\/\\\/discrepublic.se\\\/no\\\/#organization\"},\"potentialAction\":[{\"@type\":\"SearchAction\",\"target\":{\"@type\":\"EntryPoint\",\"urlTemplate\":\"https:\\\/\\\/discrepublic.se\\\/no\\\/?s={search_term_string}\"},\"query-input\":{\"@type\":\"PropertyValueSpecification\",\"valueRequired\":true,\"valueName\":\"search_term_string\"}}],\"inLanguage\":\"nb-NO\"},{\"@type\":\"Organization\",\"@id\":\"https:\\\/\\\/discrepublic.se\\\/no\\\/#organization\",\"name\":\"DiscRepublic\",\"url\":\"https:\\\/\\\/discrepublic.se\\\/no\\\/\",\"logo\":{\"@type\":\"ImageObject\",\"inLanguage\":\"nb-NO\",\"@id\":\"https:\\\/\\\/discrepublic.se\\\/no\\\/#\\\/schema\\\/logo\\\/image\\\/\",\"url\":\"https:\\\/\\\/discrepublic.se\\\/no\\\/\\\/wp-content\\\/uploads\\\/2023\\\/05\\\/discrepublic-logo-gold.png\",\"contentUrl\":\"https:\\\/\\\/discrepublic.se\\\/no\\\/\\\/wp-content\\\/uploads\\\/2023\\\/05\\\/discrepublic-logo-gold.png\",\"width\":1181,\"height\":311,\"caption\":\"DiscRepublic\"},\"image\":{\"@id\":\"https:\\\/\\\/discrepublic.se\\\/no\\\/#\\\/schema\\\/logo\\\/image\\\/\"},\"sameAs\":[\"https:\\\/\\\/www.facebook.com\\\/Discrepublic\",\"https:\\\/\\\/x.com\\\/DiscRepublicCom\",\"https:\\\/\\\/www.instagram.com\\\/discrepubliccom\\\/\",\"https:\\\/\\\/www.youtube.com\\\/channel\\\/UCOv79wfId7C_H9VSlXMT_oA\"]}]}<\/script>\n<!-- \/ Yoast SEO plugin. -->","yoast_head_json":{"title":"Discrepublic.com - Produksjon, kopiering, trykk og brenning av CD, DVD og vinylplater LP","description":"Vi hjelper deg med produksjon, kopiering og pressing av CD, DVD og vinyl. N\u00e5r du vil lave CD, DVD eller vinyl, er vi et profesjonelt valg.","robots":{"index":"index","follow":"follow","max-snippet":"max-snippet:-1","max-image-preview":"max-image-preview:large","max-video-preview":"max-video-preview:-1"},"canonical":"https:\/\/discrepublic.se\/no\/product\/woo-commerce-webbshop\/","og_locale":"nb_NO","og_type":"article","og_title":"Discrepublic.com - Produksjon, kopiering, trykk og brenning av CD, DVD og vinylplater LP","og_description":"Vi hjelper deg med produksjon, kopiering og pressing av CD, DVD og vinyl. N\u00e5r du vil lave CD, DVD eller vinyl, er vi et profesjonelt valg.","og_url":"https:\/\/discrepublic.se\/no\/product\/woo-commerce-webbshop\/","og_site_name":"DiscRepublic","article_publisher":"https:\/\/www.facebook.com\/Discrepublic","article_modified_time":"2024-02-27T14:18:31+00:00","og_image":[{"width":1200,"height":900,"url":"https:\/\/discrepublic.se\/no\/wp-content\/uploads\/2017\/10\/409020.jpg","type":"image\/jpeg"}],"twitter_card":"summary_large_image","twitter_site":"@DiscRepublicCom","twitter_misc":{"Ansl. lesetid":"2 minutter"},"schema":{"@context":"https:\/\/schema.org","@graph":[{"@type":"WebPage","@id":"https:\/\/discrepublic.se\/no\/product\/woo-commerce-webbshop\/","url":"https:\/\/discrepublic.se\/no\/product\/woo-commerce-webbshop\/","name":"Discrepublic.com - Produksjon, kopiering, trykk og brenning av CD, DVD og vinylplater LP","isPartOf":{"@id":"https:\/\/discrepublic.se\/no\/#website"},"primaryImageOfPage":{"@id":"https:\/\/discrepublic.se\/no\/product\/woo-commerce-webbshop\/#primaryimage"},"image":{"@id":"https:\/\/discrepublic.se\/no\/product\/woo-commerce-webbshop\/#primaryimage"},"thumbnailUrl":"https:\/\/discrepublic.se\/no\/wp-content\/uploads\/2017\/10\/409020.jpg","datePublished":"2017-10-24T13:35:20+00:00","dateModified":"2024-02-27T14:18:31+00:00","description":"Vi hjelper deg med produksjon, kopiering og pressing av CD, DVD og vinyl. N\u00e5r du vil lave CD, DVD eller vinyl, er vi et profesjonelt valg.","breadcrumb":{"@id":"https:\/\/discrepublic.se\/no\/product\/woo-commerce-webbshop\/#breadcrumb"},"inLanguage":"nb-NO","potentialAction":[{"@type":"ReadAction","target":["https:\/\/discrepublic.se\/no\/product\/woo-commerce-webbshop\/"]}]},{"@type":"ImageObject","inLanguage":"nb-NO","@id":"https:\/\/discrepublic.se\/no\/product\/woo-commerce-webbshop\/#primaryimage","url":"https:\/\/discrepublic.se\/no\/wp-content\/uploads\/2017\/10\/409020.jpg","contentUrl":"https:\/\/discrepublic.se\/no\/wp-content\/uploads\/2017\/10\/409020.jpg","width":1200,"height":900},{"@type":"BreadcrumbList","@id":"https:\/\/discrepublic.se\/no\/product\/woo-commerce-webbshop\/#breadcrumb","itemListElement":[{"@type":"ListItem","position":1,"name":"Home","item":"https:\/\/discrepublic.se\/no\/"},{"@type":"ListItem","position":2,"name":"Hem","item":"https:\/\/discrepublic.se\/no\/"},{"@type":"ListItem","position":3,"name":"Woo commerce webbshop"}]},{"@type":"WebSite","@id":"https:\/\/discrepublic.se\/no\/#website","url":"https:\/\/discrepublic.se\/no\/","name":"DiscRepublic","description":"Nettbutikk for CD-, DVD- og Vinyl-produksjoner, digital distribusjon og grafisk layout.","publisher":{"@id":"https:\/\/discrepublic.se\/no\/#organization"},"potentialAction":[{"@type":"SearchAction","target":{"@type":"EntryPoint","urlTemplate":"https:\/\/discrepublic.se\/no\/?s={search_term_string}"},"query-input":{"@type":"PropertyValueSpecification","valueRequired":true,"valueName":"search_term_string"}}],"inLanguage":"nb-NO"},{"@type":"Organization","@id":"https:\/\/discrepublic.se\/no\/#organization","name":"DiscRepublic","url":"https:\/\/discrepublic.se\/no\/","logo":{"@type":"ImageObject","inLanguage":"nb-NO","@id":"https:\/\/discrepublic.se\/no\/#\/schema\/logo\/image\/","url":"https:\/\/discrepublic.se\/no\/\/wp-content\/uploads\/2023\/05\/discrepublic-logo-gold.png","contentUrl":"https:\/\/discrepublic.se\/no\/\/wp-content\/uploads\/2023\/05\/discrepublic-logo-gold.png","width":1181,"height":311,"caption":"DiscRepublic"},"image":{"@id":"https:\/\/discrepublic.se\/no\/#\/schema\/logo\/image\/"},"sameAs":["https:\/\/www.facebook.com\/Discrepublic","https:\/\/x.com\/DiscRepublicCom","https:\/\/www.instagram.com\/discrepubliccom\/","https:\/\/www.youtube.com\/channel\/UCOv79wfId7C_H9VSlXMT_oA"]}]}},"kroconnect":{"tax_rate":0,"price_inc_vat":{"regular_price":0},"price_ex_vat":{"regular_price":0}},"_links":{"self":[{"href":"https:\/\/discrepublic.se\/no\/wp-json\/wp\/v2\/product\/23832","targetHints":{"allow":["GET"]}}],"collection":[{"href":"https:\/\/discrepublic.se\/no\/wp-json\/wp\/v2\/product"}],"about":[{"href":"https:\/\/discrepublic.se\/no\/wp-json\/wp\/v2\/types\/product"}],"replies":[{"embeddable":true,"href":"https:\/\/discrepublic.se\/no\/wp-json\/wp\/v2\/comments?post=23832"}],"wp:featuredmedia":[{"embeddable":true,"href":"https:\/\/discrepublic.se\/no\/wp-json\/wp\/v2\/media\/25096"}],"wp:attachment":[{"href":"https:\/\/discrepublic.se\/no\/wp-json\/wp\/v2\/media?parent=23832"}],"wp:term":[{"taxonomy":"product_brand","embeddable":true,"href":"https:\/\/discrepublic.se\/no\/wp-json\/wp\/v2\/product_brand?post=23832"},{"taxonomy":"product_cat","embeddable":true,"href":"https:\/\/discrepublic.se\/no\/wp-json\/wp\/v2\/product_cat?post=23832"},{"taxonomy":"product_tag","embeddable":true,"href":"https:\/\/discrepublic.se\/no\/wp-json\/wp\/v2\/product_tag?post=23832"}],"curies":[{"name":"wp","href":"https:\/\/api.w.org\/{rel}","templated":true}]}}