{"id":21942,"date":"2017-09-03T18:36:43","date_gmt":"2017-09-03T18:36:43","guid":{"rendered":"http:\/\/188.166.58.170\/produkt\/521036-dvd-med-tryck-i-pappkonvolut\/"},"modified":"2026-01-27T13:58:43","modified_gmt":"2026-01-27T12:58:43","slug":"dvd-papplomme","status":"publish","type":"product","link":"https:\/\/discrepublic.se\/no\/product\/dvd-papplomme\/","title":{"rendered":"DVD + Papplomme"},"content":{"rendered":"<h6>Papplomme<\/h6>\n<p>DVD i papplomme er tilpasset for \u00e5 holde kun \u00e9n DVD. Den trykkes p\u00e5 240 g kvalitets papir, noe som gj\u00f8r den sv\u00e6rt slitesterk samtidig som den gir en eksklusiv f\u00f8lelse. Dette omslaget har en forside og bakside og \u00e5pnes mot h\u00f8yre.<\/p>\n<p>Du velger om du vil ha matt eller blank laminering. Merk at matt laminering er litt mer f\u00f8lsom ved h\u00e5ndtering, og sm\u00e5 merker kan lettere oppst\u00e5, spesielt p\u00e5 m\u00f8rke omslag.<\/p>\n<p>Hvis du \u00f8nsker \u00e5 oppgradere produksjonen din med enda mer plass til grafikk, finnes det flere alternativer. Du kan begynne med \u00e5 se n\u00e6rmere p\u00e5 v\u00e5r 4-sidige digifile, som du finner <span style=\"text-decoration: underline;\"><a href=\"https:\/\/discrepublic.se\/no\/product\/dvd-4-sidig-dvd-digifile\/\">her<\/a><\/span> eller 4-sidig digipak, som du finner <span style=\"text-decoration: underline;\"><a href=\"https:\/\/discrepublic.se\/no\/product\/dvd-4-sidig-dvd-digipak\/\">her<\/a><\/span>.<\/p>\n[et_pb_section global_module=\"263305\"][\/et_pb_section]\n","protected":false},"excerpt":{"rendered":"<p>LAST NED TRYKKMAL<br \/>\n<a href=\"https:\/\/discrepublic.se\/no\/\/wp-content\/uploads\/2023\/02\/SKU_512405_discpapersleeve.pdf\" target=\"_blank\" rel=\"noopener\">DVD\/Papplomme<\/a><\/p>\n","protected":false},"featured_media":24237,"comment_status":"closed","ping_status":"closed","template":"","meta":{"_et_pb_use_builder":"","_et_pb_old_content":"","_et_gb_content_width":""},"product_brand":[],"product_cat":[26],"product_tag":[],"class_list":{"0":"post-21942","1":"product","2":"type-product","3":"status-publish","4":"has-post-thumbnail","6":"product_cat-dvd","7":"product_shipping_class-fraktklass-standard","9":"first","10":"instock","11":"taxable","12":"shipping-taxable","13":"purchasable","14":"product-type-simple"},"yoast_head":"<!-- This site is optimized with the Yoast SEO plugin v27.4 - https:\/\/yoast.com\/product\/yoast-seo-wordpress\/ -->\n<title>Discrepublic.com - Produksjon, kopiering, trykk og brenning av CD, DVD og vinylplater LP<\/title>\n<meta name=\"description\" content=\"Vi hjelper deg med produksjon, kopiering og pressing av CD, DVD og vinyl. N\u00e5r du vil lave CD, DVD eller vinyl, er vi et profesjonelt valg.\" \/>\n<meta name=\"robots\" content=\"index, follow, max-snippet:-1, max-image-preview:large, max-video-preview:-1\" \/>\n<link rel=\"canonical\" href=\"https:\/\/discrepublic.se\/no\/product\/dvd-papplomme\/\" \/>\n<meta property=\"og:locale\" content=\"nb_NO\" \/>\n<meta property=\"og:type\" content=\"article\" \/>\n<meta property=\"og:title\" content=\"Discrepublic.com - Produksjon, kopiering, trykk og brenning av CD, DVD og vinylplater LP\" \/>\n<meta property=\"og:description\" content=\"Vi hjelper deg med produksjon, kopiering og pressing av CD, DVD og vinyl. N\u00e5r du vil lave CD, DVD eller vinyl, er vi et profesjonelt valg.\" \/>\n<meta property=\"og:url\" content=\"https:\/\/discrepublic.se\/no\/product\/dvd-papplomme\/\" \/>\n<meta property=\"og:site_name\" content=\"DiscRepublic\" \/>\n<meta property=\"article:publisher\" content=\"https:\/\/www.facebook.com\/Discrepublic\" \/>\n<meta property=\"article:modified_time\" content=\"2026-01-27T12:58:43+00:00\" \/>\n<meta property=\"og:image\" content=\"https:\/\/discrepublic.se\/no\/wp-content\/uploads\/2017\/09\/521036_DVD_Papersleeve_skivtryck_discrepublic1200x900pxl.png\" \/>\n\t<meta property=\"og:image:width\" content=\"1200\" \/>\n\t<meta property=\"og:image:height\" content=\"900\" \/>\n\t<meta property=\"og:image:type\" content=\"image\/png\" \/>\n<meta name=\"twitter:card\" content=\"summary_large_image\" \/>\n<meta name=\"twitter:site\" content=\"@DiscRepublicCom\" \/>\n<meta name=\"twitter:label1\" content=\"Ansl. lesetid\" \/>\n\t<meta name=\"twitter:data1\" content=\"1 minutt\" \/>\n<script type=\"application\/ld+json\" class=\"yoast-schema-graph\">{\"@context\":\"https:\\\/\\\/schema.org\",\"@graph\":[{\"@type\":\"WebPage\",\"@id\":\"https:\\\/\\\/discrepublic.se\\\/no\\\/product\\\/dvd-papplomme\\\/\",\"url\":\"https:\\\/\\\/discrepublic.se\\\/no\\\/product\\\/dvd-papplomme\\\/\",\"name\":\"Discrepublic.com - Produksjon, kopiering, trykk og brenning av CD, DVD og vinylplater LP\",\"isPartOf\":{\"@id\":\"https:\\\/\\\/discrepublic.se\\\/no\\\/#website\"},\"primaryImageOfPage\":{\"@id\":\"https:\\\/\\\/discrepublic.se\\\/no\\\/product\\\/dvd-papplomme\\\/#primaryimage\"},\"image\":{\"@id\":\"https:\\\/\\\/discrepublic.se\\\/no\\\/product\\\/dvd-papplomme\\\/#primaryimage\"},\"thumbnailUrl\":\"https:\\\/\\\/discrepublic.se\\\/no\\\/wp-content\\\/uploads\\\/2017\\\/09\\\/521036_DVD_Papersleeve_skivtryck_discrepublic1200x900pxl.png\",\"datePublished\":\"2017-09-03T18:36:43+00:00\",\"dateModified\":\"2026-01-27T12:58:43+00:00\",\"description\":\"Vi hjelper deg med produksjon, kopiering og pressing av CD, DVD og vinyl. N\u00e5r du vil lave CD, DVD eller vinyl, er vi et profesjonelt valg.\",\"breadcrumb\":{\"@id\":\"https:\\\/\\\/discrepublic.se\\\/no\\\/product\\\/dvd-papplomme\\\/#breadcrumb\"},\"inLanguage\":\"nb-NO\",\"potentialAction\":[{\"@type\":\"ReadAction\",\"target\":[\"https:\\\/\\\/discrepublic.se\\\/no\\\/product\\\/dvd-papplomme\\\/\"]}]},{\"@type\":\"ImageObject\",\"inLanguage\":\"nb-NO\",\"@id\":\"https:\\\/\\\/discrepublic.se\\\/no\\\/product\\\/dvd-papplomme\\\/#primaryimage\",\"url\":\"https:\\\/\\\/discrepublic.se\\\/no\\\/wp-content\\\/uploads\\\/2017\\\/09\\\/521036_DVD_Papersleeve_skivtryck_discrepublic1200x900pxl.png\",\"contentUrl\":\"https:\\\/\\\/discrepublic.se\\\/no\\\/wp-content\\\/uploads\\\/2017\\\/09\\\/521036_DVD_Papersleeve_skivtryck_discrepublic1200x900pxl.png\",\"width\":1200,\"height\":900},{\"@type\":\"BreadcrumbList\",\"@id\":\"https:\\\/\\\/discrepublic.se\\\/no\\\/product\\\/dvd-papplomme\\\/#breadcrumb\",\"itemListElement\":[{\"@type\":\"ListItem\",\"position\":1,\"name\":\"Home\",\"item\":\"https:\\\/\\\/discrepublic.se\\\/no\\\/\"},{\"@type\":\"ListItem\",\"position\":2,\"name\":\"Hem\",\"item\":\"https:\\\/\\\/discrepublic.se\\\/no\\\/\"},{\"@type\":\"ListItem\",\"position\":3,\"name\":\"DVD + Papplomme\"}]},{\"@type\":\"WebSite\",\"@id\":\"https:\\\/\\\/discrepublic.se\\\/no\\\/#website\",\"url\":\"https:\\\/\\\/discrepublic.se\\\/no\\\/\",\"name\":\"DiscRepublic\",\"description\":\"Nettbutikk for CD-, DVD- og Vinyl-produksjoner, digital distribusjon og grafisk layout.\",\"publisher\":{\"@id\":\"https:\\\/\\\/discrepublic.se\\\/no\\\/#organization\"},\"potentialAction\":[{\"@type\":\"SearchAction\",\"target\":{\"@type\":\"EntryPoint\",\"urlTemplate\":\"https:\\\/\\\/discrepublic.se\\\/no\\\/?s={search_term_string}\"},\"query-input\":{\"@type\":\"PropertyValueSpecification\",\"valueRequired\":true,\"valueName\":\"search_term_string\"}}],\"inLanguage\":\"nb-NO\"},{\"@type\":\"Organization\",\"@id\":\"https:\\\/\\\/discrepublic.se\\\/no\\\/#organization\",\"name\":\"DiscRepublic\",\"url\":\"https:\\\/\\\/discrepublic.se\\\/no\\\/\",\"logo\":{\"@type\":\"ImageObject\",\"inLanguage\":\"nb-NO\",\"@id\":\"https:\\\/\\\/discrepublic.se\\\/no\\\/#\\\/schema\\\/logo\\\/image\\\/\",\"url\":\"https:\\\/\\\/discrepublic.se\\\/no\\\/\\\/wp-content\\\/uploads\\\/2023\\\/05\\\/discrepublic-logo-gold.png\",\"contentUrl\":\"https:\\\/\\\/discrepublic.se\\\/no\\\/\\\/wp-content\\\/uploads\\\/2023\\\/05\\\/discrepublic-logo-gold.png\",\"width\":1181,\"height\":311,\"caption\":\"DiscRepublic\"},\"image\":{\"@id\":\"https:\\\/\\\/discrepublic.se\\\/no\\\/#\\\/schema\\\/logo\\\/image\\\/\"},\"sameAs\":[\"https:\\\/\\\/www.facebook.com\\\/Discrepublic\",\"https:\\\/\\\/x.com\\\/DiscRepublicCom\",\"https:\\\/\\\/www.instagram.com\\\/discrepubliccom\\\/\",\"https:\\\/\\\/www.youtube.com\\\/channel\\\/UCOv79wfId7C_H9VSlXMT_oA\"]}]}<\/script>\n<!-- \/ Yoast SEO plugin. -->","yoast_head_json":{"title":"Discrepublic.com - Produksjon, kopiering, trykk og brenning av CD, DVD og vinylplater LP","description":"Vi hjelper deg med produksjon, kopiering og pressing av CD, DVD og vinyl. N\u00e5r du vil lave CD, DVD eller vinyl, er vi et profesjonelt valg.","robots":{"index":"index","follow":"follow","max-snippet":"max-snippet:-1","max-image-preview":"max-image-preview:large","max-video-preview":"max-video-preview:-1"},"canonical":"https:\/\/discrepublic.se\/no\/product\/dvd-papplomme\/","og_locale":"nb_NO","og_type":"article","og_title":"Discrepublic.com - Produksjon, kopiering, trykk og brenning av CD, DVD og vinylplater LP","og_description":"Vi hjelper deg med produksjon, kopiering og pressing av CD, DVD og vinyl. N\u00e5r du vil lave CD, DVD eller vinyl, er vi et profesjonelt valg.","og_url":"https:\/\/discrepublic.se\/no\/product\/dvd-papplomme\/","og_site_name":"DiscRepublic","article_publisher":"https:\/\/www.facebook.com\/Discrepublic","article_modified_time":"2026-01-27T12:58:43+00:00","og_image":[{"width":1200,"height":900,"url":"https:\/\/discrepublic.se\/no\/wp-content\/uploads\/2017\/09\/521036_DVD_Papersleeve_skivtryck_discrepublic1200x900pxl.png","type":"image\/png"}],"twitter_card":"summary_large_image","twitter_site":"@DiscRepublicCom","twitter_misc":{"Ansl. lesetid":"1 minutt"},"schema":{"@context":"https:\/\/schema.org","@graph":[{"@type":"WebPage","@id":"https:\/\/discrepublic.se\/no\/product\/dvd-papplomme\/","url":"https:\/\/discrepublic.se\/no\/product\/dvd-papplomme\/","name":"Discrepublic.com - Produksjon, kopiering, trykk og brenning av CD, DVD og vinylplater LP","isPartOf":{"@id":"https:\/\/discrepublic.se\/no\/#website"},"primaryImageOfPage":{"@id":"https:\/\/discrepublic.se\/no\/product\/dvd-papplomme\/#primaryimage"},"image":{"@id":"https:\/\/discrepublic.se\/no\/product\/dvd-papplomme\/#primaryimage"},"thumbnailUrl":"https:\/\/discrepublic.se\/no\/wp-content\/uploads\/2017\/09\/521036_DVD_Papersleeve_skivtryck_discrepublic1200x900pxl.png","datePublished":"2017-09-03T18:36:43+00:00","dateModified":"2026-01-27T12:58:43+00:00","description":"Vi hjelper deg med produksjon, kopiering og pressing av CD, DVD og vinyl. N\u00e5r du vil lave CD, DVD eller vinyl, er vi et profesjonelt valg.","breadcrumb":{"@id":"https:\/\/discrepublic.se\/no\/product\/dvd-papplomme\/#breadcrumb"},"inLanguage":"nb-NO","potentialAction":[{"@type":"ReadAction","target":["https:\/\/discrepublic.se\/no\/product\/dvd-papplomme\/"]}]},{"@type":"ImageObject","inLanguage":"nb-NO","@id":"https:\/\/discrepublic.se\/no\/product\/dvd-papplomme\/#primaryimage","url":"https:\/\/discrepublic.se\/no\/wp-content\/uploads\/2017\/09\/521036_DVD_Papersleeve_skivtryck_discrepublic1200x900pxl.png","contentUrl":"https:\/\/discrepublic.se\/no\/wp-content\/uploads\/2017\/09\/521036_DVD_Papersleeve_skivtryck_discrepublic1200x900pxl.png","width":1200,"height":900},{"@type":"BreadcrumbList","@id":"https:\/\/discrepublic.se\/no\/product\/dvd-papplomme\/#breadcrumb","itemListElement":[{"@type":"ListItem","position":1,"name":"Home","item":"https:\/\/discrepublic.se\/no\/"},{"@type":"ListItem","position":2,"name":"Hem","item":"https:\/\/discrepublic.se\/no\/"},{"@type":"ListItem","position":3,"name":"DVD + Papplomme"}]},{"@type":"WebSite","@id":"https:\/\/discrepublic.se\/no\/#website","url":"https:\/\/discrepublic.se\/no\/","name":"DiscRepublic","description":"Nettbutikk for CD-, DVD- og Vinyl-produksjoner, digital distribusjon og grafisk layout.","publisher":{"@id":"https:\/\/discrepublic.se\/no\/#organization"},"potentialAction":[{"@type":"SearchAction","target":{"@type":"EntryPoint","urlTemplate":"https:\/\/discrepublic.se\/no\/?s={search_term_string}"},"query-input":{"@type":"PropertyValueSpecification","valueRequired":true,"valueName":"search_term_string"}}],"inLanguage":"nb-NO"},{"@type":"Organization","@id":"https:\/\/discrepublic.se\/no\/#organization","name":"DiscRepublic","url":"https:\/\/discrepublic.se\/no\/","logo":{"@type":"ImageObject","inLanguage":"nb-NO","@id":"https:\/\/discrepublic.se\/no\/#\/schema\/logo\/image\/","url":"https:\/\/discrepublic.se\/no\/\/wp-content\/uploads\/2023\/05\/discrepublic-logo-gold.png","contentUrl":"https:\/\/discrepublic.se\/no\/\/wp-content\/uploads\/2023\/05\/discrepublic-logo-gold.png","width":1181,"height":311,"caption":"DiscRepublic"},"image":{"@id":"https:\/\/discrepublic.se\/no\/#\/schema\/logo\/image\/"},"sameAs":["https:\/\/www.facebook.com\/Discrepublic","https:\/\/x.com\/DiscRepublicCom","https:\/\/www.instagram.com\/discrepubliccom\/","https:\/\/www.youtube.com\/channel\/UCOv79wfId7C_H9VSlXMT_oA"]}]}},"kroconnect":{"tax_rate":0,"price_inc_vat":{"regular_price":0},"price_ex_vat":{"regular_price":0}},"_links":{"self":[{"href":"https:\/\/discrepublic.se\/no\/wp-json\/wp\/v2\/product\/21942","targetHints":{"allow":["GET"]}}],"collection":[{"href":"https:\/\/discrepublic.se\/no\/wp-json\/wp\/v2\/product"}],"about":[{"href":"https:\/\/discrepublic.se\/no\/wp-json\/wp\/v2\/types\/product"}],"replies":[{"embeddable":true,"href":"https:\/\/discrepublic.se\/no\/wp-json\/wp\/v2\/comments?post=21942"}],"wp:featuredmedia":[{"embeddable":true,"href":"https:\/\/discrepublic.se\/no\/wp-json\/wp\/v2\/media\/24237"}],"wp:attachment":[{"href":"https:\/\/discrepublic.se\/no\/wp-json\/wp\/v2\/media?parent=21942"}],"wp:term":[{"taxonomy":"product_brand","embeddable":true,"href":"https:\/\/discrepublic.se\/no\/wp-json\/wp\/v2\/product_brand?post=21942"},{"taxonomy":"product_cat","embeddable":true,"href":"https:\/\/discrepublic.se\/no\/wp-json\/wp\/v2\/product_cat?post=21942"},{"taxonomy":"product_tag","embeddable":true,"href":"https:\/\/discrepublic.se\/no\/wp-json\/wp\/v2\/product_tag?post=21942"}],"curies":[{"name":"wp","href":"https:\/\/api.w.org\/{rel}","templated":true}]}}