{"id":21940,"date":"2017-09-03T18:36:43","date_gmt":"2017-09-03T18:36:43","guid":{"rendered":"http:\/\/188.166.58.170\/produkt\/521032-dvd-med-tryck-i-dvd-slimbox-7mm-rygg-inkl-inlaga\/"},"modified":"2023-03-01T14:15:14","modified_gmt":"2023-03-01T13:15:14","slug":"dvd-slim-boks","status":"publish","type":"product","link":"https:\/\/discrepublic.se\/no\/product\/dvd-slim-boks\/","title":{"rendered":"DVD + Slim boks"},"content":{"rendered":"<p><strong>DVD i DVD Slimbox med 7 mm rygg<\/strong><\/p>\n<p><strong> Spesifikasjon: 190x135x7mm<\/strong><\/p>\n<p>50-299ex: DVD-R inkludert kopiering. plater med s\u00f8lvunderlag av det absolutt beste DVD-materialet, Mitsui \/ MAM-A.<\/p>\n<ul>\n<li>&gt; 300ex pressede plater (DVD5\/9)<\/li>\n<li>DVD med offsettrykk i full farge.<\/li>\n<li>Kj\u00f8p for DVD + R DL \/ DVD9 (8,5 GB) i menyen<\/li>\n<li>DVD-boks 7mm i resirkulerbar plast: Innlegg 170 gr glans med fullfarge 4 + 4 offsettrykk.<\/li>\n<li>Minimumsantallet er 50ex.<\/li>\n<\/ul>\n<p><strong>Levering: <\/strong><br \/>\nVi vil fullf\u00f8re produksjonen din i l\u00f8pet av 14 arbeidsdager fra godkjenningen av beviset. Sikker og rask levering med DHL. Du kan f\u00e5 produksjon raskere med prioritert produksjon og ekspressfrakt (ca. 10 dager leveringstid) mot ekstra kostnad. Dette kan kj\u00f8pes i kassen.<\/p>\n","protected":false},"excerpt":{"rendered":"<p>LAST NED TRYKKMAL<br \/>\n<a href=\"https:\/\/discrepublic.se\/no\/\/wp-content\/uploads\/2023\/02\/SKU_521033_DVD_slimbox.pdf\" target=\"_blank\" rel=\"noopener\">DVD\/Slimboks\/Inlay<\/a><br \/>\n<a href=\"https:\/\/discrepublic.se\/no\/\/wp-content\/uploads\/2023\/02\/Booklet_DVD_boxslimboxdigipak.pdf\" target=\"_blank\" rel=\"noopener\">Hefte\/booklet<\/a><\/p>\n","protected":false},"featured_media":24284,"comment_status":"closed","ping_status":"closed","template":"","meta":{"_et_pb_use_builder":"","_et_pb_old_content":"","_et_gb_content_width":""},"product_brand":[],"product_cat":[26],"product_tag":[],"class_list":{"0":"post-21940","1":"product","2":"type-product","3":"status-publish","4":"has-post-thumbnail","6":"product_cat-dvd","7":"product_shipping_class-fraktklass-standard","9":"first","10":"instock","11":"taxable","12":"shipping-taxable","13":"purchasable","14":"product-type-simple"},"yoast_head":"<!-- This site is optimized with the Yoast SEO plugin v27.4 - https:\/\/yoast.com\/product\/yoast-seo-wordpress\/ -->\n<title>Discrepublic.com - Produksjon, kopiering, trykk og brenning av CD, DVD og vinylplater LP<\/title>\n<meta name=\"description\" content=\"Vi hjelper deg med produksjon, kopiering og pressing av CD, DVD og vinyl. N\u00e5r du vil lave CD, DVD eller vinyl, er vi et profesjonelt valg.\" \/>\n<meta name=\"robots\" content=\"index, follow, max-snippet:-1, max-image-preview:large, max-video-preview:-1\" \/>\n<link rel=\"canonical\" href=\"https:\/\/discrepublic.se\/no\/product\/dvd-slim-boks\/\" \/>\n<meta property=\"og:locale\" content=\"nb_NO\" \/>\n<meta property=\"og:type\" content=\"article\" \/>\n<meta property=\"og:title\" content=\"Discrepublic.com - Produksjon, kopiering, trykk og brenning av CD, DVD og vinylplater LP\" \/>\n<meta property=\"og:description\" content=\"Vi hjelper deg med produksjon, kopiering og pressing av CD, DVD og vinyl. N\u00e5r du vil lave CD, DVD eller vinyl, er vi et profesjonelt valg.\" \/>\n<meta property=\"og:url\" content=\"https:\/\/discrepublic.se\/no\/product\/dvd-slim-boks\/\" \/>\n<meta property=\"og:site_name\" content=\"DiscRepublic\" \/>\n<meta property=\"article:publisher\" content=\"https:\/\/www.facebook.com\/Discrepublic\" \/>\n<meta property=\"article:modified_time\" content=\"2023-03-01T13:15:14+00:00\" \/>\n<meta property=\"og:image\" content=\"https:\/\/discrepublic.se\/no\/wp-content\/uploads\/2017\/09\/521033__DVD_slimbox_Ola_skinnarmo_1200x900pxl.png\" \/>\n\t<meta property=\"og:image:width\" content=\"1200\" \/>\n\t<meta property=\"og:image:height\" content=\"900\" \/>\n\t<meta property=\"og:image:type\" content=\"image\/png\" \/>\n<meta name=\"twitter:card\" content=\"summary_large_image\" \/>\n<meta name=\"twitter:site\" content=\"@DiscRepublicCom\" \/>\n<meta name=\"twitter:label1\" content=\"Ansl. lesetid\" \/>\n\t<meta name=\"twitter:data1\" content=\"1 minutt\" \/>\n<script type=\"application\/ld+json\" class=\"yoast-schema-graph\">{\"@context\":\"https:\\\/\\\/schema.org\",\"@graph\":[{\"@type\":\"WebPage\",\"@id\":\"https:\\\/\\\/discrepublic.se\\\/no\\\/product\\\/dvd-slim-boks\\\/\",\"url\":\"https:\\\/\\\/discrepublic.se\\\/no\\\/product\\\/dvd-slim-boks\\\/\",\"name\":\"Discrepublic.com - Produksjon, kopiering, trykk og brenning av CD, DVD og vinylplater LP\",\"isPartOf\":{\"@id\":\"https:\\\/\\\/discrepublic.se\\\/no\\\/#website\"},\"primaryImageOfPage\":{\"@id\":\"https:\\\/\\\/discrepublic.se\\\/no\\\/product\\\/dvd-slim-boks\\\/#primaryimage\"},\"image\":{\"@id\":\"https:\\\/\\\/discrepublic.se\\\/no\\\/product\\\/dvd-slim-boks\\\/#primaryimage\"},\"thumbnailUrl\":\"https:\\\/\\\/discrepublic.se\\\/no\\\/wp-content\\\/uploads\\\/2017\\\/09\\\/521033__DVD_slimbox_Ola_skinnarmo_1200x900pxl.png\",\"datePublished\":\"2017-09-03T18:36:43+00:00\",\"dateModified\":\"2023-03-01T13:15:14+00:00\",\"description\":\"Vi hjelper deg med produksjon, kopiering og pressing av CD, DVD og vinyl. N\u00e5r du vil lave CD, DVD eller vinyl, er vi et profesjonelt valg.\",\"breadcrumb\":{\"@id\":\"https:\\\/\\\/discrepublic.se\\\/no\\\/product\\\/dvd-slim-boks\\\/#breadcrumb\"},\"inLanguage\":\"nb-NO\",\"potentialAction\":[{\"@type\":\"ReadAction\",\"target\":[\"https:\\\/\\\/discrepublic.se\\\/no\\\/product\\\/dvd-slim-boks\\\/\"]}]},{\"@type\":\"ImageObject\",\"inLanguage\":\"nb-NO\",\"@id\":\"https:\\\/\\\/discrepublic.se\\\/no\\\/product\\\/dvd-slim-boks\\\/#primaryimage\",\"url\":\"https:\\\/\\\/discrepublic.se\\\/no\\\/wp-content\\\/uploads\\\/2017\\\/09\\\/521033__DVD_slimbox_Ola_skinnarmo_1200x900pxl.png\",\"contentUrl\":\"https:\\\/\\\/discrepublic.se\\\/no\\\/wp-content\\\/uploads\\\/2017\\\/09\\\/521033__DVD_slimbox_Ola_skinnarmo_1200x900pxl.png\",\"width\":1200,\"height\":900},{\"@type\":\"BreadcrumbList\",\"@id\":\"https:\\\/\\\/discrepublic.se\\\/no\\\/product\\\/dvd-slim-boks\\\/#breadcrumb\",\"itemListElement\":[{\"@type\":\"ListItem\",\"position\":1,\"name\":\"Home\",\"item\":\"https:\\\/\\\/discrepublic.se\\\/no\\\/\"},{\"@type\":\"ListItem\",\"position\":2,\"name\":\"Hem\",\"item\":\"https:\\\/\\\/discrepublic.se\\\/no\\\/\"},{\"@type\":\"ListItem\",\"position\":3,\"name\":\"DVD + Slim boks\"}]},{\"@type\":\"WebSite\",\"@id\":\"https:\\\/\\\/discrepublic.se\\\/no\\\/#website\",\"url\":\"https:\\\/\\\/discrepublic.se\\\/no\\\/\",\"name\":\"DiscRepublic\",\"description\":\"Nettbutikk for CD-, DVD- og Vinyl-produksjoner, digital distribusjon og grafisk layout.\",\"publisher\":{\"@id\":\"https:\\\/\\\/discrepublic.se\\\/no\\\/#organization\"},\"potentialAction\":[{\"@type\":\"SearchAction\",\"target\":{\"@type\":\"EntryPoint\",\"urlTemplate\":\"https:\\\/\\\/discrepublic.se\\\/no\\\/?s={search_term_string}\"},\"query-input\":{\"@type\":\"PropertyValueSpecification\",\"valueRequired\":true,\"valueName\":\"search_term_string\"}}],\"inLanguage\":\"nb-NO\"},{\"@type\":\"Organization\",\"@id\":\"https:\\\/\\\/discrepublic.se\\\/no\\\/#organization\",\"name\":\"DiscRepublic\",\"url\":\"https:\\\/\\\/discrepublic.se\\\/no\\\/\",\"logo\":{\"@type\":\"ImageObject\",\"inLanguage\":\"nb-NO\",\"@id\":\"https:\\\/\\\/discrepublic.se\\\/no\\\/#\\\/schema\\\/logo\\\/image\\\/\",\"url\":\"https:\\\/\\\/discrepublic.se\\\/no\\\/\\\/wp-content\\\/uploads\\\/2023\\\/05\\\/discrepublic-logo-gold.png\",\"contentUrl\":\"https:\\\/\\\/discrepublic.se\\\/no\\\/\\\/wp-content\\\/uploads\\\/2023\\\/05\\\/discrepublic-logo-gold.png\",\"width\":1181,\"height\":311,\"caption\":\"DiscRepublic\"},\"image\":{\"@id\":\"https:\\\/\\\/discrepublic.se\\\/no\\\/#\\\/schema\\\/logo\\\/image\\\/\"},\"sameAs\":[\"https:\\\/\\\/www.facebook.com\\\/Discrepublic\",\"https:\\\/\\\/x.com\\\/DiscRepublicCom\",\"https:\\\/\\\/www.instagram.com\\\/discrepubliccom\\\/\",\"https:\\\/\\\/www.youtube.com\\\/channel\\\/UCOv79wfId7C_H9VSlXMT_oA\"]}]}<\/script>\n<!-- \/ Yoast SEO plugin. -->","yoast_head_json":{"title":"Discrepublic.com - Produksjon, kopiering, trykk og brenning av CD, DVD og vinylplater LP","description":"Vi hjelper deg med produksjon, kopiering og pressing av CD, DVD og vinyl. N\u00e5r du vil lave CD, DVD eller vinyl, er vi et profesjonelt valg.","robots":{"index":"index","follow":"follow","max-snippet":"max-snippet:-1","max-image-preview":"max-image-preview:large","max-video-preview":"max-video-preview:-1"},"canonical":"https:\/\/discrepublic.se\/no\/product\/dvd-slim-boks\/","og_locale":"nb_NO","og_type":"article","og_title":"Discrepublic.com - Produksjon, kopiering, trykk og brenning av CD, DVD og vinylplater LP","og_description":"Vi hjelper deg med produksjon, kopiering og pressing av CD, DVD og vinyl. N\u00e5r du vil lave CD, DVD eller vinyl, er vi et profesjonelt valg.","og_url":"https:\/\/discrepublic.se\/no\/product\/dvd-slim-boks\/","og_site_name":"DiscRepublic","article_publisher":"https:\/\/www.facebook.com\/Discrepublic","article_modified_time":"2023-03-01T13:15:14+00:00","og_image":[{"width":1200,"height":900,"url":"https:\/\/discrepublic.se\/no\/wp-content\/uploads\/2017\/09\/521033__DVD_slimbox_Ola_skinnarmo_1200x900pxl.png","type":"image\/png"}],"twitter_card":"summary_large_image","twitter_site":"@DiscRepublicCom","twitter_misc":{"Ansl. lesetid":"1 minutt"},"schema":{"@context":"https:\/\/schema.org","@graph":[{"@type":"WebPage","@id":"https:\/\/discrepublic.se\/no\/product\/dvd-slim-boks\/","url":"https:\/\/discrepublic.se\/no\/product\/dvd-slim-boks\/","name":"Discrepublic.com - Produksjon, kopiering, trykk og brenning av CD, DVD og vinylplater LP","isPartOf":{"@id":"https:\/\/discrepublic.se\/no\/#website"},"primaryImageOfPage":{"@id":"https:\/\/discrepublic.se\/no\/product\/dvd-slim-boks\/#primaryimage"},"image":{"@id":"https:\/\/discrepublic.se\/no\/product\/dvd-slim-boks\/#primaryimage"},"thumbnailUrl":"https:\/\/discrepublic.se\/no\/wp-content\/uploads\/2017\/09\/521033__DVD_slimbox_Ola_skinnarmo_1200x900pxl.png","datePublished":"2017-09-03T18:36:43+00:00","dateModified":"2023-03-01T13:15:14+00:00","description":"Vi hjelper deg med produksjon, kopiering og pressing av CD, DVD og vinyl. N\u00e5r du vil lave CD, DVD eller vinyl, er vi et profesjonelt valg.","breadcrumb":{"@id":"https:\/\/discrepublic.se\/no\/product\/dvd-slim-boks\/#breadcrumb"},"inLanguage":"nb-NO","potentialAction":[{"@type":"ReadAction","target":["https:\/\/discrepublic.se\/no\/product\/dvd-slim-boks\/"]}]},{"@type":"ImageObject","inLanguage":"nb-NO","@id":"https:\/\/discrepublic.se\/no\/product\/dvd-slim-boks\/#primaryimage","url":"https:\/\/discrepublic.se\/no\/wp-content\/uploads\/2017\/09\/521033__DVD_slimbox_Ola_skinnarmo_1200x900pxl.png","contentUrl":"https:\/\/discrepublic.se\/no\/wp-content\/uploads\/2017\/09\/521033__DVD_slimbox_Ola_skinnarmo_1200x900pxl.png","width":1200,"height":900},{"@type":"BreadcrumbList","@id":"https:\/\/discrepublic.se\/no\/product\/dvd-slim-boks\/#breadcrumb","itemListElement":[{"@type":"ListItem","position":1,"name":"Home","item":"https:\/\/discrepublic.se\/no\/"},{"@type":"ListItem","position":2,"name":"Hem","item":"https:\/\/discrepublic.se\/no\/"},{"@type":"ListItem","position":3,"name":"DVD + Slim boks"}]},{"@type":"WebSite","@id":"https:\/\/discrepublic.se\/no\/#website","url":"https:\/\/discrepublic.se\/no\/","name":"DiscRepublic","description":"Nettbutikk for CD-, DVD- og Vinyl-produksjoner, digital distribusjon og grafisk layout.","publisher":{"@id":"https:\/\/discrepublic.se\/no\/#organization"},"potentialAction":[{"@type":"SearchAction","target":{"@type":"EntryPoint","urlTemplate":"https:\/\/discrepublic.se\/no\/?s={search_term_string}"},"query-input":{"@type":"PropertyValueSpecification","valueRequired":true,"valueName":"search_term_string"}}],"inLanguage":"nb-NO"},{"@type":"Organization","@id":"https:\/\/discrepublic.se\/no\/#organization","name":"DiscRepublic","url":"https:\/\/discrepublic.se\/no\/","logo":{"@type":"ImageObject","inLanguage":"nb-NO","@id":"https:\/\/discrepublic.se\/no\/#\/schema\/logo\/image\/","url":"https:\/\/discrepublic.se\/no\/\/wp-content\/uploads\/2023\/05\/discrepublic-logo-gold.png","contentUrl":"https:\/\/discrepublic.se\/no\/\/wp-content\/uploads\/2023\/05\/discrepublic-logo-gold.png","width":1181,"height":311,"caption":"DiscRepublic"},"image":{"@id":"https:\/\/discrepublic.se\/no\/#\/schema\/logo\/image\/"},"sameAs":["https:\/\/www.facebook.com\/Discrepublic","https:\/\/x.com\/DiscRepublicCom","https:\/\/www.instagram.com\/discrepubliccom\/","https:\/\/www.youtube.com\/channel\/UCOv79wfId7C_H9VSlXMT_oA"]}]}},"kroconnect":{"tax_rate":0,"price_inc_vat":{"regular_price":0},"price_ex_vat":{"regular_price":0}},"_links":{"self":[{"href":"https:\/\/discrepublic.se\/no\/wp-json\/wp\/v2\/product\/21940","targetHints":{"allow":["GET"]}}],"collection":[{"href":"https:\/\/discrepublic.se\/no\/wp-json\/wp\/v2\/product"}],"about":[{"href":"https:\/\/discrepublic.se\/no\/wp-json\/wp\/v2\/types\/product"}],"replies":[{"embeddable":true,"href":"https:\/\/discrepublic.se\/no\/wp-json\/wp\/v2\/comments?post=21940"}],"wp:featuredmedia":[{"embeddable":true,"href":"https:\/\/discrepublic.se\/no\/wp-json\/wp\/v2\/media\/24284"}],"wp:attachment":[{"href":"https:\/\/discrepublic.se\/no\/wp-json\/wp\/v2\/media?parent=21940"}],"wp:term":[{"taxonomy":"product_brand","embeddable":true,"href":"https:\/\/discrepublic.se\/no\/wp-json\/wp\/v2\/product_brand?post=21940"},{"taxonomy":"product_cat","embeddable":true,"href":"https:\/\/discrepublic.se\/no\/wp-json\/wp\/v2\/product_cat?post=21940"},{"taxonomy":"product_tag","embeddable":true,"href":"https:\/\/discrepublic.se\/no\/wp-json\/wp\/v2\/product_tag?post=21940"}],"curies":[{"name":"wp","href":"https:\/\/api.w.org\/{rel}","templated":true}]}}