{"id":21875,"date":"2017-09-03T18:36:36","date_gmt":"2017-09-03T18:36:36","guid":{"rendered":"http:\/\/188.166.58.170\/produkt\/512903-cd-med-tryck-i-6-sidig-digipak-fran-100ex\/"},"modified":"2026-01-23T13:36:00","modified_gmt":"2026-01-23T12:36:00","slug":"cd-6-sid-digipak","status":"publish","type":"product","link":"https:\/\/discrepublic.se\/no\/product\/cd-6-sid-digipak\/","title":{"rendered":"CD + 6 sid Digipak"},"content":{"rendered":"<h6>6-sidig digipak<\/h6>\n<p>Omslaget for v\u00e5r 6-siders digipak trykkes, akkurat som v\u00e5r 4-siders digipak, p\u00e5 240 g kvalitetspapir som gj\u00f8r det sv\u00e6rt holdbart samtidig som det gir en eksklusiv f\u00f8lelse. CD-platen plasseres i en plasttray som i standardutf\u00f8relse limes fast p\u00e5 innsiden av midtpanelet. Denne varianten kalles 6-siders fordi du har seks trykkbare flater. Tre ytre paneler: forside, bakside og et tredje panel som brettes inn, samt to smale rygger som ofte inneholder tittelinformasjon i liten skrift. Tre indre paneler: venstre, midt (som ligger under CD-platen) og h\u00f8yre. Du kan velge om du vil ha med eller uten hefte, og om dette skal plasseres i en lomme eller i en utsk\u00e5ret spalte.<\/p>\n<p>Du velger ogs\u00e5 om du vil ha matt eller blank laminering. Merk at matt laminering er litt mer sensitiv ved h\u00e5ndtering og at det lettere oppst\u00e5r sm\u00e5 merker, spesielt p\u00e5 m\u00f8rke omslag.<\/p>\n<p>Hvis du \u00f8nsker \u00e5 oppgradere produksjonen med mer plass til design og informasjon, anbefaler vi v\u00e5r innbundne bok for CD. Den har et luksuri\u00f8st omslag med harde permer og plass til tekst p\u00e5 valgfritt antall sider, samt CD-en som limes fast p\u00e5 innsiden av bakre omslag. Du finner v\u00e5r innbundne bok <span style=\"text-decoration: underline;\"><a href=\"https:\/\/discrepublic.se\/no\/product\/cd-innbundet-bok\/\">her<\/a><\/span>.<\/p>\n[et_pb_section global_module=\"262075\"][\/et_pb_section]\n","protected":false},"excerpt":{"rendered":"<p>LAST NED TRYKKMAL<br \/>\n<a href=\"https:\/\/discrepublic.se\/no\/\/wp-content\/uploads\/2023\/02\/SKU_512906_6p_digipak.pdf\" target=\"_blank\" rel=\"noopener\">CD\/6 sid Digipak<\/a><br \/>\n<a href=\"https:\/\/discrepublic.se\/no\/\/wp-content\/uploads\/2023\/02\/SKU_512906_6p_digipak_x2_disc.pdf\" target=\"_blank\" rel=\"noopener\">2x CD\/6 sid Digipak<\/a><br \/>\n<a href=\"https:\/\/discrepublic.se\/no\/\/wp-content\/uploads\/2023\/02\/SKU_512906_6p_digipak_x1_pocket.pdf\" target=\"_blank\" rel=\"noopener\">CD\/6 sid Digipak(Hefte\/lomme\u00e5pning fra utsiden)<\/a><br \/>\n<a href=\"https:\/\/discrepublic.se\/no\/\/wp-content\/uploads\/2023\/02\/SKU_512906_6p_digipak_x1_cut.pdf\" target=\"_blank\" rel=\"noopener\">CD\/6 sid Digipak (Hefte\/Hakk)<\/a><br \/>\n<a href=\"https:\/\/discrepublic.se\/no\/\/wp-content\/uploads\/2023\/02\/Booklet_118x118.pdf\" target=\"_blank\" rel=\"noopener\">Hefte\/booklet<\/a><\/p>\n","protected":false},"featured_media":13957,"comment_status":"closed","ping_status":"closed","template":"","meta":{"_et_pb_use_builder":"","_et_pb_old_content":"","_et_gb_content_width":""},"product_brand":[],"product_cat":[24],"product_tag":[],"class_list":{"0":"post-21875","1":"product","2":"type-product","3":"status-publish","4":"has-post-thumbnail","6":"product_cat-cd","7":"product_shipping_class-fraktklass-standard","9":"first","10":"instock","11":"taxable","12":"shipping-taxable","13":"purchasable","14":"product-type-simple"},"yoast_head":"<!-- This site is optimized with the Yoast SEO plugin v27.4 - https:\/\/yoast.com\/product\/yoast-seo-wordpress\/ -->\n<title>CD 6-siders Digipak \u2013 CD-pressing \u2013 CD-produksjon - Discrepublic<\/title>\n<meta name=\"description\" content=\"CD-plate pluss 6-siders Digipak. Et album som er popul\u00e6rt blant fans, med plass til to CD-plater og en booklet. Bestill din produksjon av CD + 6-sid Digipak\" \/>\n<meta name=\"robots\" content=\"index, follow, max-snippet:-1, max-image-preview:large, max-video-preview:-1\" \/>\n<link rel=\"canonical\" href=\"https:\/\/discrepublic.se\/no\/product\/cd-6-sid-digipak\/\" \/>\n<meta property=\"og:locale\" content=\"nb_NO\" \/>\n<meta property=\"og:type\" content=\"article\" \/>\n<meta property=\"og:title\" content=\"CD 6-siders Digipak \u2013 CD-pressing \u2013 CD-produksjon - Discrepublic\" \/>\n<meta property=\"og:description\" content=\"CD-plate pluss 6-siders Digipak. Et album som er popul\u00e6rt blant fans, med plass til to CD-plater og en booklet. Bestill din produksjon av CD + 6-sid Digipak\" \/>\n<meta property=\"og:url\" content=\"https:\/\/discrepublic.se\/no\/product\/cd-6-sid-digipak\/\" \/>\n<meta property=\"og:site_name\" content=\"DiscRepublic\" \/>\n<meta property=\"article:publisher\" content=\"https:\/\/www.facebook.com\/Discrepublic\" \/>\n<meta property=\"article:modified_time\" content=\"2026-01-23T12:36:00+00:00\" \/>\n<meta property=\"og:image\" content=\"https:\/\/discrepublic.se\/no\/wp-content\/uploads\/2017\/05\/512906_2_6_pages_digipak-kopia.jpg\" \/>\n\t<meta property=\"og:image:width\" content=\"1200\" \/>\n\t<meta property=\"og:image:height\" content=\"900\" \/>\n\t<meta property=\"og:image:type\" content=\"image\/jpeg\" \/>\n<meta name=\"twitter:card\" content=\"summary_large_image\" \/>\n<meta name=\"twitter:site\" content=\"@DiscRepublicCom\" \/>\n<meta name=\"twitter:label1\" content=\"Ansl. lesetid\" \/>\n\t<meta name=\"twitter:data1\" content=\"2 minutter\" \/>\n<script type=\"application\/ld+json\" class=\"yoast-schema-graph\">{\"@context\":\"https:\\\/\\\/schema.org\",\"@graph\":[{\"@type\":\"WebPage\",\"@id\":\"https:\\\/\\\/discrepublic.se\\\/no\\\/product\\\/cd-6-sid-digipak\\\/\",\"url\":\"https:\\\/\\\/discrepublic.se\\\/no\\\/product\\\/cd-6-sid-digipak\\\/\",\"name\":\"CD 6-siders Digipak \u2013 CD-pressing \u2013 CD-produksjon - Discrepublic\",\"isPartOf\":{\"@id\":\"https:\\\/\\\/discrepublic.se\\\/no\\\/#website\"},\"primaryImageOfPage\":{\"@id\":\"https:\\\/\\\/discrepublic.se\\\/no\\\/product\\\/cd-6-sid-digipak\\\/#primaryimage\"},\"image\":{\"@id\":\"https:\\\/\\\/discrepublic.se\\\/no\\\/product\\\/cd-6-sid-digipak\\\/#primaryimage\"},\"thumbnailUrl\":\"https:\\\/\\\/discrepublic.se\\\/no\\\/wp-content\\\/uploads\\\/2017\\\/05\\\/512906_2_6_pages_digipak-kopia.jpg\",\"datePublished\":\"2017-09-03T18:36:36+00:00\",\"dateModified\":\"2026-01-23T12:36:00+00:00\",\"description\":\"CD-plate pluss 6-siders Digipak. Et album som er popul\u00e6rt blant fans, med plass til to CD-plater og en booklet. Bestill din produksjon av CD + 6-sid Digipak\",\"breadcrumb\":{\"@id\":\"https:\\\/\\\/discrepublic.se\\\/no\\\/product\\\/cd-6-sid-digipak\\\/#breadcrumb\"},\"inLanguage\":\"nb-NO\",\"potentialAction\":[{\"@type\":\"ReadAction\",\"target\":[\"https:\\\/\\\/discrepublic.se\\\/no\\\/product\\\/cd-6-sid-digipak\\\/\"]}]},{\"@type\":\"ImageObject\",\"inLanguage\":\"nb-NO\",\"@id\":\"https:\\\/\\\/discrepublic.se\\\/no\\\/product\\\/cd-6-sid-digipak\\\/#primaryimage\",\"url\":\"https:\\\/\\\/discrepublic.se\\\/no\\\/wp-content\\\/uploads\\\/2017\\\/05\\\/512906_2_6_pages_digipak-kopia.jpg\",\"contentUrl\":\"https:\\\/\\\/discrepublic.se\\\/no\\\/wp-content\\\/uploads\\\/2017\\\/05\\\/512906_2_6_pages_digipak-kopia.jpg\",\"width\":1200,\"height\":900},{\"@type\":\"BreadcrumbList\",\"@id\":\"https:\\\/\\\/discrepublic.se\\\/no\\\/product\\\/cd-6-sid-digipak\\\/#breadcrumb\",\"itemListElement\":[{\"@type\":\"ListItem\",\"position\":1,\"name\":\"Home\",\"item\":\"https:\\\/\\\/discrepublic.se\\\/no\\\/\"},{\"@type\":\"ListItem\",\"position\":2,\"name\":\"Hem\",\"item\":\"https:\\\/\\\/discrepublic.se\\\/no\\\/\"},{\"@type\":\"ListItem\",\"position\":3,\"name\":\"CD + 6 sid Digipak\"}]},{\"@type\":\"WebSite\",\"@id\":\"https:\\\/\\\/discrepublic.se\\\/no\\\/#website\",\"url\":\"https:\\\/\\\/discrepublic.se\\\/no\\\/\",\"name\":\"DiscRepublic\",\"description\":\"Nettbutikk for CD-, DVD- og Vinyl-produksjoner, digital distribusjon og grafisk layout.\",\"publisher\":{\"@id\":\"https:\\\/\\\/discrepublic.se\\\/no\\\/#organization\"},\"potentialAction\":[{\"@type\":\"SearchAction\",\"target\":{\"@type\":\"EntryPoint\",\"urlTemplate\":\"https:\\\/\\\/discrepublic.se\\\/no\\\/?s={search_term_string}\"},\"query-input\":{\"@type\":\"PropertyValueSpecification\",\"valueRequired\":true,\"valueName\":\"search_term_string\"}}],\"inLanguage\":\"nb-NO\"},{\"@type\":\"Organization\",\"@id\":\"https:\\\/\\\/discrepublic.se\\\/no\\\/#organization\",\"name\":\"DiscRepublic\",\"url\":\"https:\\\/\\\/discrepublic.se\\\/no\\\/\",\"logo\":{\"@type\":\"ImageObject\",\"inLanguage\":\"nb-NO\",\"@id\":\"https:\\\/\\\/discrepublic.se\\\/no\\\/#\\\/schema\\\/logo\\\/image\\\/\",\"url\":\"https:\\\/\\\/discrepublic.se\\\/no\\\/\\\/wp-content\\\/uploads\\\/2023\\\/05\\\/discrepublic-logo-gold.png\",\"contentUrl\":\"https:\\\/\\\/discrepublic.se\\\/no\\\/\\\/wp-content\\\/uploads\\\/2023\\\/05\\\/discrepublic-logo-gold.png\",\"width\":1181,\"height\":311,\"caption\":\"DiscRepublic\"},\"image\":{\"@id\":\"https:\\\/\\\/discrepublic.se\\\/no\\\/#\\\/schema\\\/logo\\\/image\\\/\"},\"sameAs\":[\"https:\\\/\\\/www.facebook.com\\\/Discrepublic\",\"https:\\\/\\\/x.com\\\/DiscRepublicCom\",\"https:\\\/\\\/www.instagram.com\\\/discrepubliccom\\\/\",\"https:\\\/\\\/www.youtube.com\\\/channel\\\/UCOv79wfId7C_H9VSlXMT_oA\"]}]}<\/script>\n<!-- \/ Yoast SEO plugin. -->","yoast_head_json":{"title":"CD 6-siders Digipak \u2013 CD-pressing \u2013 CD-produksjon - Discrepublic","description":"CD-plate pluss 6-siders Digipak. Et album som er popul\u00e6rt blant fans, med plass til to CD-plater og en booklet. Bestill din produksjon av CD + 6-sid Digipak","robots":{"index":"index","follow":"follow","max-snippet":"max-snippet:-1","max-image-preview":"max-image-preview:large","max-video-preview":"max-video-preview:-1"},"canonical":"https:\/\/discrepublic.se\/no\/product\/cd-6-sid-digipak\/","og_locale":"nb_NO","og_type":"article","og_title":"CD 6-siders Digipak \u2013 CD-pressing \u2013 CD-produksjon - Discrepublic","og_description":"CD-plate pluss 6-siders Digipak. Et album som er popul\u00e6rt blant fans, med plass til to CD-plater og en booklet. Bestill din produksjon av CD + 6-sid Digipak","og_url":"https:\/\/discrepublic.se\/no\/product\/cd-6-sid-digipak\/","og_site_name":"DiscRepublic","article_publisher":"https:\/\/www.facebook.com\/Discrepublic","article_modified_time":"2026-01-23T12:36:00+00:00","og_image":[{"width":1200,"height":900,"url":"https:\/\/discrepublic.se\/no\/wp-content\/uploads\/2017\/05\/512906_2_6_pages_digipak-kopia.jpg","type":"image\/jpeg"}],"twitter_card":"summary_large_image","twitter_site":"@DiscRepublicCom","twitter_misc":{"Ansl. lesetid":"2 minutter"},"schema":{"@context":"https:\/\/schema.org","@graph":[{"@type":"WebPage","@id":"https:\/\/discrepublic.se\/no\/product\/cd-6-sid-digipak\/","url":"https:\/\/discrepublic.se\/no\/product\/cd-6-sid-digipak\/","name":"CD 6-siders Digipak \u2013 CD-pressing \u2013 CD-produksjon - Discrepublic","isPartOf":{"@id":"https:\/\/discrepublic.se\/no\/#website"},"primaryImageOfPage":{"@id":"https:\/\/discrepublic.se\/no\/product\/cd-6-sid-digipak\/#primaryimage"},"image":{"@id":"https:\/\/discrepublic.se\/no\/product\/cd-6-sid-digipak\/#primaryimage"},"thumbnailUrl":"https:\/\/discrepublic.se\/no\/wp-content\/uploads\/2017\/05\/512906_2_6_pages_digipak-kopia.jpg","datePublished":"2017-09-03T18:36:36+00:00","dateModified":"2026-01-23T12:36:00+00:00","description":"CD-plate pluss 6-siders Digipak. Et album som er popul\u00e6rt blant fans, med plass til to CD-plater og en booklet. Bestill din produksjon av CD + 6-sid Digipak","breadcrumb":{"@id":"https:\/\/discrepublic.se\/no\/product\/cd-6-sid-digipak\/#breadcrumb"},"inLanguage":"nb-NO","potentialAction":[{"@type":"ReadAction","target":["https:\/\/discrepublic.se\/no\/product\/cd-6-sid-digipak\/"]}]},{"@type":"ImageObject","inLanguage":"nb-NO","@id":"https:\/\/discrepublic.se\/no\/product\/cd-6-sid-digipak\/#primaryimage","url":"https:\/\/discrepublic.se\/no\/wp-content\/uploads\/2017\/05\/512906_2_6_pages_digipak-kopia.jpg","contentUrl":"https:\/\/discrepublic.se\/no\/wp-content\/uploads\/2017\/05\/512906_2_6_pages_digipak-kopia.jpg","width":1200,"height":900},{"@type":"BreadcrumbList","@id":"https:\/\/discrepublic.se\/no\/product\/cd-6-sid-digipak\/#breadcrumb","itemListElement":[{"@type":"ListItem","position":1,"name":"Home","item":"https:\/\/discrepublic.se\/no\/"},{"@type":"ListItem","position":2,"name":"Hem","item":"https:\/\/discrepublic.se\/no\/"},{"@type":"ListItem","position":3,"name":"CD + 6 sid Digipak"}]},{"@type":"WebSite","@id":"https:\/\/discrepublic.se\/no\/#website","url":"https:\/\/discrepublic.se\/no\/","name":"DiscRepublic","description":"Nettbutikk for CD-, DVD- og Vinyl-produksjoner, digital distribusjon og grafisk layout.","publisher":{"@id":"https:\/\/discrepublic.se\/no\/#organization"},"potentialAction":[{"@type":"SearchAction","target":{"@type":"EntryPoint","urlTemplate":"https:\/\/discrepublic.se\/no\/?s={search_term_string}"},"query-input":{"@type":"PropertyValueSpecification","valueRequired":true,"valueName":"search_term_string"}}],"inLanguage":"nb-NO"},{"@type":"Organization","@id":"https:\/\/discrepublic.se\/no\/#organization","name":"DiscRepublic","url":"https:\/\/discrepublic.se\/no\/","logo":{"@type":"ImageObject","inLanguage":"nb-NO","@id":"https:\/\/discrepublic.se\/no\/#\/schema\/logo\/image\/","url":"https:\/\/discrepublic.se\/no\/\/wp-content\/uploads\/2023\/05\/discrepublic-logo-gold.png","contentUrl":"https:\/\/discrepublic.se\/no\/\/wp-content\/uploads\/2023\/05\/discrepublic-logo-gold.png","width":1181,"height":311,"caption":"DiscRepublic"},"image":{"@id":"https:\/\/discrepublic.se\/no\/#\/schema\/logo\/image\/"},"sameAs":["https:\/\/www.facebook.com\/Discrepublic","https:\/\/x.com\/DiscRepublicCom","https:\/\/www.instagram.com\/discrepubliccom\/","https:\/\/www.youtube.com\/channel\/UCOv79wfId7C_H9VSlXMT_oA"]}]}},"kroconnect":{"tax_rate":0,"price_inc_vat":{"regular_price":0},"price_ex_vat":{"regular_price":0}},"_links":{"self":[{"href":"https:\/\/discrepublic.se\/no\/wp-json\/wp\/v2\/product\/21875","targetHints":{"allow":["GET"]}}],"collection":[{"href":"https:\/\/discrepublic.se\/no\/wp-json\/wp\/v2\/product"}],"about":[{"href":"https:\/\/discrepublic.se\/no\/wp-json\/wp\/v2\/types\/product"}],"replies":[{"embeddable":true,"href":"https:\/\/discrepublic.se\/no\/wp-json\/wp\/v2\/comments?post=21875"}],"wp:featuredmedia":[{"embeddable":true,"href":"https:\/\/discrepublic.se\/no\/wp-json\/wp\/v2\/media\/13957"}],"wp:attachment":[{"href":"https:\/\/discrepublic.se\/no\/wp-json\/wp\/v2\/media?parent=21875"}],"wp:term":[{"taxonomy":"product_brand","embeddable":true,"href":"https:\/\/discrepublic.se\/no\/wp-json\/wp\/v2\/product_brand?post=21875"},{"taxonomy":"product_cat","embeddable":true,"href":"https:\/\/discrepublic.se\/no\/wp-json\/wp\/v2\/product_cat?post=21875"},{"taxonomy":"product_tag","embeddable":true,"href":"https:\/\/discrepublic.se\/no\/wp-json\/wp\/v2\/product_tag?post=21875"}],"curies":[{"name":"wp","href":"https:\/\/api.w.org\/{rel}","templated":true}]}}