{"id":21871,"date":"2017-09-03T18:36:36","date_gmt":"2017-09-03T18:36:36","guid":{"rendered":"http:\/\/188.166.58.170\/produkt\/512805-cd-4-sid-digifile\/"},"modified":"2026-01-23T13:35:04","modified_gmt":"2026-01-23T12:35:04","slug":"cd-4-sid-digifile-digisleeve","status":"publish","type":"product","link":"https:\/\/discrepublic.se\/no\/product\/cd-4-sid-digifile-digisleeve\/","title":{"rendered":"CD + 4 sid Digifile\/Digisleeve"},"content":{"rendered":"<h6>4-sidig digifile<\/h6>\n<p>CD-platen plasseres i et utsnitt p\u00e5 omslagets h\u00f8yre innside eller i en lomme (digisleeve). Denne varianten kalles 4-sidig fordi du har fire trykkbare flater: forside, bakside, venstre innside og h\u00f8yre innside. Den smale ryggen egner seg ikke for trykt tekst. Du kan velge med eller uten hefte. Hvis du velger digifile med hefte, kan det plasseres enten i en lomme eller i et utsk\u00e5ret spor \u2013 du bestemmer!<br \/>\nDu velger ogs\u00e5 om du vil ha matt eller blank laminering (ingen prisforskjell). Merk at matt laminering er litt mer f\u00f8lsomt ved h\u00e5ndtering, og sm\u00e5 merker oppst\u00e5r lettere, spesielt p\u00e5 m\u00f8rke omslag.<br \/>\nHvis du vil oppgradere produksjonen din med mer plass for design og informasjon, anbefaler vi den 6-sidige digifilen. Den har to ekstra trykkbare flater for et enda mer eksklusivt uttrykk. Du finner v\u00e5r 6-sidige digifile <span style=\"text-decoration: underline;\"><a href=\"https:\/\/skivtryck.se\/product\/cd-6-sid-digifile\/\">her<\/a><\/span>.<\/p>\n[et_pb_section global_module=\"262075\"][\/et_pb_section]\n","protected":false},"excerpt":{"rendered":"<p>LAST NED TRYKKMAL<br \/>\n<a href=\"https:\/\/discrepublic.se\/no\/\/wp-content\/uploads\/2023\/02\/SKU_512805_4p_digifile_x1_cut.pdf\" target=\"_blank\" rel=\"noopener\">CD\/4 sid Digifile<\/a><br \/>\n<a href=\"https:\/\/discrepublic.se\/no\/\/wp-content\/uploads\/2023\/02\/SKU_512805_4p_digifile_x2_cut_discbooklet.pdf\" target=\"_blank\" rel=\"noopener\">CD\/4 sid Digifile (booklet\/hakk)<\/a><br \/>\n<a href=\"https:\/\/discrepublic.se\/no\/\/wp-content\/uploads\/2023\/02\/SKU_512805_4p_digifile_x1_pocket_outside.pdf\" target=\"_blank\" rel=\"noopener\">CD\/4 sid Digisleeve (lomme\u00e5pning fra utsiden)<\/a><br \/>\n<a href=\"https:\/\/discrepublic.se\/no\/\/wp-content\/uploads\/2023\/02\/SKU_512805_4p_digifile_x1_pocket_inside.pdf\" target=\"_blank\" rel=\"noopener\">CD\/4 sid Digisleeve (lomme\u00e5pning fra innsiden)<\/a><br \/>\n<a href=\"https:\/\/discrepublic.se\/no\/\/wp-content\/uploads\/2023\/02\/SKU_512805_4p_digifile_x2_pocket_outside_thumbgrip.pdf\" target=\"_blank\" rel=\"noopener noreferrer\">CD\/4 sid Digisleeve (2x lomme\u00e5pning fra utsiden)<\/a><br \/>\n<a href=\"https:\/\/discrepublic.se\/no\/\/wp-content\/uploads\/2023\/02\/Booklet_118x118.pdf\" target=\"_blank\" rel=\"noopener\">Hefte\/booklet<\/a><\/p>\n","protected":false},"featured_media":23942,"comment_status":"closed","ping_status":"closed","template":"","meta":{"_et_pb_use_builder":"","_et_pb_old_content":"","_et_gb_content_width":""},"product_brand":[],"product_cat":[24],"product_tag":[],"class_list":{"0":"post-21871","1":"product","2":"type-product","3":"status-publish","4":"has-post-thumbnail","6":"product_cat-cd","7":"product_shipping_class-fraktklass-standard","9":"first","10":"instock","11":"taxable","12":"shipping-taxable","13":"purchasable","14":"product-type-simple"},"yoast_head":"<!-- This site is optimized with the Yoast SEO plugin v27.4 - https:\/\/yoast.com\/product\/yoast-seo-wordpress\/ -->\n<title>CD 4-siders Digifile \u2013 Digisleeve \u2013 CD-pressing \u2013 CD-produksjon<\/title>\n<meta name=\"description\" content=\"CD-plate pluss 4-siders Digifile. En utmerket m\u00e5te \u00e5 lage et stilig og unikt CD-album p\u00e5. Bestill din produksjon av CD + 4-siders Digifile \/ Digisleeve.\" \/>\n<meta name=\"robots\" content=\"index, follow, max-snippet:-1, max-image-preview:large, max-video-preview:-1\" \/>\n<link rel=\"canonical\" href=\"https:\/\/discrepublic.se\/no\/product\/cd-4-sid-digifile-digisleeve\/\" \/>\n<meta property=\"og:locale\" content=\"nb_NO\" \/>\n<meta property=\"og:type\" content=\"article\" \/>\n<meta property=\"og:title\" content=\"CD 4-siders Digifile \u2013 Digisleeve \u2013 CD-pressing \u2013 CD-produksjon\" \/>\n<meta property=\"og:description\" content=\"CD-plate pluss 4-siders Digifile. En utmerket m\u00e5te \u00e5 lage et stilig og unikt CD-album p\u00e5. Bestill din produksjon av CD + 4-siders Digifile \/ Digisleeve.\" \/>\n<meta property=\"og:url\" content=\"https:\/\/discrepublic.se\/no\/product\/cd-4-sid-digifile-digisleeve\/\" \/>\n<meta property=\"og:site_name\" content=\"DiscRepublic\" \/>\n<meta property=\"article:publisher\" content=\"https:\/\/www.facebook.com\/Discrepublic\" \/>\n<meta property=\"article:modified_time\" content=\"2026-01-23T12:35:04+00:00\" \/>\n<meta property=\"og:image\" content=\"https:\/\/discrepublic.se\/no\/wp-content\/uploads\/2017\/09\/512805_CD_4_sid_digifile_skivtryck_discrepublic_1200x900pxl.png\" \/>\n\t<meta property=\"og:image:width\" content=\"1200\" \/>\n\t<meta property=\"og:image:height\" content=\"900\" \/>\n\t<meta property=\"og:image:type\" content=\"image\/png\" \/>\n<meta name=\"twitter:card\" content=\"summary_large_image\" \/>\n<meta name=\"twitter:site\" content=\"@DiscRepublicCom\" \/>\n<meta name=\"twitter:label1\" content=\"Ansl. lesetid\" \/>\n\t<meta name=\"twitter:data1\" content=\"1 minutt\" \/>\n<script type=\"application\/ld+json\" class=\"yoast-schema-graph\">{\"@context\":\"https:\\\/\\\/schema.org\",\"@graph\":[{\"@type\":\"WebPage\",\"@id\":\"https:\\\/\\\/discrepublic.se\\\/no\\\/product\\\/cd-4-sid-digifile-digisleeve\\\/\",\"url\":\"https:\\\/\\\/discrepublic.se\\\/no\\\/product\\\/cd-4-sid-digifile-digisleeve\\\/\",\"name\":\"CD 4-siders Digifile \u2013 Digisleeve \u2013 CD-pressing \u2013 CD-produksjon\",\"isPartOf\":{\"@id\":\"https:\\\/\\\/discrepublic.se\\\/no\\\/#website\"},\"primaryImageOfPage\":{\"@id\":\"https:\\\/\\\/discrepublic.se\\\/no\\\/product\\\/cd-4-sid-digifile-digisleeve\\\/#primaryimage\"},\"image\":{\"@id\":\"https:\\\/\\\/discrepublic.se\\\/no\\\/product\\\/cd-4-sid-digifile-digisleeve\\\/#primaryimage\"},\"thumbnailUrl\":\"https:\\\/\\\/discrepublic.se\\\/no\\\/wp-content\\\/uploads\\\/2017\\\/09\\\/512805_CD_4_sid_digifile_skivtryck_discrepublic_1200x900pxl.png\",\"datePublished\":\"2017-09-03T18:36:36+00:00\",\"dateModified\":\"2026-01-23T12:35:04+00:00\",\"description\":\"CD-plate pluss 4-siders Digifile. En utmerket m\u00e5te \u00e5 lage et stilig og unikt CD-album p\u00e5. Bestill din produksjon av CD + 4-siders Digifile \\\/ Digisleeve.\",\"breadcrumb\":{\"@id\":\"https:\\\/\\\/discrepublic.se\\\/no\\\/product\\\/cd-4-sid-digifile-digisleeve\\\/#breadcrumb\"},\"inLanguage\":\"nb-NO\",\"potentialAction\":[{\"@type\":\"ReadAction\",\"target\":[\"https:\\\/\\\/discrepublic.se\\\/no\\\/product\\\/cd-4-sid-digifile-digisleeve\\\/\"]}]},{\"@type\":\"ImageObject\",\"inLanguage\":\"nb-NO\",\"@id\":\"https:\\\/\\\/discrepublic.se\\\/no\\\/product\\\/cd-4-sid-digifile-digisleeve\\\/#primaryimage\",\"url\":\"https:\\\/\\\/discrepublic.se\\\/no\\\/wp-content\\\/uploads\\\/2017\\\/09\\\/512805_CD_4_sid_digifile_skivtryck_discrepublic_1200x900pxl.png\",\"contentUrl\":\"https:\\\/\\\/discrepublic.se\\\/no\\\/wp-content\\\/uploads\\\/2017\\\/09\\\/512805_CD_4_sid_digifile_skivtryck_discrepublic_1200x900pxl.png\",\"width\":1200,\"height\":900},{\"@type\":\"BreadcrumbList\",\"@id\":\"https:\\\/\\\/discrepublic.se\\\/no\\\/product\\\/cd-4-sid-digifile-digisleeve\\\/#breadcrumb\",\"itemListElement\":[{\"@type\":\"ListItem\",\"position\":1,\"name\":\"Home\",\"item\":\"https:\\\/\\\/discrepublic.se\\\/no\\\/\"},{\"@type\":\"ListItem\",\"position\":2,\"name\":\"Hem\",\"item\":\"https:\\\/\\\/discrepublic.se\\\/no\\\/\"},{\"@type\":\"ListItem\",\"position\":3,\"name\":\"CD + 4 sid Digifile\\\/Digisleeve\"}]},{\"@type\":\"WebSite\",\"@id\":\"https:\\\/\\\/discrepublic.se\\\/no\\\/#website\",\"url\":\"https:\\\/\\\/discrepublic.se\\\/no\\\/\",\"name\":\"DiscRepublic\",\"description\":\"Nettbutikk for CD-, DVD- og Vinyl-produksjoner, digital distribusjon og grafisk layout.\",\"publisher\":{\"@id\":\"https:\\\/\\\/discrepublic.se\\\/no\\\/#organization\"},\"potentialAction\":[{\"@type\":\"SearchAction\",\"target\":{\"@type\":\"EntryPoint\",\"urlTemplate\":\"https:\\\/\\\/discrepublic.se\\\/no\\\/?s={search_term_string}\"},\"query-input\":{\"@type\":\"PropertyValueSpecification\",\"valueRequired\":true,\"valueName\":\"search_term_string\"}}],\"inLanguage\":\"nb-NO\"},{\"@type\":\"Organization\",\"@id\":\"https:\\\/\\\/discrepublic.se\\\/no\\\/#organization\",\"name\":\"DiscRepublic\",\"url\":\"https:\\\/\\\/discrepublic.se\\\/no\\\/\",\"logo\":{\"@type\":\"ImageObject\",\"inLanguage\":\"nb-NO\",\"@id\":\"https:\\\/\\\/discrepublic.se\\\/no\\\/#\\\/schema\\\/logo\\\/image\\\/\",\"url\":\"https:\\\/\\\/discrepublic.se\\\/no\\\/\\\/wp-content\\\/uploads\\\/2023\\\/05\\\/discrepublic-logo-gold.png\",\"contentUrl\":\"https:\\\/\\\/discrepublic.se\\\/no\\\/\\\/wp-content\\\/uploads\\\/2023\\\/05\\\/discrepublic-logo-gold.png\",\"width\":1181,\"height\":311,\"caption\":\"DiscRepublic\"},\"image\":{\"@id\":\"https:\\\/\\\/discrepublic.se\\\/no\\\/#\\\/schema\\\/logo\\\/image\\\/\"},\"sameAs\":[\"https:\\\/\\\/www.facebook.com\\\/Discrepublic\",\"https:\\\/\\\/x.com\\\/DiscRepublicCom\",\"https:\\\/\\\/www.instagram.com\\\/discrepubliccom\\\/\",\"https:\\\/\\\/www.youtube.com\\\/channel\\\/UCOv79wfId7C_H9VSlXMT_oA\"]}]}<\/script>\n<!-- \/ Yoast SEO plugin. -->","yoast_head_json":{"title":"CD 4-siders Digifile \u2013 Digisleeve \u2013 CD-pressing \u2013 CD-produksjon","description":"CD-plate pluss 4-siders Digifile. En utmerket m\u00e5te \u00e5 lage et stilig og unikt CD-album p\u00e5. Bestill din produksjon av CD + 4-siders Digifile \/ Digisleeve.","robots":{"index":"index","follow":"follow","max-snippet":"max-snippet:-1","max-image-preview":"max-image-preview:large","max-video-preview":"max-video-preview:-1"},"canonical":"https:\/\/discrepublic.se\/no\/product\/cd-4-sid-digifile-digisleeve\/","og_locale":"nb_NO","og_type":"article","og_title":"CD 4-siders Digifile \u2013 Digisleeve \u2013 CD-pressing \u2013 CD-produksjon","og_description":"CD-plate pluss 4-siders Digifile. En utmerket m\u00e5te \u00e5 lage et stilig og unikt CD-album p\u00e5. Bestill din produksjon av CD + 4-siders Digifile \/ Digisleeve.","og_url":"https:\/\/discrepublic.se\/no\/product\/cd-4-sid-digifile-digisleeve\/","og_site_name":"DiscRepublic","article_publisher":"https:\/\/www.facebook.com\/Discrepublic","article_modified_time":"2026-01-23T12:35:04+00:00","og_image":[{"width":1200,"height":900,"url":"https:\/\/discrepublic.se\/no\/wp-content\/uploads\/2017\/09\/512805_CD_4_sid_digifile_skivtryck_discrepublic_1200x900pxl.png","type":"image\/png"}],"twitter_card":"summary_large_image","twitter_site":"@DiscRepublicCom","twitter_misc":{"Ansl. lesetid":"1 minutt"},"schema":{"@context":"https:\/\/schema.org","@graph":[{"@type":"WebPage","@id":"https:\/\/discrepublic.se\/no\/product\/cd-4-sid-digifile-digisleeve\/","url":"https:\/\/discrepublic.se\/no\/product\/cd-4-sid-digifile-digisleeve\/","name":"CD 4-siders Digifile \u2013 Digisleeve \u2013 CD-pressing \u2013 CD-produksjon","isPartOf":{"@id":"https:\/\/discrepublic.se\/no\/#website"},"primaryImageOfPage":{"@id":"https:\/\/discrepublic.se\/no\/product\/cd-4-sid-digifile-digisleeve\/#primaryimage"},"image":{"@id":"https:\/\/discrepublic.se\/no\/product\/cd-4-sid-digifile-digisleeve\/#primaryimage"},"thumbnailUrl":"https:\/\/discrepublic.se\/no\/wp-content\/uploads\/2017\/09\/512805_CD_4_sid_digifile_skivtryck_discrepublic_1200x900pxl.png","datePublished":"2017-09-03T18:36:36+00:00","dateModified":"2026-01-23T12:35:04+00:00","description":"CD-plate pluss 4-siders Digifile. En utmerket m\u00e5te \u00e5 lage et stilig og unikt CD-album p\u00e5. Bestill din produksjon av CD + 4-siders Digifile \/ Digisleeve.","breadcrumb":{"@id":"https:\/\/discrepublic.se\/no\/product\/cd-4-sid-digifile-digisleeve\/#breadcrumb"},"inLanguage":"nb-NO","potentialAction":[{"@type":"ReadAction","target":["https:\/\/discrepublic.se\/no\/product\/cd-4-sid-digifile-digisleeve\/"]}]},{"@type":"ImageObject","inLanguage":"nb-NO","@id":"https:\/\/discrepublic.se\/no\/product\/cd-4-sid-digifile-digisleeve\/#primaryimage","url":"https:\/\/discrepublic.se\/no\/wp-content\/uploads\/2017\/09\/512805_CD_4_sid_digifile_skivtryck_discrepublic_1200x900pxl.png","contentUrl":"https:\/\/discrepublic.se\/no\/wp-content\/uploads\/2017\/09\/512805_CD_4_sid_digifile_skivtryck_discrepublic_1200x900pxl.png","width":1200,"height":900},{"@type":"BreadcrumbList","@id":"https:\/\/discrepublic.se\/no\/product\/cd-4-sid-digifile-digisleeve\/#breadcrumb","itemListElement":[{"@type":"ListItem","position":1,"name":"Home","item":"https:\/\/discrepublic.se\/no\/"},{"@type":"ListItem","position":2,"name":"Hem","item":"https:\/\/discrepublic.se\/no\/"},{"@type":"ListItem","position":3,"name":"CD + 4 sid Digifile\/Digisleeve"}]},{"@type":"WebSite","@id":"https:\/\/discrepublic.se\/no\/#website","url":"https:\/\/discrepublic.se\/no\/","name":"DiscRepublic","description":"Nettbutikk for CD-, DVD- og Vinyl-produksjoner, digital distribusjon og grafisk layout.","publisher":{"@id":"https:\/\/discrepublic.se\/no\/#organization"},"potentialAction":[{"@type":"SearchAction","target":{"@type":"EntryPoint","urlTemplate":"https:\/\/discrepublic.se\/no\/?s={search_term_string}"},"query-input":{"@type":"PropertyValueSpecification","valueRequired":true,"valueName":"search_term_string"}}],"inLanguage":"nb-NO"},{"@type":"Organization","@id":"https:\/\/discrepublic.se\/no\/#organization","name":"DiscRepublic","url":"https:\/\/discrepublic.se\/no\/","logo":{"@type":"ImageObject","inLanguage":"nb-NO","@id":"https:\/\/discrepublic.se\/no\/#\/schema\/logo\/image\/","url":"https:\/\/discrepublic.se\/no\/\/wp-content\/uploads\/2023\/05\/discrepublic-logo-gold.png","contentUrl":"https:\/\/discrepublic.se\/no\/\/wp-content\/uploads\/2023\/05\/discrepublic-logo-gold.png","width":1181,"height":311,"caption":"DiscRepublic"},"image":{"@id":"https:\/\/discrepublic.se\/no\/#\/schema\/logo\/image\/"},"sameAs":["https:\/\/www.facebook.com\/Discrepublic","https:\/\/x.com\/DiscRepublicCom","https:\/\/www.instagram.com\/discrepubliccom\/","https:\/\/www.youtube.com\/channel\/UCOv79wfId7C_H9VSlXMT_oA"]}]}},"kroconnect":{"tax_rate":0,"price_inc_vat":{"regular_price":0},"price_ex_vat":{"regular_price":0}},"_links":{"self":[{"href":"https:\/\/discrepublic.se\/no\/wp-json\/wp\/v2\/product\/21871","targetHints":{"allow":["GET"]}}],"collection":[{"href":"https:\/\/discrepublic.se\/no\/wp-json\/wp\/v2\/product"}],"about":[{"href":"https:\/\/discrepublic.se\/no\/wp-json\/wp\/v2\/types\/product"}],"replies":[{"embeddable":true,"href":"https:\/\/discrepublic.se\/no\/wp-json\/wp\/v2\/comments?post=21871"}],"wp:featuredmedia":[{"embeddable":true,"href":"https:\/\/discrepublic.se\/no\/wp-json\/wp\/v2\/media\/23942"}],"wp:attachment":[{"href":"https:\/\/discrepublic.se\/no\/wp-json\/wp\/v2\/media?parent=21871"}],"wp:term":[{"taxonomy":"product_brand","embeddable":true,"href":"https:\/\/discrepublic.se\/no\/wp-json\/wp\/v2\/product_brand?post=21871"},{"taxonomy":"product_cat","embeddable":true,"href":"https:\/\/discrepublic.se\/no\/wp-json\/wp\/v2\/product_cat?post=21871"},{"taxonomy":"product_tag","embeddable":true,"href":"https:\/\/discrepublic.se\/no\/wp-json\/wp\/v2\/product_tag?post=21871"}],"curies":[{"name":"wp","href":"https:\/\/api.w.org\/{rel}","templated":true}]}}