{"id":272834,"date":"2025-12-02T05:49:09","date_gmt":"2025-12-02T04:49:09","guid":{"rendered":"https:\/\/discrepublic.se\/no\/?page_id=272834"},"modified":"2025-12-02T05:49:13","modified_gmt":"2025-12-02T04:49:13","slug":"anmeldelser","status":"publish","type":"page","link":"https:\/\/discrepublic.se\/no\/anmeldelser\/","title":{"rendered":"Anmeldelser"},"content":{"rendered":"<p>[et_pb_section fb_built=&raquo;1&#8243; _builder_version=&raquo;4.27.4&#8243; _module_preset=&raquo;default&raquo; background_color=&raquo;#F3F3ED&raquo; custom_padding=&raquo;20px||20px||true|false&raquo; global_colors_info=&raquo;{}&raquo; theme_builder_area=&raquo;post_content&raquo;][et_pb_row _builder_version=&raquo;4.27.4&#8243; _module_preset=&raquo;default&raquo; global_colors_info=&raquo;{}&raquo; theme_builder_area=&raquo;post_content&raquo;][et_pb_column type=&raquo;4_4&#8243; _builder_version=&raquo;4.27.4&#8243; _module_preset=&raquo;default&raquo; global_colors_info=&raquo;{}&raquo; theme_builder_area=&raquo;post_content&raquo;][et_pb_text _builder_version=&raquo;4.27.4&#8243; _module_preset=&raquo;default&raquo; text_font_size=&raquo;14px&raquo; header_font=&raquo;|||on|||||&raquo; max_width=&raquo;700px&raquo; header_font_size_tablet=&raquo;28px&raquo; header_font_size_phone=&raquo;22px&raquo; header_font_size_last_edited=&raquo;on|phone&raquo; custom_css_free_form=&raquo;selector h1 { font-weight:400;}&raquo; global_colors_info=&raquo;{}&raquo; theme_builder_area=&raquo;post_content&raquo;]<\/p>\n<h1>anmeldelser<\/h1>\n<p>[\/et_pb_text][\/et_pb_column][\/et_pb_row][\/et_pb_section][et_pb_section fb_built=&raquo;1&#8243; disabled_on=&raquo;off|off|off&raquo; _builder_version=&raquo;4.27.4&#8243; _module_preset=&raquo;default&raquo; custom_margin=&raquo;||0px||false|false&raquo; custom_padding=&raquo;||0px||false|false&raquo; global_colors_info=&raquo;{}&raquo; theme_builder_area=&raquo;post_content&raquo;][et_pb_row _builder_version=&raquo;4.27.4&#8243; _module_preset=&raquo;default&raquo; custom_padding=&raquo;0px||40px||false|false&raquo; global_colors_info=&raquo;{}&raquo; theme_builder_area=&raquo;post_content&raquo;][et_pb_column type=&raquo;4_4&#8243; _builder_version=&raquo;4.27.4&#8243; _module_preset=&raquo;default&raquo; global_colors_info=&raquo;{}&raquo; theme_builder_area=&raquo;post_content&raquo;][et_pb_text _builder_version=&raquo;4.27.4&#8243; _module_preset=&raquo;default&raquo; text_font_size=&raquo;14px&raquo; text_line_height=&raquo;1.5em&raquo; custom_css_free_form=&raquo;selector h2 { font-weight:400;}&raquo; global_colors_info=&raquo;{}&raquo; theme_builder_area=&raquo;post_content&raquo;]<\/p>\n<p>At du skal v\u00e6re forn\u00f8yd med ditt kj\u00f8p hos oss i DiscRepublic er v\u00e5r h\u00f8yeste prioritet. Derfor er nettopp din tilbakemelding veldig viktig for oss. Som kunde \u00f8nsker vi at du skal f\u00f8le deg trygg n\u00e5r du klikker hjem din neste plateproduksjon: du skal v\u00e6re sikker p\u00e5 at albumet ditt produseres med omsorg, at pakken din pakkes godt, at vi leverer raskt, og dersom det skulle v\u00e6re noe \u2013 skal du f\u00f8le deg trygg p\u00e5 at du kan kontakte oss og f\u00e5 best mulig service.<\/p>\n<p>Nedenfor finner du noen av de mange flotte tilbakemeldingene v\u00e5re kunder har gitt oss \u2013 legg gjerne igjen din egen tilbakemelding ogs\u00e5, s\u00e5 hjelper du oss i v\u00e5r streben etter \u00e5 gi deg den aller beste handleopplevelsen.<\/p>\n<p>Takk for at du lar oss f\u00f8lge deg p\u00e5 din skapende reise!<\/p>\n<p>[\/et_pb_text][\/et_pb_column][\/et_pb_row][et_pb_row _builder_version=&raquo;4.27.4&#8243; _module_preset=&raquo;default&raquo; background_image=&raquo;https:\/\/discrepublic.se\/no\/\/wp-content\/uploads\/2025\/12\/omdomen.jpg&raquo; height=&raquo;500px&raquo; height_tablet=&raquo;400px&raquo; height_phone=&raquo;300px&raquo; height_last_edited=&raquo;on|tablet&raquo; global_colors_info=&raquo;{}&raquo; theme_builder_area=&raquo;post_content&raquo;][et_pb_column type=&raquo;4_4&#8243; _builder_version=&raquo;4.27.4&#8243; _module_preset=&raquo;default&raquo; global_colors_info=&raquo;{}&raquo; theme_builder_area=&raquo;post_content&raquo;][et_pb_image src=&raquo;https:\/\/discrepublic.se\/no\/wp-content\/uploads\/2025\/02\/YouplayWeprint_VIT.svg&raquo; title_text=&raquo;YouplayWeprint_VIT&raquo; _builder_version=&raquo;4.27.4&#8243; _module_preset=&raquo;default&raquo; max_width=&raquo;160px&raquo; max_width_tablet=&raquo;160px&raquo; max_width_phone=&raquo;120px&raquo; max_width_last_edited=&raquo;on|phone&raquo; module_alignment=&raquo;right&raquo; custom_padding=&raquo;20px|40px|||false|false&raquo; global_colors_info=&raquo;{}&raquo; theme_builder_area=&raquo;post_content&raquo;][\/et_pb_image][\/et_pb_column][\/et_pb_row][et_pb_row _builder_version=&raquo;4.27.4&#8243; _module_preset=&raquo;default&raquo; custom_margin=&raquo;||0px||false|false&raquo; custom_padding=&raquo;40px||0px||false|false&raquo; global_colors_info=&raquo;{}&raquo; theme_builder_area=&raquo;post_content&raquo;][et_pb_column type=&raquo;4_4&#8243; _builder_version=&raquo;4.27.4&#8243; _module_preset=&raquo;default&raquo; global_colors_info=&raquo;{}&raquo; theme_builder_area=&raquo;post_content&raquo;][et_pb_text _builder_version=&raquo;4.27.4&#8243; _module_preset=&raquo;default&raquo; text_font_size=&raquo;14px&raquo; custom_css_free_form=&raquo;selector h2 { font-weight:400;}&raquo; global_colors_info=&raquo;{}&raquo; theme_builder_area=&raquo;post_content&raquo;]<\/p>\n<p><span style=\"text-decoration: underline;\"><a href=\"https:\/\/www.trustpilot.com\/review\/www.discrepublic.com\" target=\"_blank\" rel=\"noopener\">Discrepublic anmeldelser p\u00e5 Trustpilot<\/a><\/span>.<\/p>\n<p>[\/et_pb_text][\/et_pb_column][\/et_pb_row][\/et_pb_section]<\/p>\n","protected":false},"excerpt":{"rendered":"<p>anmeldelserAt du skal v\u00e6re forn\u00f8yd med ditt kj\u00f8p hos oss i DiscRepublic er v\u00e5r h\u00f8yeste prioritet. Derfor er nettopp din tilbakemelding veldig viktig for oss. Som kunde \u00f8nsker vi at du skal f\u00f8le deg trygg n\u00e5r du klikker hjem din neste plateproduksjon: du skal v\u00e6re sikker p\u00e5 at albumet ditt produseres med omsorg, at pakken [&hellip;]<\/p>\n","protected":false},"author":1,"featured_media":0,"parent":0,"menu_order":0,"comment_status":"closed","ping_status":"closed","template":"","meta":{"_et_pb_use_builder":"on","_et_pb_old_content":"","_et_gb_content_width":"","footnotes":""},"class_list":["post-272834","page","type-page","status-publish","hentry"],"yoast_head":"<!-- This site is optimized with the Yoast SEO plugin v27.4 - https:\/\/yoast.com\/product\/yoast-seo-wordpress\/ -->\n<title>Discrepublic.com - Produksjon, kopiering, trykk og brenning av CD, DVD og vinylplater LP<\/title>\n<meta name=\"description\" content=\"Vi hjelper deg med produksjon, kopiering og pressing av CD, DVD og vinyl. N\u00e5r du vil lave CD, DVD eller vinyl, er vi et profesjonelt valg.\" \/>\n<meta name=\"robots\" content=\"index, follow, max-snippet:-1, max-image-preview:large, max-video-preview:-1\" \/>\n<link rel=\"canonical\" href=\"https:\/\/discrepublic.se\/no\/anmeldelser\/\" \/>\n<meta property=\"og:locale\" content=\"nb_NO\" \/>\n<meta property=\"og:type\" content=\"article\" \/>\n<meta property=\"og:title\" content=\"Discrepublic.com - Produksjon, kopiering, trykk og brenning av CD, DVD og vinylplater LP\" \/>\n<meta property=\"og:description\" content=\"Vi hjelper deg med produksjon, kopiering og pressing av CD, DVD og vinyl. N\u00e5r du vil lave CD, DVD eller vinyl, er vi et profesjonelt valg.\" \/>\n<meta property=\"og:url\" content=\"https:\/\/discrepublic.se\/no\/anmeldelser\/\" \/>\n<meta property=\"og:site_name\" content=\"DiscRepublic\" \/>\n<meta property=\"article:publisher\" content=\"https:\/\/www.facebook.com\/Discrepublic\" \/>\n<meta property=\"article:modified_time\" content=\"2025-12-02T04:49:13+00:00\" \/>\n<meta property=\"og:image\" content=\"https:\/\/discrepublic.se\/no\/wp-content\/uploads\/2025\/11\/discrepublic-no-og.webp\" \/>\n\t<meta property=\"og:image:width\" content=\"1200\" \/>\n\t<meta property=\"og:image:height\" content=\"675\" \/>\n\t<meta property=\"og:image:type\" content=\"image\/webp\" \/>\n<meta name=\"twitter:card\" content=\"summary_large_image\" \/>\n<meta name=\"twitter:site\" content=\"@DiscRepublicCom\" \/>\n<script type=\"application\/ld+json\" class=\"yoast-schema-graph\">{\"@context\":\"https:\\\/\\\/schema.org\",\"@graph\":[{\"@type\":\"WebPage\",\"@id\":\"https:\\\/\\\/discrepublic.se\\\/no\\\/anmeldelser\\\/\",\"url\":\"https:\\\/\\\/discrepublic.se\\\/no\\\/anmeldelser\\\/\",\"name\":\"Discrepublic.com - Produksjon, kopiering, trykk og brenning av CD, DVD og vinylplater LP\",\"isPartOf\":{\"@id\":\"https:\\\/\\\/discrepublic.se\\\/no\\\/#website\"},\"datePublished\":\"2025-12-02T04:49:09+00:00\",\"dateModified\":\"2025-12-02T04:49:13+00:00\",\"description\":\"Vi hjelper deg med produksjon, kopiering og pressing av CD, DVD og vinyl. N\u00e5r du vil lave CD, DVD eller vinyl, er vi et profesjonelt valg.\",\"breadcrumb\":{\"@id\":\"https:\\\/\\\/discrepublic.se\\\/no\\\/anmeldelser\\\/#breadcrumb\"},\"inLanguage\":\"nb-NO\",\"potentialAction\":[{\"@type\":\"ReadAction\",\"target\":[\"https:\\\/\\\/discrepublic.se\\\/no\\\/anmeldelser\\\/\"]}]},{\"@type\":\"BreadcrumbList\",\"@id\":\"https:\\\/\\\/discrepublic.se\\\/no\\\/anmeldelser\\\/#breadcrumb\",\"itemListElement\":[{\"@type\":\"ListItem\",\"position\":1,\"name\":\"Home\",\"item\":\"https:\\\/\\\/discrepublic.se\\\/no\\\/\"},{\"@type\":\"ListItem\",\"position\":2,\"name\":\"Anmeldelser\"}]},{\"@type\":\"WebSite\",\"@id\":\"https:\\\/\\\/discrepublic.se\\\/no\\\/#website\",\"url\":\"https:\\\/\\\/discrepublic.se\\\/no\\\/\",\"name\":\"DiscRepublic\",\"description\":\"Nettbutikk for CD-, DVD- og Vinyl-produksjoner, digital distribusjon og grafisk layout.\",\"publisher\":{\"@id\":\"https:\\\/\\\/discrepublic.se\\\/no\\\/#organization\"},\"potentialAction\":[{\"@type\":\"SearchAction\",\"target\":{\"@type\":\"EntryPoint\",\"urlTemplate\":\"https:\\\/\\\/discrepublic.se\\\/no\\\/?s={search_term_string}\"},\"query-input\":{\"@type\":\"PropertyValueSpecification\",\"valueRequired\":true,\"valueName\":\"search_term_string\"}}],\"inLanguage\":\"nb-NO\"},{\"@type\":\"Organization\",\"@id\":\"https:\\\/\\\/discrepublic.se\\\/no\\\/#organization\",\"name\":\"DiscRepublic\",\"url\":\"https:\\\/\\\/discrepublic.se\\\/no\\\/\",\"logo\":{\"@type\":\"ImageObject\",\"inLanguage\":\"nb-NO\",\"@id\":\"https:\\\/\\\/discrepublic.se\\\/no\\\/#\\\/schema\\\/logo\\\/image\\\/\",\"url\":\"https:\\\/\\\/discrepublic.se\\\/no\\\/\\\/wp-content\\\/uploads\\\/2023\\\/05\\\/discrepublic-logo-gold.png\",\"contentUrl\":\"https:\\\/\\\/discrepublic.se\\\/no\\\/\\\/wp-content\\\/uploads\\\/2023\\\/05\\\/discrepublic-logo-gold.png\",\"width\":1181,\"height\":311,\"caption\":\"DiscRepublic\"},\"image\":{\"@id\":\"https:\\\/\\\/discrepublic.se\\\/no\\\/#\\\/schema\\\/logo\\\/image\\\/\"},\"sameAs\":[\"https:\\\/\\\/www.facebook.com\\\/Discrepublic\",\"https:\\\/\\\/x.com\\\/DiscRepublicCom\",\"https:\\\/\\\/www.instagram.com\\\/discrepubliccom\\\/\",\"https:\\\/\\\/www.youtube.com\\\/channel\\\/UCOv79wfId7C_H9VSlXMT_oA\"]}]}<\/script>\n<!-- \/ Yoast SEO plugin. -->","yoast_head_json":{"title":"Discrepublic.com - Produksjon, kopiering, trykk og brenning av CD, DVD og vinylplater LP","description":"Vi hjelper deg med produksjon, kopiering og pressing av CD, DVD og vinyl. N\u00e5r du vil lave CD, DVD eller vinyl, er vi et profesjonelt valg.","robots":{"index":"index","follow":"follow","max-snippet":"max-snippet:-1","max-image-preview":"max-image-preview:large","max-video-preview":"max-video-preview:-1"},"canonical":"https:\/\/discrepublic.se\/no\/anmeldelser\/","og_locale":"nb_NO","og_type":"article","og_title":"Discrepublic.com - Produksjon, kopiering, trykk og brenning av CD, DVD og vinylplater LP","og_description":"Vi hjelper deg med produksjon, kopiering og pressing av CD, DVD og vinyl. N\u00e5r du vil lave CD, DVD eller vinyl, er vi et profesjonelt valg.","og_url":"https:\/\/discrepublic.se\/no\/anmeldelser\/","og_site_name":"DiscRepublic","article_publisher":"https:\/\/www.facebook.com\/Discrepublic","article_modified_time":"2025-12-02T04:49:13+00:00","og_image":[{"width":1200,"height":675,"url":"https:\/\/discrepublic.se\/no\/wp-content\/uploads\/2025\/11\/discrepublic-no-og.webp","type":"image\/webp"}],"twitter_card":"summary_large_image","twitter_site":"@DiscRepublicCom","schema":{"@context":"https:\/\/schema.org","@graph":[{"@type":"WebPage","@id":"https:\/\/discrepublic.se\/no\/anmeldelser\/","url":"https:\/\/discrepublic.se\/no\/anmeldelser\/","name":"Discrepublic.com - Produksjon, kopiering, trykk og brenning av CD, DVD og vinylplater LP","isPartOf":{"@id":"https:\/\/discrepublic.se\/no\/#website"},"datePublished":"2025-12-02T04:49:09+00:00","dateModified":"2025-12-02T04:49:13+00:00","description":"Vi hjelper deg med produksjon, kopiering og pressing av CD, DVD og vinyl. N\u00e5r du vil lave CD, DVD eller vinyl, er vi et profesjonelt valg.","breadcrumb":{"@id":"https:\/\/discrepublic.se\/no\/anmeldelser\/#breadcrumb"},"inLanguage":"nb-NO","potentialAction":[{"@type":"ReadAction","target":["https:\/\/discrepublic.se\/no\/anmeldelser\/"]}]},{"@type":"BreadcrumbList","@id":"https:\/\/discrepublic.se\/no\/anmeldelser\/#breadcrumb","itemListElement":[{"@type":"ListItem","position":1,"name":"Home","item":"https:\/\/discrepublic.se\/no\/"},{"@type":"ListItem","position":2,"name":"Anmeldelser"}]},{"@type":"WebSite","@id":"https:\/\/discrepublic.se\/no\/#website","url":"https:\/\/discrepublic.se\/no\/","name":"DiscRepublic","description":"Nettbutikk for CD-, DVD- og Vinyl-produksjoner, digital distribusjon og grafisk layout.","publisher":{"@id":"https:\/\/discrepublic.se\/no\/#organization"},"potentialAction":[{"@type":"SearchAction","target":{"@type":"EntryPoint","urlTemplate":"https:\/\/discrepublic.se\/no\/?s={search_term_string}"},"query-input":{"@type":"PropertyValueSpecification","valueRequired":true,"valueName":"search_term_string"}}],"inLanguage":"nb-NO"},{"@type":"Organization","@id":"https:\/\/discrepublic.se\/no\/#organization","name":"DiscRepublic","url":"https:\/\/discrepublic.se\/no\/","logo":{"@type":"ImageObject","inLanguage":"nb-NO","@id":"https:\/\/discrepublic.se\/no\/#\/schema\/logo\/image\/","url":"https:\/\/discrepublic.se\/no\/\/wp-content\/uploads\/2023\/05\/discrepublic-logo-gold.png","contentUrl":"https:\/\/discrepublic.se\/no\/\/wp-content\/uploads\/2023\/05\/discrepublic-logo-gold.png","width":1181,"height":311,"caption":"DiscRepublic"},"image":{"@id":"https:\/\/discrepublic.se\/no\/#\/schema\/logo\/image\/"},"sameAs":["https:\/\/www.facebook.com\/Discrepublic","https:\/\/x.com\/DiscRepublicCom","https:\/\/www.instagram.com\/discrepubliccom\/","https:\/\/www.youtube.com\/channel\/UCOv79wfId7C_H9VSlXMT_oA"]}]}},"_links":{"self":[{"href":"https:\/\/discrepublic.se\/no\/wp-json\/wp\/v2\/pages\/272834","targetHints":{"allow":["GET"]}}],"collection":[{"href":"https:\/\/discrepublic.se\/no\/wp-json\/wp\/v2\/pages"}],"about":[{"href":"https:\/\/discrepublic.se\/no\/wp-json\/wp\/v2\/types\/page"}],"author":[{"embeddable":true,"href":"https:\/\/discrepublic.se\/no\/wp-json\/wp\/v2\/users\/1"}],"replies":[{"embeddable":true,"href":"https:\/\/discrepublic.se\/no\/wp-json\/wp\/v2\/comments?post=272834"}],"version-history":[{"count":0,"href":"https:\/\/discrepublic.se\/no\/wp-json\/wp\/v2\/pages\/272834\/revisions"}],"wp:attachment":[{"href":"https:\/\/discrepublic.se\/no\/wp-json\/wp\/v2\/media?parent=272834"}],"curies":[{"name":"wp","href":"https:\/\/api.w.org\/{rel}","templated":true}]}}