{"id":272828,"date":"2025-12-02T05:47:50","date_gmt":"2025-12-02T04:47:50","guid":{"rendered":"https:\/\/discrepublic.se\/no\/?page_id=272828"},"modified":"2025-12-02T05:47:55","modified_gmt":"2025-12-02T04:47:55","slug":"betaling","status":"publish","type":"page","link":"https:\/\/discrepublic.se\/no\/betaling\/","title":{"rendered":"Betaling"},"content":{"rendered":"<p>[et_pb_section fb_built=&raquo;1&#8243; _builder_version=&raquo;4.27.4&#8243; _module_preset=&raquo;default&raquo; background_color=&raquo;#F3F3ED&raquo; custom_padding=&raquo;20px||20px||true|false&raquo; global_colors_info=&raquo;{}&raquo; theme_builder_area=&raquo;post_content&raquo;][et_pb_row column_structure=&raquo;1_4,3_4&#8243; _builder_version=&raquo;4.27.4&#8243; _module_preset=&raquo;default&raquo; global_colors_info=&raquo;{}&raquo; theme_builder_area=&raquo;post_content&raquo;][et_pb_column type=&raquo;1_4&#8243; _builder_version=&raquo;4.27.4&#8243; _module_preset=&raquo;default&raquo; global_colors_info=&raquo;{}&raquo; theme_builder_area=&raquo;post_content&raquo;][et_pb_image src=&raquo;https:\/\/discrepublic.se\/no\/\/wp-content\/uploads\/2025\/12\/Ikon_02-1.svg&raquo; title_text=&raquo;Ikon_02&#8243; align=&raquo;center&raquo; align_tablet=&raquo;center&raquo; align_last_edited=&raquo;off|desktop&raquo; _builder_version=&raquo;4.27.4&#8243; _module_preset=&raquo;default&raquo; max_width=&raquo;46%&raquo; max_width_tablet=&raquo;28%&raquo; max_width_phone=&raquo;30%&raquo; max_width_last_edited=&raquo;on|phone&raquo; module_alignment=&raquo;right&raquo; module_alignment_tablet=&raquo;center&raquo; module_alignment_phone=&raquo;center&raquo; module_alignment_last_edited=&raquo;on|desktop&raquo; global_colors_info=&raquo;{}&raquo; theme_builder_area=&raquo;post_content&raquo;][\/et_pb_image][\/et_pb_column][et_pb_column type=&raquo;3_4&#8243; _builder_version=&raquo;4.27.4&#8243; _module_preset=&raquo;default&raquo; global_colors_info=&raquo;{}&raquo; theme_builder_area=&raquo;post_content&raquo;][et_pb_text _builder_version=&raquo;4.27.4&#8243; _module_preset=&raquo;default&raquo; text_font_size=&raquo;14px&raquo; max_width=&raquo;700px&raquo; header_font_size_tablet=&raquo;28px&raquo; header_font_size_phone=&raquo;22px&raquo; header_font_size_last_edited=&raquo;on|phone&raquo; custom_css_free_form=&raquo;selector h1 { font-weight:400;}&raquo; global_colors_info=&raquo;{}&raquo; theme_builder_area=&raquo;post_content&raquo;]<\/p>\n<h1>BETALING<\/h1>\n<p>P\u00e5 denne siden har vi samlet v\u00e5r betalingsinformasjon. Hvis du ikke finner svar p\u00e5 sp\u00f8rsm\u00e5let ditt her, er du velkommen til \u00e5 kontakte oss. N\u00e5r v\u00e5r chat er \u00e5pen, kan du klikke p\u00e5 ikonet nederst i h\u00f8yre hj\u00f8rne. Du kan ogs\u00e5 ringe eller sende e-post til oss. <span style=\"text-decoration: underline;\"><a href=\"https:\/\/discrepublic.se\/no\/kontakta-oss\/\">Se alle v\u00e5re kontaktopplysninger her<\/a><\/span> \u00bb<\/p>\n<p>[\/et_pb_text][\/et_pb_column][\/et_pb_row][\/et_pb_section][et_pb_section fb_built=&raquo;1&#8243; disabled_on=&raquo;off|off|off&raquo; _builder_version=&raquo;4.27.4&#8243; _module_preset=&raquo;default&raquo; custom_padding=&raquo;||0px||false|false&raquo; global_colors_info=&raquo;{}&raquo; theme_builder_area=&raquo;post_content&raquo;][et_pb_row column_structure=&raquo;1_4,3_4&#8243; use_custom_gutter=&raquo;on&raquo; gutter_width=&raquo;2&#8243; disabled_on=&raquo;off|off|off&raquo; _builder_version=&raquo;4.27.4&#8243; _module_preset=&raquo;default&raquo; custom_padding=&raquo;0px||||false|false&raquo; global_colors_info=&raquo;{}&raquo; theme_builder_area=&raquo;post_content&raquo;][et_pb_column type=&raquo;1_4&#8243; _builder_version=&raquo;4.27.4&#8243; _module_preset=&raquo;default&raquo; custom_padding=&raquo;40px||||false|false&raquo; sticky_position=&raquo;top&raquo; sticky_limit_bottom=&raquo;section&raquo; global_colors_info=&raquo;{}&raquo; theme_builder_area=&raquo;post_content&raquo;][et_pb_button button_url=&raquo;#alternativ&raquo; button_text=&raquo;Alternativer&raquo; _builder_version=&raquo;4.27.4&#8243; _module_preset=&raquo;default&raquo; custom_button=&raquo;on&raquo; button_text_color=&raquo;#FFFFFF&raquo; button_bg_color=&raquo;#B49B57&#8243; button_border_color=&raquo;#B49B57&#8243; button_font=&raquo;|600||on|||||&raquo; custom_margin=&raquo;||20px||false|false&raquo; custom_padding=&raquo;8px|18px|8px|18px|true|true&raquo; custom_css_main_element=&raquo;width: 100%&raquo; global_colors_info=&raquo;{}&raquo; button_bg_color__hover_enabled=&raquo;on|desktop&raquo; button_bg_color__hover=&raquo;#c8ab6c&raquo; button_bg_enable_color__hover=&raquo;on&raquo; button_border_color__hover_enabled=&raquo;on|hover&raquo; button_border_color__hover=&raquo;#c8ab6c&raquo; theme_builder_area=&raquo;post_content&raquo;][\/et_pb_button][et_pb_button button_url=&raquo;#faktura&raquo; button_text=&raquo;Faktura&raquo; _builder_version=&raquo;4.27.4&#8243; _module_preset=&raquo;default&raquo; custom_button=&raquo;on&raquo; button_text_color=&raquo;#000000&#8243; button_bg_color=&raquo;#F3F3ED&raquo; button_border_color=&raquo;#F3F3ED&raquo; button_font=&raquo;|600||on|||||&raquo; custom_margin=&raquo;||20px||false|false&raquo; custom_padding=&raquo;8px|18px|8px|18px|true|true&raquo; custom_css_main_element=&raquo;width: 100%&raquo; global_colors_info=&raquo;{}&raquo; button_border_color__hover_enabled=&raquo;on|desktop&raquo; button_bg_color__hover_enabled=&raquo;on|desktop&raquo; button_bg_color__hover=&raquo;#f9f9f7&#8243; button_bg_enable_color__hover=&raquo;on&raquo; button_border_color__hover=&raquo;#f9f9f7&#8243; theme_builder_area=&raquo;post_content&raquo;][\/et_pb_button][et_pb_button button_url=&raquo;#presentkort&raquo; button_text=&raquo;Gavekort&raquo; _builder_version=&raquo;4.27.4&#8243; _module_preset=&raquo;default&raquo; custom_button=&raquo;on&raquo; button_text_color=&raquo;#000000&#8243; button_bg_color=&raquo;#F3F3ED&raquo; button_border_color=&raquo;#F3F3ED&raquo; button_font=&raquo;|600||on|||||&raquo; custom_margin=&raquo;||20px||false|false&raquo; custom_padding=&raquo;8px|18px|8px|18px|true|true&raquo; custom_css_main_element=&raquo;width: 100%&raquo; global_colors_info=&raquo;{}&raquo; button_bg_color__hover=&raquo;#f9f9f7&#8243; button_bg_color__hover_enabled=&raquo;on|desktop&raquo; button_border_color__hover=&raquo;#f9f9f7&#8243; button_border_color__hover_enabled=&raquo;on|desktop&raquo; theme_builder_area=&raquo;post_content&raquo;][\/et_pb_button][\/et_pb_column][et_pb_column type=&raquo;3_4&#8243; _builder_version=&raquo;4.27.4&#8243; _module_preset=&raquo;default&raquo; global_colors_info=&raquo;{}&raquo; theme_builder_area=&raquo;post_content&raquo;][et_pb_text module_id=&raquo;leveranstid&raquo; _builder_version=&raquo;4.27.4&#8243; _module_preset=&raquo;default&raquo; text_font_size=&raquo;14px&raquo; header_2_font_size=&raquo;27px&raquo; header_3_font_size=&raquo;32px&raquo; custom_padding=&raquo;40px||10px||false|false&raquo; custom_css_free_form=&raquo;selector h3 { font-weight: 400;}&raquo; global_colors_info=&raquo;{}&raquo; theme_builder_area=&raquo;post_content&raquo;]<\/p>\n<h3>Betalingsalternativer<\/h3>\n<p>Sammen med Klarna Bank AB (publ), Sveav\u00e4gen 46, 111 34 Stockholm, Sverige, tilbyr vi f\u00f8lgende betalingsalternativer der betalingen gj\u00f8res direkte til Klarna:<\/p>\n<ul>\n<li>Kortbetaling (Bankoverf\u00f8ring)<\/li>\n<li>Direktebetaling (Autogiro\/Bankkonto)<\/li>\n<li>Swish<\/li>\n<li>F\u00e5 f\u00f8rst. Betal senere (Fakturakj\u00f8p)<\/li>\n<li>Delbetaling. Betal litt hver m\u00e5ned (Konto)<\/li>\n<\/ul>\n<p>Klarna er lisensiert for 3-D Secure (Verified by Visa og MasterCard SecureCode) og sertifisert i henhold til PCI DSS. De f\u00f8lger bankenes krav til konfidensialitet og sikkerhetssertifiseringer. 3D-Secure er en global sikkerhetsstandard utviklet av VISA og Mastercard for betalinger over Internett.<\/p>\n<p>Les mer om <span style=\"text-decoration: underline;\"><a href=\"https:\/\/www.klarna.com\/se\/\" target=\"_blank\" rel=\"noopener\">Klarna<\/a><\/span> og deres <span style=\"text-decoration: underline;\"><a href=\"https:\/\/www.klarna.com\/se\/villkor\/\" target=\"_blank\" rel=\"noopener\">brukervilk\u00e5r<\/a><\/span>.<\/p>\n<p>Bruken av personopplysninger reguleres i henhold til gjeldende personvernlovgivning og Klarnas personvernpolicy.<\/p>\n<p>[\/et_pb_text][et_pb_text module_id=&raquo;faktura&raquo; _builder_version=&raquo;4.27.4&#8243; _module_preset=&raquo;default&raquo; text_font_size=&raquo;14px&raquo; header_2_font_size=&raquo;27px&raquo; header_3_font_size=&raquo;32px&raquo; custom_padding=&raquo;40px||10px||false|false&raquo; custom_css_free_form=&raquo;selector h3 { font-weight: 400;}&raquo; global_colors_info=&raquo;{}&raquo; theme_builder_area=&raquo;post_content&raquo;]<\/p>\n<h3>Faktura<\/h3>\n<p>Fakturaen sendes til deg p\u00e5 e-post direkte fra Klarna. Hvis du ikke har mottatt fakturaen, eller har andre sp\u00f8rsm\u00e5l om fakturering, kan du g\u00e5 inn p\u00e5 Klarnas nettside eller laste ned deres app for \u00e5 se fakturaen der.<\/p>\n<p>Du kan ogs\u00e5 kontakte <span style=\"text-decoration: underline;\"><a href=\"https:\/\/www.klarna.com\/se\/kundservice\" target=\"_blank\" rel=\"noopener\">Klarnas kundeservice<\/a><\/span>.<\/p>\n<p>[\/et_pb_text][et_pb_text module_id=&raquo;presentkort&raquo; _builder_version=&raquo;4.27.4&#8243; _module_preset=&raquo;default&raquo; text_font_size=&raquo;14px&raquo; header_2_font_size=&raquo;27px&raquo; header_3_font_size=&raquo;32px&raquo; custom_padding=&raquo;40px||10px||false|false&raquo; custom_css_free_form=&raquo;selector h3 { font-weight: 400;}&raquo; global_colors_info=&raquo;{}&raquo; theme_builder_area=&raquo;post_content&raquo;]<\/p>\n<h3>Gavekort<\/h3>\n<p>Gavekort kan kj\u00f8pes og brukes som betaling online p\u00e5 skivtryck.se.<\/p>\n<p>Gyldighetstiden er 12 m\u00e5neder fra kj\u00f8psdato.<\/p>\n<p>[\/et_pb_text][\/et_pb_column][\/et_pb_row][\/et_pb_section]<\/p>\n","protected":false},"excerpt":{"rendered":"<p>BETALING P\u00e5 denne siden har vi samlet v\u00e5r betalingsinformasjon. Hvis du ikke finner svar p\u00e5 sp\u00f8rsm\u00e5let ditt her, er du velkommen til \u00e5 kontakte oss. N\u00e5r v\u00e5r chat er \u00e5pen, kan du klikke p\u00e5 ikonet nederst i h\u00f8yre hj\u00f8rne. Du kan ogs\u00e5 ringe eller sende e-post til oss. Se alle v\u00e5re kontaktopplysninger her \u00bbBetalingsalternativer Sammen [&hellip;]<\/p>\n","protected":false},"author":1,"featured_media":0,"parent":0,"menu_order":0,"comment_status":"closed","ping_status":"closed","template":"","meta":{"_et_pb_use_builder":"on","_et_pb_old_content":"","_et_gb_content_width":"","footnotes":""},"class_list":["post-272828","page","type-page","status-publish","hentry"],"yoast_head":"<!-- This site is optimized with the Yoast SEO plugin v27.4 - https:\/\/yoast.com\/product\/yoast-seo-wordpress\/ -->\n<title>Discrepublic.com - Produksjon, kopiering, trykk og brenning av CD, DVD og vinylplater LP<\/title>\n<meta name=\"description\" content=\"Vi hjelper deg med produksjon, kopiering og pressing av CD, DVD og vinyl. N\u00e5r du vil lave CD, DVD eller vinyl, er vi et profesjonelt valg.\" \/>\n<meta name=\"robots\" content=\"index, follow, max-snippet:-1, max-image-preview:large, max-video-preview:-1\" \/>\n<link rel=\"canonical\" href=\"https:\/\/discrepublic.se\/no\/betaling\/\" \/>\n<meta property=\"og:locale\" content=\"nb_NO\" \/>\n<meta property=\"og:type\" content=\"article\" \/>\n<meta property=\"og:title\" content=\"Discrepublic.com - Produksjon, kopiering, trykk og brenning av CD, DVD og vinylplater LP\" \/>\n<meta property=\"og:description\" content=\"Vi hjelper deg med produksjon, kopiering og pressing av CD, DVD og vinyl. N\u00e5r du vil lave CD, DVD eller vinyl, er vi et profesjonelt valg.\" \/>\n<meta property=\"og:url\" content=\"https:\/\/discrepublic.se\/no\/betaling\/\" \/>\n<meta property=\"og:site_name\" content=\"DiscRepublic\" \/>\n<meta property=\"article:publisher\" content=\"https:\/\/www.facebook.com\/Discrepublic\" \/>\n<meta property=\"article:modified_time\" content=\"2025-12-02T04:47:55+00:00\" \/>\n<meta property=\"og:image\" content=\"https:\/\/discrepublic.se\/no\/wp-content\/uploads\/2025\/11\/discrepublic-no-og.webp\" \/>\n\t<meta property=\"og:image:width\" content=\"1200\" \/>\n\t<meta property=\"og:image:height\" content=\"675\" \/>\n\t<meta property=\"og:image:type\" content=\"image\/webp\" \/>\n<meta name=\"twitter:card\" content=\"summary_large_image\" \/>\n<meta name=\"twitter:site\" content=\"@DiscRepublicCom\" \/>\n<script type=\"application\/ld+json\" class=\"yoast-schema-graph\">{\"@context\":\"https:\\\/\\\/schema.org\",\"@graph\":[{\"@type\":\"WebPage\",\"@id\":\"https:\\\/\\\/discrepublic.se\\\/no\\\/betaling\\\/\",\"url\":\"https:\\\/\\\/discrepublic.se\\\/no\\\/betaling\\\/\",\"name\":\"Discrepublic.com - Produksjon, kopiering, trykk og brenning av CD, DVD og vinylplater LP\",\"isPartOf\":{\"@id\":\"https:\\\/\\\/discrepublic.se\\\/no\\\/#website\"},\"datePublished\":\"2025-12-02T04:47:50+00:00\",\"dateModified\":\"2025-12-02T04:47:55+00:00\",\"description\":\"Vi hjelper deg med produksjon, kopiering og pressing av CD, DVD og vinyl. N\u00e5r du vil lave CD, DVD eller vinyl, er vi et profesjonelt valg.\",\"breadcrumb\":{\"@id\":\"https:\\\/\\\/discrepublic.se\\\/no\\\/betaling\\\/#breadcrumb\"},\"inLanguage\":\"nb-NO\",\"potentialAction\":[{\"@type\":\"ReadAction\",\"target\":[\"https:\\\/\\\/discrepublic.se\\\/no\\\/betaling\\\/\"]}]},{\"@type\":\"BreadcrumbList\",\"@id\":\"https:\\\/\\\/discrepublic.se\\\/no\\\/betaling\\\/#breadcrumb\",\"itemListElement\":[{\"@type\":\"ListItem\",\"position\":1,\"name\":\"Home\",\"item\":\"https:\\\/\\\/discrepublic.se\\\/no\\\/\"},{\"@type\":\"ListItem\",\"position\":2,\"name\":\"Betaling\"}]},{\"@type\":\"WebSite\",\"@id\":\"https:\\\/\\\/discrepublic.se\\\/no\\\/#website\",\"url\":\"https:\\\/\\\/discrepublic.se\\\/no\\\/\",\"name\":\"DiscRepublic\",\"description\":\"Nettbutikk for CD-, DVD- og Vinyl-produksjoner, digital distribusjon og grafisk layout.\",\"publisher\":{\"@id\":\"https:\\\/\\\/discrepublic.se\\\/no\\\/#organization\"},\"potentialAction\":[{\"@type\":\"SearchAction\",\"target\":{\"@type\":\"EntryPoint\",\"urlTemplate\":\"https:\\\/\\\/discrepublic.se\\\/no\\\/?s={search_term_string}\"},\"query-input\":{\"@type\":\"PropertyValueSpecification\",\"valueRequired\":true,\"valueName\":\"search_term_string\"}}],\"inLanguage\":\"nb-NO\"},{\"@type\":\"Organization\",\"@id\":\"https:\\\/\\\/discrepublic.se\\\/no\\\/#organization\",\"name\":\"DiscRepublic\",\"url\":\"https:\\\/\\\/discrepublic.se\\\/no\\\/\",\"logo\":{\"@type\":\"ImageObject\",\"inLanguage\":\"nb-NO\",\"@id\":\"https:\\\/\\\/discrepublic.se\\\/no\\\/#\\\/schema\\\/logo\\\/image\\\/\",\"url\":\"https:\\\/\\\/discrepublic.se\\\/no\\\/\\\/wp-content\\\/uploads\\\/2023\\\/05\\\/discrepublic-logo-gold.png\",\"contentUrl\":\"https:\\\/\\\/discrepublic.se\\\/no\\\/\\\/wp-content\\\/uploads\\\/2023\\\/05\\\/discrepublic-logo-gold.png\",\"width\":1181,\"height\":311,\"caption\":\"DiscRepublic\"},\"image\":{\"@id\":\"https:\\\/\\\/discrepublic.se\\\/no\\\/#\\\/schema\\\/logo\\\/image\\\/\"},\"sameAs\":[\"https:\\\/\\\/www.facebook.com\\\/Discrepublic\",\"https:\\\/\\\/x.com\\\/DiscRepublicCom\",\"https:\\\/\\\/www.instagram.com\\\/discrepubliccom\\\/\",\"https:\\\/\\\/www.youtube.com\\\/channel\\\/UCOv79wfId7C_H9VSlXMT_oA\"]}]}<\/script>\n<!-- \/ Yoast SEO plugin. -->","yoast_head_json":{"title":"Discrepublic.com - Produksjon, kopiering, trykk og brenning av CD, DVD og vinylplater LP","description":"Vi hjelper deg med produksjon, kopiering og pressing av CD, DVD og vinyl. N\u00e5r du vil lave CD, DVD eller vinyl, er vi et profesjonelt valg.","robots":{"index":"index","follow":"follow","max-snippet":"max-snippet:-1","max-image-preview":"max-image-preview:large","max-video-preview":"max-video-preview:-1"},"canonical":"https:\/\/discrepublic.se\/no\/betaling\/","og_locale":"nb_NO","og_type":"article","og_title":"Discrepublic.com - Produksjon, kopiering, trykk og brenning av CD, DVD og vinylplater LP","og_description":"Vi hjelper deg med produksjon, kopiering og pressing av CD, DVD og vinyl. N\u00e5r du vil lave CD, DVD eller vinyl, er vi et profesjonelt valg.","og_url":"https:\/\/discrepublic.se\/no\/betaling\/","og_site_name":"DiscRepublic","article_publisher":"https:\/\/www.facebook.com\/Discrepublic","article_modified_time":"2025-12-02T04:47:55+00:00","og_image":[{"width":1200,"height":675,"url":"https:\/\/discrepublic.se\/no\/wp-content\/uploads\/2025\/11\/discrepublic-no-og.webp","type":"image\/webp"}],"twitter_card":"summary_large_image","twitter_site":"@DiscRepublicCom","schema":{"@context":"https:\/\/schema.org","@graph":[{"@type":"WebPage","@id":"https:\/\/discrepublic.se\/no\/betaling\/","url":"https:\/\/discrepublic.se\/no\/betaling\/","name":"Discrepublic.com - Produksjon, kopiering, trykk og brenning av CD, DVD og vinylplater LP","isPartOf":{"@id":"https:\/\/discrepublic.se\/no\/#website"},"datePublished":"2025-12-02T04:47:50+00:00","dateModified":"2025-12-02T04:47:55+00:00","description":"Vi hjelper deg med produksjon, kopiering og pressing av CD, DVD og vinyl. N\u00e5r du vil lave CD, DVD eller vinyl, er vi et profesjonelt valg.","breadcrumb":{"@id":"https:\/\/discrepublic.se\/no\/betaling\/#breadcrumb"},"inLanguage":"nb-NO","potentialAction":[{"@type":"ReadAction","target":["https:\/\/discrepublic.se\/no\/betaling\/"]}]},{"@type":"BreadcrumbList","@id":"https:\/\/discrepublic.se\/no\/betaling\/#breadcrumb","itemListElement":[{"@type":"ListItem","position":1,"name":"Home","item":"https:\/\/discrepublic.se\/no\/"},{"@type":"ListItem","position":2,"name":"Betaling"}]},{"@type":"WebSite","@id":"https:\/\/discrepublic.se\/no\/#website","url":"https:\/\/discrepublic.se\/no\/","name":"DiscRepublic","description":"Nettbutikk for CD-, DVD- og Vinyl-produksjoner, digital distribusjon og grafisk layout.","publisher":{"@id":"https:\/\/discrepublic.se\/no\/#organization"},"potentialAction":[{"@type":"SearchAction","target":{"@type":"EntryPoint","urlTemplate":"https:\/\/discrepublic.se\/no\/?s={search_term_string}"},"query-input":{"@type":"PropertyValueSpecification","valueRequired":true,"valueName":"search_term_string"}}],"inLanguage":"nb-NO"},{"@type":"Organization","@id":"https:\/\/discrepublic.se\/no\/#organization","name":"DiscRepublic","url":"https:\/\/discrepublic.se\/no\/","logo":{"@type":"ImageObject","inLanguage":"nb-NO","@id":"https:\/\/discrepublic.se\/no\/#\/schema\/logo\/image\/","url":"https:\/\/discrepublic.se\/no\/\/wp-content\/uploads\/2023\/05\/discrepublic-logo-gold.png","contentUrl":"https:\/\/discrepublic.se\/no\/\/wp-content\/uploads\/2023\/05\/discrepublic-logo-gold.png","width":1181,"height":311,"caption":"DiscRepublic"},"image":{"@id":"https:\/\/discrepublic.se\/no\/#\/schema\/logo\/image\/"},"sameAs":["https:\/\/www.facebook.com\/Discrepublic","https:\/\/x.com\/DiscRepublicCom","https:\/\/www.instagram.com\/discrepubliccom\/","https:\/\/www.youtube.com\/channel\/UCOv79wfId7C_H9VSlXMT_oA"]}]}},"_links":{"self":[{"href":"https:\/\/discrepublic.se\/no\/wp-json\/wp\/v2\/pages\/272828","targetHints":{"allow":["GET"]}}],"collection":[{"href":"https:\/\/discrepublic.se\/no\/wp-json\/wp\/v2\/pages"}],"about":[{"href":"https:\/\/discrepublic.se\/no\/wp-json\/wp\/v2\/types\/page"}],"author":[{"embeddable":true,"href":"https:\/\/discrepublic.se\/no\/wp-json\/wp\/v2\/users\/1"}],"replies":[{"embeddable":true,"href":"https:\/\/discrepublic.se\/no\/wp-json\/wp\/v2\/comments?post=272828"}],"version-history":[{"count":0,"href":"https:\/\/discrepublic.se\/no\/wp-json\/wp\/v2\/pages\/272828\/revisions"}],"wp:attachment":[{"href":"https:\/\/discrepublic.se\/no\/wp-json\/wp\/v2\/media?parent=272828"}],"curies":[{"name":"wp","href":"https:\/\/api.w.org\/{rel}","templated":true}]}}