{"id":272797,"date":"2025-12-02T05:29:09","date_gmt":"2025-12-02T04:29:09","guid":{"rendered":"https:\/\/discrepublic.se\/no\/?page_id=272797"},"modified":"2025-12-02T05:29:14","modified_gmt":"2025-12-02T04:29:14","slug":"leveranse","status":"publish","type":"page","link":"https:\/\/discrepublic.se\/no\/leveranse\/","title":{"rendered":"Leveranse"},"content":{"rendered":"<p>[et_pb_section fb_built=&raquo;1&#8243; _builder_version=&raquo;4.27.4&#8243; _module_preset=&raquo;default&raquo; background_color=&raquo;#F3F3ED&raquo; custom_padding=&raquo;20px||20px||true|false&raquo; global_colors_info=&raquo;{}&raquo; theme_builder_area=&raquo;post_content&raquo;][et_pb_row column_structure=&raquo;1_4,3_4&#8243; _builder_version=&raquo;4.27.4&#8243; _module_preset=&raquo;default&raquo; global_colors_info=&raquo;{}&raquo; theme_builder_area=&raquo;post_content&raquo;][et_pb_column type=&raquo;1_4&#8243; _builder_version=&raquo;4.27.4&#8243; _module_preset=&raquo;default&raquo; global_colors_info=&raquo;{}&raquo; theme_builder_area=&raquo;post_content&raquo;][et_pb_image src=&raquo;https:\/\/discrepublic.se\/no\/\/wp-content\/uploads\/2025\/12\/Ikon_06.svg&raquo; title_text=&raquo;Ikon_06&#8243; align=&raquo;center&raquo; align_tablet=&raquo;center&raquo; align_last_edited=&raquo;off|desktop&raquo; _builder_version=&raquo;4.27.4&#8243; _module_preset=&raquo;default&raquo; max_width=&raquo;46%&raquo; max_width_tablet=&raquo;28%&raquo; max_width_phone=&raquo;30%&raquo; max_width_last_edited=&raquo;on|phone&raquo; module_alignment=&raquo;right&raquo; module_alignment_tablet=&raquo;center&raquo; module_alignment_phone=&raquo;center&raquo; module_alignment_last_edited=&raquo;on|desktop&raquo; global_colors_info=&raquo;{}&raquo; theme_builder_area=&raquo;post_content&raquo;][\/et_pb_image][\/et_pb_column][et_pb_column type=&raquo;3_4&#8243; _builder_version=&raquo;4.27.4&#8243; _module_preset=&raquo;default&raquo; global_colors_info=&raquo;{}&raquo; theme_builder_area=&raquo;post_content&raquo;][et_pb_text _builder_version=&raquo;4.27.4&#8243; _module_preset=&raquo;default&raquo; text_font_size=&raquo;14px&raquo; max_width=&raquo;700px&raquo; header_font_size_tablet=&raquo;28px&raquo; header_font_size_phone=&raquo;22px&raquo; header_font_size_last_edited=&raquo;on|phone&raquo; custom_css_free_form=&raquo;selector h1 { font-weight:400;}&raquo; global_colors_info=&raquo;{}&raquo; theme_builder_area=&raquo;post_content&raquo;]<\/p>\n<h1>LEVERINGSINFORMASJON<\/h1>\n<p>P\u00e5 denne siden har vi samlet v\u00e5r leveringsinformasjon. Hvis du ikke finner svar p\u00e5 sp\u00f8rsm\u00e5lene dine her, er du velkommen til \u00e5 kontakte oss. N\u00e5r v\u00e5r chat er \u00e5pen, kan du klikke p\u00e5 ikonet nederst i h\u00f8yre hj\u00f8rne. Du kan ogs\u00e5 ringe eller sende e-post til oss. <span style=\"text-decoration: underline;\"><a href=\"https:\/\/discrepublic.se\/no\/kontakta-oss\/\">Se alle v\u00e5re kontaktopplysninger her<\/a><\/span> \u00bb<\/p>\n<p>[\/et_pb_text][\/et_pb_column][\/et_pb_row][\/et_pb_section][et_pb_section fb_built=&raquo;1&#8243; disabled_on=&raquo;off|off|off&raquo; _builder_version=&raquo;4.27.4&#8243; _module_preset=&raquo;default&raquo; custom_padding=&raquo;||0px||false|false&raquo; global_colors_info=&raquo;{}&raquo; theme_builder_area=&raquo;post_content&raquo;][et_pb_row column_structure=&raquo;1_4,3_4&#8243; use_custom_gutter=&raquo;on&raquo; gutter_width=&raquo;2&#8243; disabled_on=&raquo;off|off|off&raquo; _builder_version=&raquo;4.27.4&#8243; _module_preset=&raquo;default&raquo; custom_padding=&raquo;0px||||false|false&raquo; global_colors_info=&raquo;{}&raquo; theme_builder_area=&raquo;post_content&raquo;][et_pb_column type=&raquo;1_4&#8243; _builder_version=&raquo;4.27.4&#8243; _module_preset=&raquo;default&raquo; custom_padding=&raquo;40px||||false|false&raquo; sticky_position=&raquo;top&raquo; sticky_limit_bottom=&raquo;section&raquo; global_colors_info=&raquo;{}&raquo; theme_builder_area=&raquo;post_content&raquo;][et_pb_button button_url=&raquo;#leveranstid&raquo; button_text=&raquo;Bestilling&raquo; _builder_version=&raquo;4.27.4&#8243; _module_preset=&raquo;default&raquo; custom_button=&raquo;on&raquo; button_text_color=&raquo;#FFFFFF&raquo; button_bg_color=&raquo;#B49B57&#8243; button_border_color=&raquo;#B49B57&#8243; button_font=&raquo;|600||on|||||&raquo; custom_margin=&raquo;||20px||false|false&raquo; custom_padding=&raquo;8px|18px|8px|18px|true|true&raquo; custom_css_main_element=&raquo;width: 100%&raquo; global_colors_info=&raquo;{}&raquo; button_bg_color__hover_enabled=&raquo;on|desktop&raquo; button_bg_color__hover=&raquo;#c8ab6c&raquo; button_bg_enable_color__hover=&raquo;on&raquo; button_border_color__hover_enabled=&raquo;on|hover&raquo; button_border_color__hover=&raquo;#c8ab6c&raquo; theme_builder_area=&raquo;post_content&raquo;][\/et_pb_button][et_pb_button button_url=&raquo;#produktionstid&raquo; button_text=&raquo;Produksjons- og leveringstid&raquo; _builder_version=&raquo;4.27.4&#8243; _module_preset=&raquo;default&raquo; custom_button=&raquo;on&raquo; button_text_color=&raquo;#FFFFFF&raquo; button_bg_color=&raquo;#B49B57&#8243; button_border_color=&raquo;#B49B57&#8243; button_font=&raquo;|600||on|||||&raquo; custom_margin=&raquo;||20px||false|false&raquo; custom_padding=&raquo;8px|18px|8px|18px|true|true&raquo; custom_css_main_element=&raquo;width: 100%&raquo; global_colors_info=&raquo;{}&raquo; button_border_color__hover_enabled=&raquo;on|hover&raquo; button_border_color__hover=&raquo;#c8ab6c&raquo; button_bg_color__hover_enabled=&raquo;on|desktop&raquo; button_bg_color__hover=&raquo;#c8ab6c&raquo; button_bg_enable_color__hover=&raquo;on&raquo; theme_builder_area=&raquo;post_content&raquo;][\/et_pb_button][et_pb_button button_url=&raquo;#frakt&raquo; button_text=&raquo;Frakt&raquo; _builder_version=&raquo;4.27.4&#8243; _module_preset=&raquo;default&raquo; custom_button=&raquo;on&raquo; button_text_color=&raquo;#FFFFFF&raquo; button_bg_color=&raquo;#B49B57&#8243; button_border_color=&raquo;#B49B57&#8243; button_font=&raquo;|600||on|||||&raquo; custom_margin=&raquo;||20px||false|false&raquo; custom_padding=&raquo;8px|18px|8px|18px|true|true&raquo; custom_css_main_element=&raquo;width: 100%&raquo; global_colors_info=&raquo;{}&raquo; button_border_color__hover=&raquo;#c8ab6c&raquo; button_border_color__hover_enabled=&raquo;on|hover&raquo; button_bg_color__hover=&raquo;#c8ab6c&raquo; button_bg_color__hover_enabled=&raquo;on|desktop&raquo; theme_builder_area=&raquo;post_content&raquo;][\/et_pb_button][et_pb_button button_url=&raquo;#sok&raquo; button_text=&raquo;S\u00f8k etter pakken din&raquo; _builder_version=&raquo;4.27.4&#8243; _module_preset=&raquo;default&raquo; custom_button=&raquo;on&raquo; button_text_color=&raquo;#FFFFFF&raquo; button_bg_color=&raquo;#B49B57&#8243; button_border_color=&raquo;#B49B57&#8243; button_font=&raquo;|600||on|||||&raquo; custom_margin=&raquo;||20px||false|false&raquo; custom_padding=&raquo;8px|18px|8px|18px|true|true&raquo; custom_css_main_element=&raquo;width: 100%&raquo; global_colors_info=&raquo;{}&raquo; button_border_color__hover=&raquo;#c8ab6c&raquo; button_border_color__hover_enabled=&raquo;on|hover&raquo; button_bg_color__hover=&raquo;#c8ab6c&raquo; button_bg_color__hover_enabled=&raquo;on|desktop&raquo; theme_builder_area=&raquo;post_content&raquo;][\/et_pb_button][\/et_pb_column][et_pb_column type=&raquo;3_4&#8243; _builder_version=&raquo;4.27.4&#8243; _module_preset=&raquo;default&raquo; global_colors_info=&raquo;{}&raquo; theme_builder_area=&raquo;post_content&raquo;][et_pb_text module_id=&raquo;leveranstid&raquo; _builder_version=&raquo;4.27.4&#8243; _module_preset=&raquo;default&raquo; text_font_size=&raquo;14px&raquo; header_2_font_size=&raquo;27px&raquo; header_3_font_size=&raquo;32px&raquo; custom_padding=&raquo;40px||10px||false|false&raquo; custom_css_free_form=&raquo;selector h3 { font-weight: 400;}&raquo; global_colors_info=&raquo;{}&raquo; theme_builder_area=&raquo;post_content&raquo;]<\/p>\n<h3>Slik h\u00e5ndteres bestillingen din<\/h3>\n<p><b>Etter bestilling<\/b> \u2013 N\u00e5r kj\u00f8pet ditt er gjennomf\u00f8rt, sendes en automatisk bekreftelse til din e-postadresse. Bekreftelsen viser en oppsummering av bestillingen din sammen med estimert produksjons- og leveringstid. Bekreftelsen inneholder ogs\u00e5 ordrenummeret ditt; husk \u00e5 inkludere dette n\u00e5r du laster opp filene dine.<\/p>\n<p><b>Etter filopplasting<\/b> \u2013 Vi laster ned filene dine og kommer tilbake med PDF-korrektur p\u00e5 trykkfilene dine og bekreftelse p\u00e5 at masteren fungerer via e-post innen 2 virkedager.<\/p>\n<p><b>F\u00f8r produksjon<\/b> \u2013 N\u00e5r du har godkjent v\u00e5r trykkorrektur (via e-post) og lastet opp innholdet ditt (lyd, video, andre filer), starter produksjonen. Produksjonstiden varierer avhengig av produkt.<\/p>\n<p><b>Oppdateringer eller endringer<\/b> \u2013 Hvis bestillingen din blir forsinket, eller noe annet endres, varsler vi deg via e-post.<\/p>\n<p><b>Produksjon p\u00e5 vei<\/b> \u2013 S\u00e5 snart bestillingen din sendes fra oss, mottar du en e-post med en sporingslenke fra N-shift \/ UPS, hvor du kan f\u00f8lge pakken\/pakkene p\u00e5 vei hjem til deg.<\/p>\n<ul>\n<li>Leveringstiden til privatpersoner og bedrifter er vanligvis 1\u20132 arbeidsdager*.<\/li>\n<li>Bestillinger til privatpersoner og bedrifter utenfor Norge sendes vanligvis med UPS. Leveringstiden innen Europa er da 1\u20135 arbeidsdager.<\/li>\n<\/ul>\n<p>* = For mer utilgjengelige adresser som ligger utenfor UPS sine daglige ruter, skjer levering vanligvis innen 2\u20135 arbeidsdager eller s\u00e5 snart som mulig.<\/p>\n<p>[\/et_pb_text][et_pb_text module_id=&raquo;produktionstid&raquo; _builder_version=&raquo;4.27.4&#8243; _module_preset=&raquo;default&raquo; text_font_size=&raquo;14px&raquo; header_2_font_size=&raquo;27px&raquo; header_3_font_size=&raquo;32px&raquo; custom_padding=&raquo;40px||10px||false|false&raquo; custom_css_free_form=&raquo;selector h3 { font-weight: 400;}&raquo; global_colors_info=&raquo;{}&raquo; theme_builder_area=&raquo;post_content&raquo;]<\/p>\n<h3>Produksjons- og leveringstid<\/h3>\n<p>N\u00e5r du har godkjent korrekturen, starter dag 0 av produksjonstiden. V\u00e5r beregnede ordin\u00e6re produksjons- og leveringstid varierer avhengig av produkt:<\/p>\n<ul>\n<li>CD og DVD \u2013 ca. 14 arbeidsdager<\/li>\n<li>Innbundet bok \u2013 ca. 25 arbeidsdager<\/li>\n<li>Blu-ray \u2013 ca. 20 arbeidsdager<\/li>\n<li>Vinyl \u2013 ca. 8 uker<\/li>\n<li>Kassett \u2013 ca. 20 arbeidsdager<\/li>\n<li>USB \u2013 ca. 25 arbeidsdager<\/li>\n<\/ul>\n<p>Vi kan ogs\u00e5 tilby ekspressproduksjon p\u00e5 bestillinger for CD, DVD, Blu-ray og innbundet bok, noe som inneb\u00e6rer at bestillingen prioriteres i produksjonen og dermed blir klar for levering noen dager tidligere. Ekspress koster litt ekstra for \u00e5 dekke h\u00e5ndteringskostnaden. Velg ditt foretrukne alternativ i kassen! For vinyl, kassett og USB har vi dessverre ikke mulighet til \u00e5 tilby ekspressalternativ.<\/p>\n<p>V\u00e5r beregnede ekspress produksjons- og leveringstid varierer avhengig av produkt:<\/p>\n<ul>\n<li>CD, DVD og Blu-ray \u2013 ca. 10\u201311 arbeidsdager<\/li>\n<li>Innbundet bok \u2013 ca. 20 arbeidsdager<\/li>\n<\/ul>\n<p>Arbeidsdager er mandag \u2013 fredag, eksklusive helligdager.<\/p>\n<p>[\/et_pb_text][et_pb_text module_id=&raquo;frakt&raquo; _builder_version=&raquo;4.27.4&#8243; _module_preset=&raquo;default&raquo; text_font_size=&raquo;14px&raquo; header_2_font_size=&raquo;27px&raquo; header_3_font_size=&raquo;32px&raquo; custom_padding=&raquo;40px||10px||false|false&raquo; custom_css_free_form=&raquo;selector h3 { font-weight: 400;}&raquo; global_colors_info=&raquo;{}&raquo; theme_builder_area=&raquo;post_content&raquo;]<\/p>\n<h3>Frakt<\/h3>\n<p>Bestillinger til privatpersoner eller bedrifter sendes trygt og sikkert med UPS (d\u00f8r til d\u00f8r). Du mottar en melding via SMS og e-post med ulike fraktalternativer s\u00e5 snart bestillingen er p\u00e5 vei for levering. Dere kj\u00f8per fra Sverige eksklusive svensk moms, derfor tilkommer norsk MVA p\u00e5 en separat faktura fra UPS ved importtidspunktet.<\/p>\n<p>[\/et_pb_text][et_pb_text module_id=&raquo;sok&raquo; _builder_version=&raquo;4.27.4&#8243; _module_preset=&raquo;default&raquo; text_font_size=&raquo;14px&raquo; header_2_font_size=&raquo;27px&raquo; header_3_font_size=&raquo;32px&raquo; custom_padding=&raquo;40px||10px||false|false&raquo; custom_css_free_form=&raquo;selector h3 { font-weight: 400;}&raquo; global_colors_info=&raquo;{}&raquo; theme_builder_area=&raquo;post_content&raquo;]<\/p>\n<h3>S\u00f8k etter pakken din<\/h3>\n<p>F\u00f8lg pakken direkte via v\u00e5r transport\u00f8rs nettside:<\/p>\n<p><span style=\"text-decoration: underline;\"><a href=\"https:\/\/www.ups.com\/track?loc=no_NO&amp;requester=ST\/\" target=\"_blank\" rel=\"noopener\">Spor pakke UPS<\/a><\/span><\/p>\n<p>[\/et_pb_text][\/et_pb_column][\/et_pb_row][\/et_pb_section]<\/p>\n","protected":false},"excerpt":{"rendered":"<p>LEVERINGSINFORMASJON P\u00e5 denne siden har vi samlet v\u00e5r leveringsinformasjon. Hvis du ikke finner svar p\u00e5 sp\u00f8rsm\u00e5lene dine her, er du velkommen til \u00e5 kontakte oss. N\u00e5r v\u00e5r chat er \u00e5pen, kan du klikke p\u00e5 ikonet nederst i h\u00f8yre hj\u00f8rne. Du kan ogs\u00e5 ringe eller sende e-post til oss. Se alle v\u00e5re kontaktopplysninger her \u00bbSlik h\u00e5ndteres [&hellip;]<\/p>\n","protected":false},"author":1,"featured_media":0,"parent":0,"menu_order":0,"comment_status":"closed","ping_status":"closed","template":"","meta":{"_et_pb_use_builder":"on","_et_pb_old_content":"","_et_gb_content_width":"","footnotes":""},"class_list":["post-272797","page","type-page","status-publish","hentry"],"yoast_head":"<!-- This site is optimized with the Yoast SEO plugin v27.4 - https:\/\/yoast.com\/product\/yoast-seo-wordpress\/ -->\n<title>Discrepublic.com - Produksjon, kopiering, trykk og brenning av CD, DVD og vinylplater LP<\/title>\n<meta name=\"description\" content=\"Vi hjelper deg med produksjon, kopiering og pressing av CD, DVD og vinyl. N\u00e5r du vil lave CD, DVD eller vinyl, er vi et profesjonelt valg.\" \/>\n<meta name=\"robots\" content=\"index, follow, max-snippet:-1, max-image-preview:large, max-video-preview:-1\" \/>\n<link rel=\"canonical\" href=\"https:\/\/discrepublic.se\/no\/leveranse\/\" \/>\n<meta property=\"og:locale\" content=\"nb_NO\" \/>\n<meta property=\"og:type\" content=\"article\" \/>\n<meta property=\"og:title\" content=\"Discrepublic.com - Produksjon, kopiering, trykk og brenning av CD, DVD og vinylplater LP\" \/>\n<meta property=\"og:description\" content=\"Vi hjelper deg med produksjon, kopiering og pressing av CD, DVD og vinyl. N\u00e5r du vil lave CD, DVD eller vinyl, er vi et profesjonelt valg.\" \/>\n<meta property=\"og:url\" content=\"https:\/\/discrepublic.se\/no\/leveranse\/\" \/>\n<meta property=\"og:site_name\" content=\"DiscRepublic\" \/>\n<meta property=\"article:publisher\" content=\"https:\/\/www.facebook.com\/Discrepublic\" \/>\n<meta property=\"article:modified_time\" content=\"2025-12-02T04:29:14+00:00\" \/>\n<meta property=\"og:image\" content=\"https:\/\/discrepublic.se\/no\/wp-content\/uploads\/2025\/11\/discrepublic-no-og.webp\" \/>\n\t<meta property=\"og:image:width\" content=\"1200\" \/>\n\t<meta property=\"og:image:height\" content=\"675\" \/>\n\t<meta property=\"og:image:type\" content=\"image\/webp\" \/>\n<meta name=\"twitter:card\" content=\"summary_large_image\" \/>\n<meta name=\"twitter:site\" content=\"@DiscRepublicCom\" \/>\n<script type=\"application\/ld+json\" class=\"yoast-schema-graph\">{\"@context\":\"https:\\\/\\\/schema.org\",\"@graph\":[{\"@type\":\"WebPage\",\"@id\":\"https:\\\/\\\/discrepublic.se\\\/no\\\/leveranse\\\/\",\"url\":\"https:\\\/\\\/discrepublic.se\\\/no\\\/leveranse\\\/\",\"name\":\"Discrepublic.com - Produksjon, kopiering, trykk og brenning av CD, DVD og vinylplater LP\",\"isPartOf\":{\"@id\":\"https:\\\/\\\/discrepublic.se\\\/no\\\/#website\"},\"datePublished\":\"2025-12-02T04:29:09+00:00\",\"dateModified\":\"2025-12-02T04:29:14+00:00\",\"description\":\"Vi hjelper deg med produksjon, kopiering og pressing av CD, DVD og vinyl. N\u00e5r du vil lave CD, DVD eller vinyl, er vi et profesjonelt valg.\",\"breadcrumb\":{\"@id\":\"https:\\\/\\\/discrepublic.se\\\/no\\\/leveranse\\\/#breadcrumb\"},\"inLanguage\":\"nb-NO\",\"potentialAction\":[{\"@type\":\"ReadAction\",\"target\":[\"https:\\\/\\\/discrepublic.se\\\/no\\\/leveranse\\\/\"]}]},{\"@type\":\"BreadcrumbList\",\"@id\":\"https:\\\/\\\/discrepublic.se\\\/no\\\/leveranse\\\/#breadcrumb\",\"itemListElement\":[{\"@type\":\"ListItem\",\"position\":1,\"name\":\"Home\",\"item\":\"https:\\\/\\\/discrepublic.se\\\/no\\\/\"},{\"@type\":\"ListItem\",\"position\":2,\"name\":\"Leveranse\"}]},{\"@type\":\"WebSite\",\"@id\":\"https:\\\/\\\/discrepublic.se\\\/no\\\/#website\",\"url\":\"https:\\\/\\\/discrepublic.se\\\/no\\\/\",\"name\":\"DiscRepublic\",\"description\":\"Nettbutikk for CD-, DVD- og Vinyl-produksjoner, digital distribusjon og grafisk layout.\",\"publisher\":{\"@id\":\"https:\\\/\\\/discrepublic.se\\\/no\\\/#organization\"},\"potentialAction\":[{\"@type\":\"SearchAction\",\"target\":{\"@type\":\"EntryPoint\",\"urlTemplate\":\"https:\\\/\\\/discrepublic.se\\\/no\\\/?s={search_term_string}\"},\"query-input\":{\"@type\":\"PropertyValueSpecification\",\"valueRequired\":true,\"valueName\":\"search_term_string\"}}],\"inLanguage\":\"nb-NO\"},{\"@type\":\"Organization\",\"@id\":\"https:\\\/\\\/discrepublic.se\\\/no\\\/#organization\",\"name\":\"DiscRepublic\",\"url\":\"https:\\\/\\\/discrepublic.se\\\/no\\\/\",\"logo\":{\"@type\":\"ImageObject\",\"inLanguage\":\"nb-NO\",\"@id\":\"https:\\\/\\\/discrepublic.se\\\/no\\\/#\\\/schema\\\/logo\\\/image\\\/\",\"url\":\"https:\\\/\\\/discrepublic.se\\\/no\\\/\\\/wp-content\\\/uploads\\\/2023\\\/05\\\/discrepublic-logo-gold.png\",\"contentUrl\":\"https:\\\/\\\/discrepublic.se\\\/no\\\/\\\/wp-content\\\/uploads\\\/2023\\\/05\\\/discrepublic-logo-gold.png\",\"width\":1181,\"height\":311,\"caption\":\"DiscRepublic\"},\"image\":{\"@id\":\"https:\\\/\\\/discrepublic.se\\\/no\\\/#\\\/schema\\\/logo\\\/image\\\/\"},\"sameAs\":[\"https:\\\/\\\/www.facebook.com\\\/Discrepublic\",\"https:\\\/\\\/x.com\\\/DiscRepublicCom\",\"https:\\\/\\\/www.instagram.com\\\/discrepubliccom\\\/\",\"https:\\\/\\\/www.youtube.com\\\/channel\\\/UCOv79wfId7C_H9VSlXMT_oA\"]}]}<\/script>\n<!-- \/ Yoast SEO plugin. -->","yoast_head_json":{"title":"Discrepublic.com - Produksjon, kopiering, trykk og brenning av CD, DVD og vinylplater LP","description":"Vi hjelper deg med produksjon, kopiering og pressing av CD, DVD og vinyl. N\u00e5r du vil lave CD, DVD eller vinyl, er vi et profesjonelt valg.","robots":{"index":"index","follow":"follow","max-snippet":"max-snippet:-1","max-image-preview":"max-image-preview:large","max-video-preview":"max-video-preview:-1"},"canonical":"https:\/\/discrepublic.se\/no\/leveranse\/","og_locale":"nb_NO","og_type":"article","og_title":"Discrepublic.com - Produksjon, kopiering, trykk og brenning av CD, DVD og vinylplater LP","og_description":"Vi hjelper deg med produksjon, kopiering og pressing av CD, DVD og vinyl. N\u00e5r du vil lave CD, DVD eller vinyl, er vi et profesjonelt valg.","og_url":"https:\/\/discrepublic.se\/no\/leveranse\/","og_site_name":"DiscRepublic","article_publisher":"https:\/\/www.facebook.com\/Discrepublic","article_modified_time":"2025-12-02T04:29:14+00:00","og_image":[{"width":1200,"height":675,"url":"https:\/\/discrepublic.se\/no\/wp-content\/uploads\/2025\/11\/discrepublic-no-og.webp","type":"image\/webp"}],"twitter_card":"summary_large_image","twitter_site":"@DiscRepublicCom","schema":{"@context":"https:\/\/schema.org","@graph":[{"@type":"WebPage","@id":"https:\/\/discrepublic.se\/no\/leveranse\/","url":"https:\/\/discrepublic.se\/no\/leveranse\/","name":"Discrepublic.com - Produksjon, kopiering, trykk og brenning av CD, DVD og vinylplater LP","isPartOf":{"@id":"https:\/\/discrepublic.se\/no\/#website"},"datePublished":"2025-12-02T04:29:09+00:00","dateModified":"2025-12-02T04:29:14+00:00","description":"Vi hjelper deg med produksjon, kopiering og pressing av CD, DVD og vinyl. N\u00e5r du vil lave CD, DVD eller vinyl, er vi et profesjonelt valg.","breadcrumb":{"@id":"https:\/\/discrepublic.se\/no\/leveranse\/#breadcrumb"},"inLanguage":"nb-NO","potentialAction":[{"@type":"ReadAction","target":["https:\/\/discrepublic.se\/no\/leveranse\/"]}]},{"@type":"BreadcrumbList","@id":"https:\/\/discrepublic.se\/no\/leveranse\/#breadcrumb","itemListElement":[{"@type":"ListItem","position":1,"name":"Home","item":"https:\/\/discrepublic.se\/no\/"},{"@type":"ListItem","position":2,"name":"Leveranse"}]},{"@type":"WebSite","@id":"https:\/\/discrepublic.se\/no\/#website","url":"https:\/\/discrepublic.se\/no\/","name":"DiscRepublic","description":"Nettbutikk for CD-, DVD- og Vinyl-produksjoner, digital distribusjon og grafisk layout.","publisher":{"@id":"https:\/\/discrepublic.se\/no\/#organization"},"potentialAction":[{"@type":"SearchAction","target":{"@type":"EntryPoint","urlTemplate":"https:\/\/discrepublic.se\/no\/?s={search_term_string}"},"query-input":{"@type":"PropertyValueSpecification","valueRequired":true,"valueName":"search_term_string"}}],"inLanguage":"nb-NO"},{"@type":"Organization","@id":"https:\/\/discrepublic.se\/no\/#organization","name":"DiscRepublic","url":"https:\/\/discrepublic.se\/no\/","logo":{"@type":"ImageObject","inLanguage":"nb-NO","@id":"https:\/\/discrepublic.se\/no\/#\/schema\/logo\/image\/","url":"https:\/\/discrepublic.se\/no\/\/wp-content\/uploads\/2023\/05\/discrepublic-logo-gold.png","contentUrl":"https:\/\/discrepublic.se\/no\/\/wp-content\/uploads\/2023\/05\/discrepublic-logo-gold.png","width":1181,"height":311,"caption":"DiscRepublic"},"image":{"@id":"https:\/\/discrepublic.se\/no\/#\/schema\/logo\/image\/"},"sameAs":["https:\/\/www.facebook.com\/Discrepublic","https:\/\/x.com\/DiscRepublicCom","https:\/\/www.instagram.com\/discrepubliccom\/","https:\/\/www.youtube.com\/channel\/UCOv79wfId7C_H9VSlXMT_oA"]}]}},"_links":{"self":[{"href":"https:\/\/discrepublic.se\/no\/wp-json\/wp\/v2\/pages\/272797","targetHints":{"allow":["GET"]}}],"collection":[{"href":"https:\/\/discrepublic.se\/no\/wp-json\/wp\/v2\/pages"}],"about":[{"href":"https:\/\/discrepublic.se\/no\/wp-json\/wp\/v2\/types\/page"}],"author":[{"embeddable":true,"href":"https:\/\/discrepublic.se\/no\/wp-json\/wp\/v2\/users\/1"}],"replies":[{"embeddable":true,"href":"https:\/\/discrepublic.se\/no\/wp-json\/wp\/v2\/comments?post=272797"}],"version-history":[{"count":0,"href":"https:\/\/discrepublic.se\/no\/wp-json\/wp\/v2\/pages\/272797\/revisions"}],"wp:attachment":[{"href":"https:\/\/discrepublic.se\/no\/wp-json\/wp\/v2\/media?parent=272797"}],"curies":[{"name":"wp","href":"https:\/\/api.w.org\/{rel}","templated":true}]}}