{"id":207311,"date":"2019-05-18T04:20:17","date_gmt":"2019-05-18T04:20:17","guid":{"rendered":"https:\/\/skivtryck.se\/?page_id=207311"},"modified":"2025-12-02T07:43:58","modified_gmt":"2025-12-02T06:43:58","slug":"min-konto","status":"publish","type":"page","link":"https:\/\/discrepublic.se\/no\/min-konto\/","title":{"rendered":"Min konto"},"content":{"rendered":"<p>[et_pb_section fb_built=&raquo;1&#8243; disabled_on=&raquo;off|off|on&raquo; _builder_version=&raquo;4.27.4&#8243; background_color=&raquo;RGBA(255,255,255,0)&raquo; display_conditions=&raquo;W3siaWQiOiJiYTY3NGU0Mi1kYWUxLTQ1NDQtOTk0Ni1hNGVmNjk5ZWYxMzMiLCJjb25kaXRpb24iOiJsb2dnZWRJblN0YXR1cyIsImNvbmRpdGlvblNldHRpbmdzIjp7ImRpc3BsYXlSdWxlIjoibG9nZ2VkSW4iLCJhZG1pbkxhYmVsIjoiSW5sb2dnYWQgc3RhdHVzIiwiZW5hYmxlQ29uZGl0aW9uIjoib24ifSwib3BlcmF0b3IiOiJPUiJ9XQ==&raquo; custom_margin=&raquo;20px||||false|false&raquo; custom_padding=&raquo;0px||0px||false|false&raquo; global_colors_info=&raquo;{}&raquo;][et_pb_row _builder_version=&raquo;4.27.4&#8243; background_color=&raquo;#F3F3ED&raquo; width=&raquo;100%&raquo; max_width=&raquo;100%&raquo; custom_padding=&raquo;||||false|false&raquo; global_colors_info=&raquo;{}&raquo;][et_pb_column type=&raquo;4_4&#8243; _builder_version=&raquo;4.16&#8243; global_colors_info=&raquo;{}&raquo;][et_pb_text content_tablet=&raquo;<span style=%22color: #f3f3ed;%22><a href=%22\/min-konto\/edit-account\/%22 style=%22color: #000000;%22>Konto og passord<\/a>   &#8211;  <a href=%22\/min-konto\/orders\/%22 style=%22color: #000000;%22>Ordrehistorikk<\/a>  &#8211; <a href=%22\/min-konto\/edit-address\/%22 style=%22color: #000000;%22>Adresse<\/a>  &#8211; <a href=%22\/filoplasting\/%22 style=%22color: #000000;%22>Filoplasting<\/a>  &#8211; <a href=%22\/min-konto\/customer-logout\/%22 style=%22color: #000000;%22>Logg ut<\/a><\/span>&raquo; content_phone=&raquo;<span style=%22color: #f3f3ed;%22><a href=%22\/min-konto\/edit-account\/%22 style=%22color: #000000;%22>Konto<\/a>   &#8211;  <a href=%22\/min-konto\/orders\/%22 style=%22color: #000000;%22>Ordre<\/a>  &#8211; <a href=%22\/min-konto\/edit-address\/%22 style=%22color: #000000;%22>Adresse<\/a>  &#8211; <a href=%22\/filoplasting\/%22 style=%22color: #000000;%22>Filer<\/a>  &#8211; <a href=%22\/min-konto\/customer-logout\/%22 style=%22color: #000000;%22>Logg ut<\/a><\/span>&raquo; content_last_edited=&raquo;on|phone&raquo; _builder_version=&raquo;4.27.4&#8243; text_font=&raquo;|&#8211;et_global_heading_font_weight|||||||&raquo; background_color=&raquo;#F3F3ED&raquo; text_orientation=&raquo;center&raquo; max_width=&raquo;100%&raquo; text_font_size_tablet=&raquo;15px&raquo; text_font_size_phone=&raquo;3.5vw&raquo; text_font_size_last_edited=&raquo;on|phone&raquo; global_colors_info=&raquo;{}&raquo;]<span style=\"color: #f3f3ed;\"><a href=\"\/min-konto\/edit-account\/\" style=\"color: #000000;\">Konto og passord<\/a>\u00a0 \u00a0&#8211;\u00a0 <a href=\"\/min-konto\/orders\/\" style=\"color: #000000;\">Ordrehistorikk<\/a>\u00a0 &#8211; <a href=\"\/min-konto\/edit-address\/\" style=\"color: #000000;\">Adresse<\/a>\u00a0 &#8211;\u00a0<a href=\"\/filoplasting\/\" style=\"color: #000000;\">Filoplasting<\/a>\u00a0 &#8211;\u00a0<a href=\"\/min-konto\/customer-logout\/\" style=\"color: #000000;\">Logg ut<\/a><\/span>[\/et_pb_text][\/et_pb_column][\/et_pb_row][\/et_pb_section][et_pb_section fb_built=&raquo;1&#8243; disabled_on=&raquo;on|on|off&raquo; _builder_version=&raquo;4.27.4&#8243; display_conditions=&raquo;W3siaWQiOiJlM2M1OGQyYS01OWFiLTQ4ZTYtYjYyYi02MTcxYmJlYTkzZmIiLCJjb25kaXRpb24iOiJsb2dnZWRJblN0YXR1cyIsImNvbmRpdGlvblNldHRpbmdzIjp7ImRpc3BsYXlSdWxlIjoibG9nZ2VkSW4iLCJhZG1pbkxhYmVsIjoiSW5sb2dnYWQgc3RhdHVzIiwiZW5hYmxlQ29uZGl0aW9uIjoib24ifSwib3BlcmF0b3IiOiJPUiJ9XQ==&raquo; custom_padding=&raquo;30px||22px||false|false&raquo; global_colors_info=&raquo;{}&raquo;][et_pb_row column_structure=&raquo;1_5,1_5,1_5,1_5,1_5&#8243; use_custom_gutter=&raquo;on&raquo; gutter_width=&raquo;1&#8243; make_equal=&raquo;on&raquo; disabled_on=&raquo;off|off|off&raquo; _builder_version=&raquo;4.27.4&#8243; _module_preset=&raquo;default&raquo; custom_margin=&raquo;0px||0px||false|false&raquo; custom_padding=&raquo;0px||0px||false|false&raquo; locked=&raquo;off&raquo; global_colors_info=&raquo;{}&raquo;][et_pb_column type=&raquo;1_5&#8243; _builder_version=&raquo;4.27.4&#8243; _module_preset=&raquo;default&raquo; background_color=&raquo;RGBA(255,255,255,0)&raquo; border_color_all=&raquo;#FFFFFF&raquo; border_width_right=&raquo;10px&raquo; global_colors_info=&raquo;{}&raquo;][et_pb_blurb title=&raquo;Konto &#038; passord&raquo; use_icon=&raquo;on&raquo; font_icon=&raquo;&#xf007;||fa||400&#8243; icon_color=&raquo;#000000&#8243; image_icon_width=&raquo;90px&raquo; _builder_version=&raquo;4.27.4&#8243; _module_preset=&raquo;default&raquo; header_level=&raquo;h2&#8243; header_font=&raquo;||||||||&raquo; header_text_align=&raquo;center&raquo; header_font_size=&raquo;14px&raquo; background_color=&raquo;#F3F3ED&raquo; custom_padding=&raquo;40px|0px|40px|0px|true|true&raquo; link_option_url=&raquo;https:\/\/discrepublic.se\/no\/\/min-konto\/edit-account\/&raquo; hover_enabled=&raquo;0&#8243; custom_css_free_form=&raquo;selector h2 { font-weight: 400;}&raquo; global_colors_info=&raquo;{}&raquo; background__hover_enabled=&raquo;on|desktop&raquo; background_color__hover=&raquo;#f9f9f7&#8243; background_enable_color__hover=&raquo;on&raquo; sticky_enabled=&raquo;0&#8243;][\/et_pb_blurb][\/et_pb_column][et_pb_column type=&raquo;1_5&#8243; _builder_version=&raquo;4.27.4&#8243; _module_preset=&raquo;default&raquo; background_color=&raquo;RGBA(255,255,255,0)&raquo; border_color_all=&raquo;#FFFFFF&raquo; border_width_right=&raquo;10px&raquo; global_colors_info=&raquo;{}&raquo;][et_pb_blurb title=&raquo;Ordrehistorikk&raquo; use_icon=&raquo;on&raquo; font_icon=&raquo;&#xf46d;||fa||900&#8243; icon_color=&raquo;#333333&#8243; image_icon_width=&raquo;90px&raquo; _builder_version=&raquo;4.27.4&#8243; _module_preset=&raquo;default&raquo; header_level=&raquo;h2&#8243; header_font=&raquo;||||||||&raquo; header_text_align=&raquo;center&raquo; header_font_size=&raquo;14px&raquo; background_color=&raquo;#F3F3ED&raquo; custom_padding=&raquo;40px|0px|40px|0px|true|true&raquo; link_option_url=&raquo;https:\/\/discrepublic.se\/no\/\/min-konto\/orders\/&raquo; hover_enabled=&raquo;0&#8243; custom_css_free_form=&raquo;selector h2 { font-weight: 400;}&raquo; global_colors_info=&raquo;{}&raquo; background_color__hover=&raquo;#f9f9f7&#8243; background_enable_color__hover=&raquo;on&raquo; background__hover_enabled=&raquo;on|desktop&raquo; sticky_enabled=&raquo;0&#8243;][\/et_pb_blurb][\/et_pb_column][et_pb_column type=&raquo;1_5&#8243; _builder_version=&raquo;4.27.4&#8243; _module_preset=&raquo;default&raquo; background_color=&raquo;RGBA(255,255,255,0)&raquo; border_color_all=&raquo;#FFFFFF&raquo; border_width_right=&raquo;10px&raquo; global_colors_info=&raquo;{}&raquo;][et_pb_blurb title=&raquo;Adresse&raquo; use_icon=&raquo;on&raquo; font_icon=&raquo;&#xf279;||fa||400&#8243; icon_color=&raquo;#333333&#8243; image_icon_width=&raquo;90px&raquo; _builder_version=&raquo;4.27.4&#8243; _module_preset=&raquo;default&raquo; header_level=&raquo;h2&#8243; header_font=&raquo;||||||||&raquo; header_text_align=&raquo;center&raquo; header_font_size=&raquo;14px&raquo; background_color=&raquo;#F3F3ED&raquo; custom_padding=&raquo;40px|0px|40px|0px|true|true&raquo; link_option_url=&raquo;https:\/\/discrepublic.se\/no\/\/min-konto\/edit-address\/&raquo; hover_enabled=&raquo;0&#8243; custom_css_free_form=&raquo;selector h2 { font-weight: 400;}&raquo; global_colors_info=&raquo;{}&raquo; background_color__hover=&raquo;#f9f9f7&#8243; background_enable_color__hover=&raquo;on&raquo; background__hover_enabled=&raquo;on|desktop&raquo; sticky_enabled=&raquo;0&#8243;][\/et_pb_blurb][\/et_pb_column][et_pb_column type=&raquo;1_5&#8243; _builder_version=&raquo;4.27.4&#8243; _module_preset=&raquo;default&raquo; background_color=&raquo;RGBA(255,255,255,0)&raquo; border_color_all=&raquo;#FFFFFF&raquo; border_width_right=&raquo;10px&raquo; global_colors_info=&raquo;{}&raquo;][et_pb_blurb title=&raquo;Filoplasting&raquo; use_icon=&raquo;on&raquo; font_icon=&raquo;&#xf382;||fa||900&#8243; icon_color=&raquo;#000000&#8243; image_icon_width=&raquo;90px&raquo; _builder_version=&raquo;4.27.4&#8243; _dynamic_attributes=&raquo;link_option_url&raquo; _module_preset=&raquo;default&raquo; header_level=&raquo;h2&#8243; header_font=&raquo;||||||||&raquo; header_text_align=&raquo;center&raquo; header_font_size=&raquo;14px&raquo; background_color=&raquo;#F3F3ED&raquo; custom_padding=&raquo;40px|0px|40px|0px|true|true&raquo; link_option_url=&raquo;@ET-DC@eyJkeW5hbWljIjp0cnVlLCJjb250ZW50IjoicG9zdF9saW5rX3VybF9wYWdlIiwic2V0dGluZ3MiOnsicG9zdF9pZCI6IjEzOCJ9fQ==@&raquo; hover_enabled=&raquo;0&#8243; custom_css_free_form=&raquo;selector h2 { font-weight: 400;}&raquo; global_colors_info=&raquo;{}&raquo; background_color__hover=&raquo;#f9f9f7&#8243; background_enable_color__hover=&raquo;on&raquo; background__hover_enabled=&raquo;on|desktop&raquo; sticky_enabled=&raquo;0&#8243;][\/et_pb_blurb][\/et_pb_column][et_pb_column type=&raquo;1_5&#8243; _builder_version=&raquo;4.27.4&#8243; _module_preset=&raquo;default&raquo; background_color=&raquo;RGBA(255,255,255,0)&raquo; border_color_all=&raquo;#FFFFFF&raquo; border_width_right=&raquo;10px&raquo; global_colors_info=&raquo;{}&raquo;][et_pb_blurb title=&raquo;Logg ut&raquo; use_icon=&raquo;on&raquo; font_icon=&raquo;&#xf2f5;||fa||900&#8243; icon_color=&raquo;#333333&#8243; image_icon_width=&raquo;90px&raquo; _builder_version=&raquo;4.27.4&#8243; _module_preset=&raquo;default&raquo; header_level=&raquo;h2&#8243; header_font=&raquo;||||||||&raquo; header_text_align=&raquo;center&raquo; header_font_size=&raquo;14px&raquo; background_color=&raquo;#F3F3ED&raquo; custom_padding=&raquo;40px|0px|40px|0px|true|true&raquo; link_option_url=&raquo;https:\/\/discrepublic.se\/no\/\/min-konto\/customer-logout\/&raquo; hover_enabled=&raquo;0&#8243; custom_css_free_form=&raquo;selector h2 { font-weight: 400;}&raquo; global_colors_info=&raquo;{}&raquo; background_color__hover=&raquo;#f9f9f7&#8243; background_enable_color__hover=&raquo;on&raquo; background__hover_enabled=&raquo;on|desktop&raquo; sticky_enabled=&raquo;0&#8243;][\/et_pb_blurb][\/et_pb_column][\/et_pb_row][\/et_pb_section][et_pb_section fb_built=&raquo;1&#8243; disabled_on=&raquo;off|off|off&raquo; _builder_version=&raquo;4.27.4&#8243; custom_padding=&raquo;30px||50px||false|false&raquo; global_colors_info=&raquo;{}&raquo;][et_pb_row _builder_version=&raquo;4.27.4&#8243; custom_margin=&raquo;0px||0px||false|false&raquo; custom_padding=&raquo;40px||0px||false|false&raquo; global_colors_info=&raquo;{}&raquo;][et_pb_column type=&raquo;4_4&#8243; _builder_version=&raquo;4.27.4&#8243; custom_padding=&raquo;0px||0px||false|false&raquo; global_colors_info=&raquo;{}&raquo;][et_pb_text _builder_version=&raquo;4.27.4&#8243; _module_preset=&raquo;default&raquo; global_colors_info=&raquo;{}&raquo;]<\/p>\n<h1>Min konto<\/h1>\n<p>[\/et_pb_text][et_pb_code _builder_version=&raquo;4.27.4&#8243; _module_preset=&raquo;default&raquo; custom_margin=&raquo;0px||||false|false&raquo; custom_padding=&raquo;0px||||false|false&raquo; global_colors_info=&raquo;{}&raquo;]<div class=\"woocommerce\"><\/div>[\/et_pb_code][\/et_pb_column][\/et_pb_row][\/et_pb_section][et_pb_section fb_built=&raquo;1&#8243; disabled_on=&raquo;off|off|off&raquo; _builder_version=&raquo;4.27.4&#8243; background_color=&raquo;#F3F3ED&raquo; custom_margin=&raquo;||30px||false|false&raquo; custom_padding=&raquo;0px||0px||false|false&raquo; global_colors_info=&raquo;{}&raquo;][et_pb_row column_structure=&raquo;1_2,1_2&#8243; _builder_version=&raquo;4.27.4&#8243; width_tablet=&raquo;90%&raquo; width_phone=&raquo;&raquo; width_last_edited=&raquo;on|phone&raquo; global_colors_info=&raquo;{}&raquo;][et_pb_column type=&raquo;1_2&#8243; _builder_version=&raquo;4.16&#8243; global_colors_info=&raquo;{}&raquo;][et_pb_text _builder_version=&raquo;4.27.4&#8243; text_font_size=&raquo;14px&raquo; global_colors_info=&raquo;{}&raquo;]<\/p>\n<p>Under fanen <strong>Ordrehistorikk<\/strong> vises alle bestillingene dine og bestillingsstatusen din. Med bare noen f\u00e5 klikk kan du enkelt bestille mer av en produksjon, klikke p\u00e5 bestillingen og trykke p\u00e5 \u00abkj\u00f8p igjen\u00bb, s\u00e5 er du ferdig!<\/p>\n<p>[\/et_pb_text][\/et_pb_column][et_pb_column type=&raquo;1_2&#8243; _builder_version=&raquo;4.16&#8243; global_colors_info=&raquo;{}&raquo;][et_pb_text _builder_version=&raquo;4.27.4&#8243; text_font_size=&raquo;14px&raquo; global_colors_info=&raquo;{}&raquo;]<\/p>\n<p><strong>BEMERK!<\/strong> Skriv ordrenummeret til bestillingen du \u00f8nsker \u00e5 kj\u00f8pe mer av (gjenta) i kommentarfeltet ved kassen, s\u00e5 henter vi alt lagret materiale (trykkfiler og master) fra den opprinnelige bestillingen din.<\/p>\n<p>[\/et_pb_text][\/et_pb_column][\/et_pb_row][\/et_pb_section]<\/p>\n","protected":false},"excerpt":{"rendered":"<p>Konto og passord\u00a0 \u00a0&#8211;\u00a0 Ordrehistorikk\u00a0 &#8211; Adresse\u00a0 &#8211;\u00a0Filoplasting\u00a0 &#8211;\u00a0Logg utMin konto<div class=\"woocommerce\"><\/div>Under fanen Ordrehistorikk vises alle bestillingene dine og bestillingsstatusen din. Med bare noen f\u00e5 klikk kan du enkelt bestille mer av en produksjon, klikke p\u00e5 bestillingen og trykke p\u00e5 \u00abkj\u00f8p igjen\u00bb, s\u00e5 er du ferdig!BEMERK! Skriv ordrenummeret til bestillingen du \u00f8nsker \u00e5 kj\u00f8pe mer av [&hellip;]<\/p>\n","protected":false},"author":1,"featured_media":0,"parent":0,"menu_order":0,"comment_status":"closed","ping_status":"closed","template":"","meta":{"_et_pb_use_builder":"on","_et_pb_old_content":"<p>[woocommerce_my_account]<\/p>","_et_gb_content_width":"","footnotes":""},"class_list":["post-207311","page","type-page","status-publish","hentry"],"yoast_head":"<!-- This site is optimized with the Yoast SEO plugin v27.4 - https:\/\/yoast.com\/product\/yoast-seo-wordpress\/ -->\n<title>Discrepublic.com - Produksjon, kopiering, trykk og brenning av CD, DVD og vinylplater LP<\/title>\n<meta name=\"description\" content=\"Vi hjelper deg med produksjon, kopiering og pressing av CD, DVD og vinyl. N\u00e5r du vil lave CD, DVD eller vinyl, er vi et profesjonelt valg.\" \/>\n<meta name=\"robots\" content=\"index, follow, max-snippet:-1, max-image-preview:large, max-video-preview:-1\" \/>\n<link rel=\"canonical\" href=\"https:\/\/discrepublic.se\/no\/min-konto\/\" \/>\n<meta property=\"og:locale\" content=\"nb_NO\" \/>\n<meta property=\"og:type\" content=\"article\" \/>\n<meta property=\"og:title\" content=\"Discrepublic.com - Produksjon, kopiering, trykk og brenning av CD, DVD og vinylplater LP\" \/>\n<meta property=\"og:description\" content=\"Vi hjelper deg med produksjon, kopiering og pressing av CD, DVD og vinyl. N\u00e5r du vil lave CD, DVD eller vinyl, er vi et profesjonelt valg.\" \/>\n<meta property=\"og:url\" content=\"https:\/\/discrepublic.se\/no\/min-konto\/\" \/>\n<meta property=\"og:site_name\" content=\"DiscRepublic\" \/>\n<meta property=\"article:publisher\" content=\"https:\/\/www.facebook.com\/Discrepublic\" \/>\n<meta property=\"article:modified_time\" content=\"2025-12-02T06:43:58+00:00\" \/>\n<meta property=\"og:image\" content=\"https:\/\/discrepublic.se\/no\/wp-content\/uploads\/2025\/11\/discrepublic-no-og.webp\" \/>\n\t<meta property=\"og:image:width\" content=\"1200\" \/>\n\t<meta property=\"og:image:height\" content=\"675\" \/>\n\t<meta property=\"og:image:type\" content=\"image\/webp\" \/>\n<meta name=\"twitter:card\" content=\"summary_large_image\" \/>\n<meta name=\"twitter:site\" content=\"@DiscRepublicCom\" \/>\n<meta name=\"twitter:label1\" content=\"Ansl. lesetid\" \/>\n\t<meta name=\"twitter:data1\" content=\"1 minutt\" \/>\n<script type=\"application\/ld+json\" class=\"yoast-schema-graph\">{\"@context\":\"https:\\\/\\\/schema.org\",\"@graph\":[{\"@type\":\"WebPage\",\"@id\":\"https:\\\/\\\/discrepublic.se\\\/no\\\/min-konto\\\/\",\"url\":\"https:\\\/\\\/discrepublic.se\\\/no\\\/min-konto\\\/\",\"name\":\"Discrepublic.com - Produksjon, kopiering, trykk og brenning av CD, DVD og vinylplater LP\",\"isPartOf\":{\"@id\":\"https:\\\/\\\/discrepublic.se\\\/no\\\/#website\"},\"datePublished\":\"2019-05-18T04:20:17+00:00\",\"dateModified\":\"2025-12-02T06:43:58+00:00\",\"description\":\"Vi hjelper deg med produksjon, kopiering og pressing av CD, DVD og vinyl. N\u00e5r du vil lave CD, DVD eller vinyl, er vi et profesjonelt valg.\",\"breadcrumb\":{\"@id\":\"https:\\\/\\\/discrepublic.se\\\/no\\\/min-konto\\\/#breadcrumb\"},\"inLanguage\":\"nb-NO\",\"potentialAction\":[{\"@type\":\"ReadAction\",\"target\":[\"https:\\\/\\\/discrepublic.se\\\/no\\\/min-konto\\\/\"]}]},{\"@type\":\"BreadcrumbList\",\"@id\":\"https:\\\/\\\/discrepublic.se\\\/no\\\/min-konto\\\/#breadcrumb\",\"itemListElement\":[{\"@type\":\"ListItem\",\"position\":1,\"name\":\"Home\",\"item\":\"https:\\\/\\\/discrepublic.se\\\/no\\\/\"},{\"@type\":\"ListItem\",\"position\":2,\"name\":\"Min konto\"}]},{\"@type\":\"WebSite\",\"@id\":\"https:\\\/\\\/discrepublic.se\\\/no\\\/#website\",\"url\":\"https:\\\/\\\/discrepublic.se\\\/no\\\/\",\"name\":\"DiscRepublic\",\"description\":\"Nettbutikk for CD-, DVD- og Vinyl-produksjoner, digital distribusjon og grafisk layout.\",\"publisher\":{\"@id\":\"https:\\\/\\\/discrepublic.se\\\/no\\\/#organization\"},\"potentialAction\":[{\"@type\":\"SearchAction\",\"target\":{\"@type\":\"EntryPoint\",\"urlTemplate\":\"https:\\\/\\\/discrepublic.se\\\/no\\\/?s={search_term_string}\"},\"query-input\":{\"@type\":\"PropertyValueSpecification\",\"valueRequired\":true,\"valueName\":\"search_term_string\"}}],\"inLanguage\":\"nb-NO\"},{\"@type\":\"Organization\",\"@id\":\"https:\\\/\\\/discrepublic.se\\\/no\\\/#organization\",\"name\":\"DiscRepublic\",\"url\":\"https:\\\/\\\/discrepublic.se\\\/no\\\/\",\"logo\":{\"@type\":\"ImageObject\",\"inLanguage\":\"nb-NO\",\"@id\":\"https:\\\/\\\/discrepublic.se\\\/no\\\/#\\\/schema\\\/logo\\\/image\\\/\",\"url\":\"https:\\\/\\\/discrepublic.se\\\/no\\\/\\\/wp-content\\\/uploads\\\/2023\\\/05\\\/discrepublic-logo-gold.png\",\"contentUrl\":\"https:\\\/\\\/discrepublic.se\\\/no\\\/\\\/wp-content\\\/uploads\\\/2023\\\/05\\\/discrepublic-logo-gold.png\",\"width\":1181,\"height\":311,\"caption\":\"DiscRepublic\"},\"image\":{\"@id\":\"https:\\\/\\\/discrepublic.se\\\/no\\\/#\\\/schema\\\/logo\\\/image\\\/\"},\"sameAs\":[\"https:\\\/\\\/www.facebook.com\\\/Discrepublic\",\"https:\\\/\\\/x.com\\\/DiscRepublicCom\",\"https:\\\/\\\/www.instagram.com\\\/discrepubliccom\\\/\",\"https:\\\/\\\/www.youtube.com\\\/channel\\\/UCOv79wfId7C_H9VSlXMT_oA\"]}]}<\/script>\n<!-- \/ Yoast SEO plugin. -->","yoast_head_json":{"title":"Discrepublic.com - Produksjon, kopiering, trykk og brenning av CD, DVD og vinylplater LP","description":"Vi hjelper deg med produksjon, kopiering og pressing av CD, DVD og vinyl. N\u00e5r du vil lave CD, DVD eller vinyl, er vi et profesjonelt valg.","robots":{"index":"index","follow":"follow","max-snippet":"max-snippet:-1","max-image-preview":"max-image-preview:large","max-video-preview":"max-video-preview:-1"},"canonical":"https:\/\/discrepublic.se\/no\/min-konto\/","og_locale":"nb_NO","og_type":"article","og_title":"Discrepublic.com - Produksjon, kopiering, trykk og brenning av CD, DVD og vinylplater LP","og_description":"Vi hjelper deg med produksjon, kopiering og pressing av CD, DVD og vinyl. N\u00e5r du vil lave CD, DVD eller vinyl, er vi et profesjonelt valg.","og_url":"https:\/\/discrepublic.se\/no\/min-konto\/","og_site_name":"DiscRepublic","article_publisher":"https:\/\/www.facebook.com\/Discrepublic","article_modified_time":"2025-12-02T06:43:58+00:00","og_image":[{"width":1200,"height":675,"url":"https:\/\/discrepublic.se\/no\/wp-content\/uploads\/2025\/11\/discrepublic-no-og.webp","type":"image\/webp"}],"twitter_card":"summary_large_image","twitter_site":"@DiscRepublicCom","twitter_misc":{"Ansl. lesetid":"1 minutt"},"schema":{"@context":"https:\/\/schema.org","@graph":[{"@type":"WebPage","@id":"https:\/\/discrepublic.se\/no\/min-konto\/","url":"https:\/\/discrepublic.se\/no\/min-konto\/","name":"Discrepublic.com - Produksjon, kopiering, trykk og brenning av CD, DVD og vinylplater LP","isPartOf":{"@id":"https:\/\/discrepublic.se\/no\/#website"},"datePublished":"2019-05-18T04:20:17+00:00","dateModified":"2025-12-02T06:43:58+00:00","description":"Vi hjelper deg med produksjon, kopiering og pressing av CD, DVD og vinyl. N\u00e5r du vil lave CD, DVD eller vinyl, er vi et profesjonelt valg.","breadcrumb":{"@id":"https:\/\/discrepublic.se\/no\/min-konto\/#breadcrumb"},"inLanguage":"nb-NO","potentialAction":[{"@type":"ReadAction","target":["https:\/\/discrepublic.se\/no\/min-konto\/"]}]},{"@type":"BreadcrumbList","@id":"https:\/\/discrepublic.se\/no\/min-konto\/#breadcrumb","itemListElement":[{"@type":"ListItem","position":1,"name":"Home","item":"https:\/\/discrepublic.se\/no\/"},{"@type":"ListItem","position":2,"name":"Min konto"}]},{"@type":"WebSite","@id":"https:\/\/discrepublic.se\/no\/#website","url":"https:\/\/discrepublic.se\/no\/","name":"DiscRepublic","description":"Nettbutikk for CD-, DVD- og Vinyl-produksjoner, digital distribusjon og grafisk layout.","publisher":{"@id":"https:\/\/discrepublic.se\/no\/#organization"},"potentialAction":[{"@type":"SearchAction","target":{"@type":"EntryPoint","urlTemplate":"https:\/\/discrepublic.se\/no\/?s={search_term_string}"},"query-input":{"@type":"PropertyValueSpecification","valueRequired":true,"valueName":"search_term_string"}}],"inLanguage":"nb-NO"},{"@type":"Organization","@id":"https:\/\/discrepublic.se\/no\/#organization","name":"DiscRepublic","url":"https:\/\/discrepublic.se\/no\/","logo":{"@type":"ImageObject","inLanguage":"nb-NO","@id":"https:\/\/discrepublic.se\/no\/#\/schema\/logo\/image\/","url":"https:\/\/discrepublic.se\/no\/\/wp-content\/uploads\/2023\/05\/discrepublic-logo-gold.png","contentUrl":"https:\/\/discrepublic.se\/no\/\/wp-content\/uploads\/2023\/05\/discrepublic-logo-gold.png","width":1181,"height":311,"caption":"DiscRepublic"},"image":{"@id":"https:\/\/discrepublic.se\/no\/#\/schema\/logo\/image\/"},"sameAs":["https:\/\/www.facebook.com\/Discrepublic","https:\/\/x.com\/DiscRepublicCom","https:\/\/www.instagram.com\/discrepubliccom\/","https:\/\/www.youtube.com\/channel\/UCOv79wfId7C_H9VSlXMT_oA"]}]}},"_links":{"self":[{"href":"https:\/\/discrepublic.se\/no\/wp-json\/wp\/v2\/pages\/207311","targetHints":{"allow":["GET"]}}],"collection":[{"href":"https:\/\/discrepublic.se\/no\/wp-json\/wp\/v2\/pages"}],"about":[{"href":"https:\/\/discrepublic.se\/no\/wp-json\/wp\/v2\/types\/page"}],"author":[{"embeddable":true,"href":"https:\/\/discrepublic.se\/no\/wp-json\/wp\/v2\/users\/1"}],"replies":[{"embeddable":true,"href":"https:\/\/discrepublic.se\/no\/wp-json\/wp\/v2\/comments?post=207311"}],"version-history":[{"count":0,"href":"https:\/\/discrepublic.se\/no\/wp-json\/wp\/v2\/pages\/207311\/revisions"}],"wp:attachment":[{"href":"https:\/\/discrepublic.se\/no\/wp-json\/wp\/v2\/media?parent=207311"}],"curies":[{"name":"wp","href":"https:\/\/api.w.org\/{rel}","templated":true}]}}