{"id":144,"date":"2016-01-20T17:39:57","date_gmt":"2016-01-20T17:39:57","guid":{"rendered":"http:\/\/188.166.58.170\/?page_id=144"},"modified":"2025-12-02T07:53:24","modified_gmt":"2025-12-02T06:53:24","slug":"kontakt-oss","status":"publish","type":"page","link":"https:\/\/discrepublic.se\/no\/kontakt-oss\/","title":{"rendered":"Kontakt oss"},"content":{"rendered":"<p>[et_pb_section fb_built=&raquo;1&#8243; _builder_version=&raquo;4.27.4&#8243; _module_preset=&raquo;default&raquo; background_color=&raquo;#F3F3ED&raquo; custom_padding=&raquo;20px||20px||true|false&raquo; global_colors_info=&raquo;{}&raquo;][et_pb_row column_structure=&raquo;1_4,3_4&#8243; _builder_version=&raquo;4.27.4&#8243; _module_preset=&raquo;default&raquo; global_colors_info=&raquo;{}&raquo;][et_pb_column type=&raquo;1_4&#8243; _builder_version=&raquo;4.27.4&#8243; _module_preset=&raquo;default&raquo; global_colors_info=&raquo;{}&raquo;][et_pb_image src=&raquo;https:\/\/discrepublic.se\/no\/\/wp-content\/uploads\/2025\/12\/Kontakta-oss.svg&raquo; title_text=&raquo;Kontakta oss&raquo; align=&raquo;center&raquo; align_tablet=&raquo;center&raquo; align_last_edited=&raquo;off|desktop&raquo; _builder_version=&raquo;4.27.4&#8243; _module_preset=&raquo;default&raquo; max_width=&raquo;46%&raquo; max_width_tablet=&raquo;28%&raquo; max_width_phone=&raquo;30%&raquo; max_width_last_edited=&raquo;on|phone&raquo; module_alignment=&raquo;right&raquo; hover_enabled=&raquo;0&#8243; module_alignment_tablet=&raquo;center&raquo; module_alignment_phone=&raquo;center&raquo; module_alignment_last_edited=&raquo;on|desktop&raquo; global_colors_info=&raquo;{}&raquo; sticky_enabled=&raquo;0&#8243;][\/et_pb_image][\/et_pb_column][et_pb_column type=&raquo;3_4&#8243; _builder_version=&raquo;4.27.4&#8243; _module_preset=&raquo;default&raquo; global_colors_info=&raquo;{}&raquo;][et_pb_text _builder_version=&raquo;4.27.4&#8243; _module_preset=&raquo;default&raquo; text_font_size=&raquo;14px&raquo; max_width=&raquo;670px&raquo; custom_css_free_form=&raquo;selector h1 { font-weight: 400;}&raquo; global_colors_info=&raquo;{}&raquo;]<\/p>\n<h1>\u00d8NSKER \u00c5 KOMME I KONTAKT MED OSS?<\/h1>\n<p>Vi er her for \u00e5 s\u00f8rge for at produksjonen din blir noe utenom det vanlige. Det er selvf\u00f8lgelig helt naturlig at sp\u00f8rsm\u00e5l dukker opp underveis, og uansett hva du lurer p\u00e5, hjelper vi deg mer enn gjerne fra start til slutt. Vi er her n\u00e5r du trenger oss!<\/p>\n<p>[\/et_pb_text][\/et_pb_column][\/et_pb_row][\/et_pb_section][et_pb_section fb_built=&raquo;1&#8243; disabled_on=&raquo;off|off|off&raquo; _builder_version=&raquo;4.27.4&#8243; _module_preset=&raquo;default&raquo; global_colors_info=&raquo;{}&raquo;][et_pb_row column_structure=&raquo;1_3,1_3,1_3&#8243; use_custom_gutter=&raquo;on&raquo; gutter_width=&raquo;2&#8243; make_equal=&raquo;on&raquo; _builder_version=&raquo;4.27.4&#8243; _module_preset=&raquo;default&raquo; custom_margin=&raquo;0px||40px||false|false&raquo; custom_padding=&raquo;0px||0px||false|false&raquo; global_colors_info=&raquo;{}&raquo;][et_pb_column type=&raquo;1_3&#8243; _builder_version=&raquo;4.27.4&#8243; _module_preset=&raquo;default&raquo; background_color=&raquo;#F3F3ED&raquo; global_colors_info=&raquo;{}&raquo; background__hover_enabled=&raquo;on|desktop&raquo; background_color__hover=&raquo;#f9f9f7&#8243; background_enable_color__hover=&raquo;on&raquo;][et_pb_blurb title=&raquo;Chat med oss&raquo; image=&raquo;https:\/\/discrepublic.se\/no\/\/wp-content\/uploads\/2025\/12\/Chat.svg&raquo; image_icon_width=&raquo;28%&raquo; _builder_version=&raquo;4.27.4&#8243; _module_preset=&raquo;default&raquo; header_level=&raquo;h2&#8243; header_font=&raquo;||||||||&raquo; header_text_align=&raquo;center&raquo; header_font_size=&raquo;30px&raquo; background_color=&raquo;RGBA(255,255,255,0)&raquo; custom_padding=&raquo;20%|40px|20%|40px|true|true&raquo; custom_padding_tablet=&raquo;40px|40px|40px|40px|true|true&raquo; custom_padding_phone=&raquo;40px|40px|40px|40px|true|true&raquo; custom_padding_last_edited=&raquo;on|phone&raquo; custom_css_free_form=&raquo;selector h2 { font-weight: 400;}&raquo; global_colors_info=&raquo;{}&raquo; background_color__hover=&raquo;#f9f9f7&#8243; background_enable_color__hover=&raquo;on&raquo; background__hover_enabled=&raquo;on|hover&raquo;]<\/p>\n<p>F\u00e5 svar innen noen f\u00e5 minutter fra en \u201cekte\u201d person ved \u00e5 klikke p\u00e5 chatteboblen nederst til h\u00f8yre p\u00e5 nettsiden!<\/p>\n<p>Chatten er \u00e5pen p\u00e5 hverdager<br \/>09:00 \u2013 12:00, 13:00 \u2013 16:00<\/p>\n<p>[\/et_pb_blurb][\/et_pb_column][et_pb_column type=&raquo;1_3&#8243; _builder_version=&raquo;4.27.4&#8243; _module_preset=&raquo;default&raquo; background_color=&raquo;#F3F3ED&raquo; global_colors_info=&raquo;{}&raquo; background_color__hover=&raquo;#f9f9f7&#8243; background__hover_enabled=&raquo;on|desktop&raquo; background_enable_color__hover=&raquo;on&raquo;][et_pb_blurb title=&raquo;Send oss en e-post&raquo; image=&raquo;https:\/\/discrepublic.se\/no\/\/wp-content\/uploads\/2025\/12\/Mejl.svg&raquo; image_icon_width=&raquo;28%&raquo; _builder_version=&raquo;4.27.4&#8243; _module_preset=&raquo;default&raquo; header_level=&raquo;h2&#8243; header_font=&raquo;||||||||&raquo; header_text_align=&raquo;center&raquo; header_font_size=&raquo;30px&raquo; background_color=&raquo;RGBA(255,255,255,0)&raquo; custom_padding=&raquo;20%|40px|20%|40px|true|true&raquo; custom_padding_tablet=&raquo;40px|40px|40px|40px|true|true&raquo; custom_padding_phone=&raquo;40px|40px|40px|40px|true|true&raquo; custom_padding_last_edited=&raquo;on|phone&raquo; custom_css_free_form=&raquo;selector h2 { font-weight: 400;}&raquo; global_colors_info=&raquo;{}&raquo; background_color__hover=&raquo;#f9f9f7&#8243; background_enable_color__hover=&raquo;on&raquo; background__hover_enabled=&raquo;on|hover&raquo;]<span style=\"text-decoration: underline;\"><a href=\"mailto:info@discrepublic.com\" target=\"_blank\" rel=\"noopener\">info@discrepublic.com<\/a><\/span><\/p>\n<p>Send en e-post n\u00e5r det passer deg; v\u00e5r ambisjon er \u00e5 svare innen 2 virkedager.[\/et_pb_blurb][\/et_pb_column][et_pb_column type=&raquo;1_3&#8243; _builder_version=&raquo;4.27.4&#8243; _module_preset=&raquo;default&raquo; background_color=&raquo;#F3F3ED&raquo; global_colors_info=&raquo;{}&raquo; background_color__hover=&raquo;#f9f9f7&#8243; background__hover_enabled=&raquo;on|desktop&raquo; background_enable_color__hover=&raquo;on&raquo;][et_pb_blurb title=&raquo;Ring oss&raquo; image=&raquo;https:\/\/discrepublic.se\/no\/\/wp-content\/uploads\/2025\/12\/Ring.svg&raquo; image_icon_width=&raquo;28%&raquo; _builder_version=&raquo;4.27.4&#8243; _module_preset=&raquo;default&raquo; header_level=&raquo;h2&#8243; header_font=&raquo;||||||||&raquo; header_text_align=&raquo;center&raquo; header_font_size=&raquo;30px&raquo; background_color=&raquo;RGBA(255,255,255,0)&raquo; custom_padding=&raquo;20%|40px|20%|40px|true|true&raquo; custom_padding_tablet=&raquo;40px|40px|40px|40px|true|true&raquo; custom_padding_phone=&raquo;40px|40px|40px|40px|true|true&raquo; custom_padding_last_edited=&raquo;on|phone&raquo; hover_enabled=&raquo;0&#8243; custom_css_free_form=&raquo;selector h2 { font-weight: 400;}&raquo; global_colors_info=&raquo;{}&raquo; background_color__hover=&raquo;#f9f9f7&#8243; background_enable_color__hover=&raquo;on&raquo; background__hover_enabled=&raquo;on|hover&raquo; title_text=&raquo;Ring&raquo; sticky_enabled=&raquo;0&#8243;]<\/p>\n<p>+ 46 470-74 29 00<\/p>\n<p>Du n\u00e5r oss p\u00e5 hverdager 09:00 \u2013 12:00. (Andre \u00e5pningstider kan forekomme ved helligdager.)<\/p>\n<p>Noen ganger kan det v\u00e6re mange som ringer oss, pr\u00f8v da gjerne \u00e5 chatte eller sende e-post i stedet.<\/p>\n<p>[\/et_pb_blurb][\/et_pb_column][\/et_pb_row][et_pb_row column_structure=&raquo;1_3,1_3,1_3&#8243; use_custom_gutter=&raquo;on&raquo; gutter_width=&raquo;2&#8243; make_equal=&raquo;on&raquo; _builder_version=&raquo;4.27.4&#8243; _module_preset=&raquo;default&raquo; custom_margin=&raquo;0px||0px||false|false&raquo; custom_padding=&raquo;0px||0px||false|false&raquo; global_colors_info=&raquo;{}&raquo;][et_pb_column type=&raquo;1_3&#8243; _builder_version=&raquo;4.27.4&#8243; _module_preset=&raquo;default&raquo; background_color=&raquo;#F3F3ED&raquo; global_colors_info=&raquo;{}&raquo; background_color__hover=&raquo;#f9f9f7&#8243; background__hover_enabled=&raquo;on|desktop&raquo; background_enable_color__hover=&raquo;on&raquo;][et_pb_blurb title=&raquo;Kom inn p\u00e5 en kaffe&raquo; image=&raquo;https:\/\/discrepublic.se\/no\/\/wp-content\/uploads\/2025\/12\/Kaffe.svg&raquo; image_icon_width=&raquo;28%&raquo; _builder_version=&raquo;4.27.4&#8243; _module_preset=&raquo;default&raquo; header_level=&raquo;h2&#8243; header_font=&raquo;||||||||&raquo; header_text_align=&raquo;center&raquo; header_font_size=&raquo;30px&raquo; background_color=&raquo;RGBA(255,255,255,0)&raquo; custom_padding=&raquo;20%|40px|20%|40px|true|true&raquo; custom_padding_tablet=&raquo;40px|40px|40px|40px|true|true&raquo; custom_padding_phone=&raquo;40px|40px|40px|40px|true|true&raquo; custom_padding_last_edited=&raquo;on|phone&raquo; custom_css_free_form=&raquo;selector h2 { font-weight: 400;}&raquo; global_colors_info=&raquo;{}&raquo; background_color__hover=&raquo;#f9f9f7&#8243; background_enable_color__hover=&raquo;on&raquo; background__hover_enabled=&raquo;on|hover&raquo;]DiscRepublic<br \/>\nRenv\u00e4gen 10<br \/>\n352 45 V\u00e4xj\u00f6<br \/>\nSverige[\/et_pb_blurb][\/et_pb_column][et_pb_column type=&raquo;1_3&#8243; _builder_version=&raquo;4.27.4&#8243; _module_preset=&raquo;default&raquo; background_color=&raquo;#F3F3ED&raquo; global_colors_info=&raquo;{}&raquo; background_color__hover=&raquo;#f9f9f7&#8243; background__hover_enabled=&raquo;on|desktop&raquo; background_enable_color__hover=&raquo;on&raquo;][et_pb_blurb title=&raquo;Betaling&raquo; image=&raquo;https:\/\/discrepublic.se\/no\/\/wp-content\/uploads\/2025\/12\/Ikon_02-1.svg&raquo; image_icon_width=&raquo;28%&raquo; _builder_version=&raquo;4.27.4&#8243; _module_preset=&raquo;default&raquo; header_level=&raquo;h2&#8243; header_font=&raquo;||||||||&raquo; header_text_align=&raquo;center&raquo; header_font_size=&raquo;30px&raquo; background_color=&raquo;RGBA(255,255,255,0)&raquo; custom_padding=&raquo;20%|40px|20%|40px|true|true&raquo; custom_padding_tablet=&raquo;40px|40px|40px|40px|true|true&raquo; custom_padding_phone=&raquo;40px|40px|40px|40px|true|true&raquo; custom_padding_last_edited=&raquo;on|phone&raquo; custom_css_free_form=&raquo;selector h2 { font-weight: 400;}&raquo; global_colors_info=&raquo;{}&raquo; background_color__hover=&raquo;#f9f9f7&#8243; background_enable_color__hover=&raquo;on&raquo; background__hover_enabled=&raquo;on|hover&raquo;]Kontakt <span style=\"text-decoration: underline;\"><a href=\"https:\/\/www.klarna.com\/no\/kundeservice\/\" target=\"_blank\" rel=\"noopener\">Klarnas kundeservice<\/a><\/span>[\/et_pb_blurb][\/et_pb_column][et_pb_column type=&raquo;1_3&#8243; _builder_version=&raquo;4.27.4&#8243; _module_preset=&raquo;default&raquo; background_color=&raquo;#F3F3ED&raquo; global_colors_info=&raquo;{}&raquo; background_color__hover=&raquo;#f9f9f7&#8243; background__hover_enabled=&raquo;on|desktop&raquo; background_enable_color__hover=&raquo;on&raquo;][et_pb_blurb title=&raquo;Leverance&raquo; image=&raquo;https:\/\/discrepublic.se\/no\/\/wp-content\/uploads\/2025\/12\/Ikon_06.svg&raquo; image_icon_width=&raquo;28%&raquo; _builder_version=&raquo;4.27.4&#8243; _module_preset=&raquo;default&raquo; header_level=&raquo;h2&#8243; header_font=&raquo;||||||||&raquo; header_text_align=&raquo;center&raquo; header_font_size=&raquo;30px&raquo; background_color=&raquo;RGBA(255,255,255,0)&raquo; custom_padding=&raquo;20%|40px|20%|40px|true|true&raquo; custom_padding_tablet=&raquo;40px|40px|40px|40px|true|true&raquo; custom_padding_phone=&raquo;40px|40px|40px|40px|true|true&raquo; custom_padding_last_edited=&raquo;on|phone&raquo; custom_css_free_form=&raquo;selector h2 { font-weight: 400;}&raquo; global_colors_info=&raquo;{}&raquo; background_color__hover=&raquo;#f9f9f7&#8243; background_enable_color__hover=&raquo;on&raquo; background__hover_enabled=&raquo;on|hover&raquo;]<\/p>\n<p>Kontakta <span style=\"text-decoration: underline;\"><a href=\"https:\/\/www.ups.com\/track?loc=no_NO&amp;requester=ST\/\" target=\"_blank\" rel=\"noopener\">UPS kundeservice<\/a><\/span><\/p>\n<p>[\/et_pb_blurb][\/et_pb_column][\/et_pb_row][\/et_pb_section]<\/p>\n","protected":false},"excerpt":{"rendered":"<p>\u00d8NSKER \u00c5 KOMME I KONTAKT MED OSS? Vi er her for \u00e5 s\u00f8rge for at produksjonen din blir noe utenom det vanlige. Det er selvf\u00f8lgelig helt naturlig at sp\u00f8rsm\u00e5l dukker opp underveis, og uansett hva du lurer p\u00e5, hjelper vi deg mer enn gjerne fra start til slutt. Vi er her n\u00e5r du trenger oss!F\u00e5 [&hellip;]<\/p>\n","protected":false},"author":1,"featured_media":0,"parent":0,"menu_order":0,"comment_status":"closed","ping_status":"closed","template":"","meta":{"_et_pb_use_builder":"on","_et_pb_old_content":"[vc_row css=\".vc_custom_1462186940256{padding-top: 50px !important;padding-bottom: 50px !important;background-image: url(https:\/\/bjorn-ubuntu-dbweb\/skivtryck\/wp-content\/uploads\/2016\/01\/kontakt-bakgrund.jpg?id=1672) !important;background-position: center !important;background-repeat: no-repeat !important;background-size: cover !important;}\" el_class=\"hidden-xs\"][vc_column css=\".vc_custom_1461149019703{padding-top: 50px !important;padding-bottom: 50px !important;!important;background-position: center !important;background-repeat: no-repeat !important;background-size: cover !important;}\"][vc_empty_space height=\"100px\" el_class=\"hidden-xs hidden-sm hidden-md\"][vc_row_inner][vc_column_inner el_class=\"transparent-green\" css=\".vc_custom_1462193068004{padding-top: 50px !important;padding-bottom: 40px !important;}\"][vc_column_text el_class=\"container\"]\r\n<h1 class=\"headline abril\" style=\"text-align: right;\"><span style=\"color: #ffffff;\">Kontakta oss<\/span><\/h1>\r\n[\/vc_column_text][\/vc_column_inner][\/vc_row_inner][vc_row_inner el_class=\"container\" css=\".vc_custom_1461149235700{background-color: #f8f8f8 !important;}\"][vc_column_inner width=\"1\/2\"][vc_column_text]\r\n<h2 style=\"text-align: left; margin-top: 0;\">Kontakt<\/h2>\r\n<p style=\"text-align: left;\"><strong>Skivtryck.se \/ DiscRepublic.com\r\n<\/strong>Smedjegatan 47\r\nS-352 46 V\u00e4xj\u00f6\r\nSweden<\/p>\r\n<p style=\"text-align: left;\">Ring oss p\u00e5 telefon: +46 (0) 470 74 29 00<\/p>\r\n<p style=\"text-align: left;\">Eller chatta med oss \"live\" mellan 9-12, 13-17 varje dag!\r\nAlternativt maila oss h\u00e4r:<\/p>\r\n[\/vc_column_text][\/vc_column_inner][vc_column_inner width=\"1\/2\"][vc_column_text][contact-form-7 id=\"163\" title=\"Kontakta oss\"][\/vc_column_text][\/vc_column_inner][\/vc_row_inner][vc_empty_space height=\"100px\" el_class=\"hidden-xs hidden-sm hidden-md\"][\/vc_column][\/vc_row][vc_row css=\".vc_custom_1462186996274{background-image: url(https:\/\/bjorn-ubuntu-dbweb\/skivtryck\/wp-content\/uploads\/2016\/01\/kontakt-bakgrund.jpg?id=1672) !important;background-position: center !important;background-repeat: no-repeat !important;background-size: cover !important;}\" el_class=\"hidden-sm hidden-md hidden-lg\"][vc_column css=\".vc_custom_1461149019703{padding-top: 50px !important;padding-bottom: 50px !important;}\"][vc_empty_space height=\"100px\"][vc_row_inner gap=\"20\" el_class=\"container\"][vc_column_inner width=\"1\/3\" offset=\"vc_col-xs-4\"][vc_single_image image=\"1658\" img_size=\"full\" alignment=\"center\" onclick=\"custom_link\" link=\"tel:+46470742900\"][\/vc_column_inner][vc_column_inner width=\"1\/3\" offset=\"vc_col-xs-4\"][vc_single_image image=\"1659\" img_size=\"full\" alignment=\"center\" onclick=\"custom_link\" link=\"#\" el_class=\"kontakt-open-map\"][\/vc_column_inner][vc_column_inner width=\"1\/3\" offset=\"vc_col-xs-4\"][vc_single_image image=\"1660\" img_size=\"full\" alignment=\"center\" onclick=\"custom_link\" link=\"mailto:kontakt@skivtryck.se\"][\/vc_column_inner][\/vc_row_inner][vc_row_inner][vc_column_inner el_class=\"kontakt-google-maps\"][vc_gmaps link=\"#E-8_JTNDaWZyYW1lJTIwc3JjJTNEJTIyaHR0cHMlM0ElMkYlMkZ3d3cuZ29vZ2xlLmNvbSUyRm1hcHMlMkZlbWJlZCUzRnBiJTNEJTIxMW0xOCUyMTFtMTIlMjExbTMlMjExZDIxNzkuNDQ2ODA4ODYyMDE0JTIxMmQxNC43NzY3NDIxMTYwNDA1NiUyMTNkNTYuODg5NzI3NjgwODcyNjMlMjEybTMlMjExZjAlMjEyZjAlMjEzZjAlMjEzbTIlMjExaTEwMjQlMjEyaTc2OCUyMTRmMTMuMSUyMTNtMyUyMTFtMiUyMTFzMHg0NjU3MjQ2ZTJhMGRkMjYzJTI1M0EweDE0OTJhNzRiMWIyZGE2NDclMjEyc0F0dGVudGlvbiUyQk1lZGlhJTJCRXVyb3BlJTJCQUIlMjE1ZTAlMjEzbTIlMjExc3N2JTIxMnNzZSUyMTR2MTQ2MzY2NDkzOTY1OCUyMiUyMHdpZHRoJTNEJTIyNjAwJTIyJTIwaGVpZ2h0JTNEJTIyNDUwJTIyJTIwZnJhbWVib3JkZXIlM0QlMjIwJTIyJTIwc3R5bGUlM0QlMjJib3JkZXIlM0EwJTIyJTIwYWxsb3dmdWxsc2NyZWVuJTNFJTNDJTJGaWZyYW1lJTNF\"][\/vc_column_inner][\/vc_row_inner][vc_empty_space height=\"100px\"][\/vc_column][\/vc_row]","_et_gb_content_width":"","footnotes":""},"class_list":["post-144","page","type-page","status-publish","hentry"],"yoast_head":"<!-- This site is optimized with the Yoast SEO plugin v27.4 - https:\/\/yoast.com\/product\/yoast-seo-wordpress\/ -->\n<title>Discrepublic.com - Produksjon, kopiering, trykk og brenning av CD, DVD og vinylplater LP<\/title>\n<meta name=\"description\" content=\"Vi hjelper deg med produksjon, kopiering og pressing av CD, DVD og vinyl. N\u00e5r du vil lave CD, DVD eller vinyl, er vi et profesjonelt valg.\" \/>\n<meta name=\"robots\" content=\"index, follow, max-snippet:-1, max-image-preview:large, max-video-preview:-1\" \/>\n<link rel=\"canonical\" href=\"https:\/\/discrepublic.se\/no\/kontakt-oss\/\" \/>\n<meta property=\"og:locale\" content=\"nb_NO\" \/>\n<meta property=\"og:type\" content=\"article\" \/>\n<meta property=\"og:title\" content=\"Discrepublic.com - Produksjon, kopiering, trykk og brenning av CD, DVD og vinylplater LP\" \/>\n<meta property=\"og:description\" content=\"Vi hjelper deg med produksjon, kopiering og pressing av CD, DVD og vinyl. N\u00e5r du vil lave CD, DVD eller vinyl, er vi et profesjonelt valg.\" \/>\n<meta property=\"og:url\" content=\"https:\/\/discrepublic.se\/no\/kontakt-oss\/\" \/>\n<meta property=\"og:site_name\" content=\"DiscRepublic\" \/>\n<meta property=\"article:publisher\" content=\"https:\/\/www.facebook.com\/Discrepublic\" \/>\n<meta property=\"article:modified_time\" content=\"2025-12-02T06:53:24+00:00\" \/>\n<meta property=\"og:image\" content=\"https:\/\/discrepublic.se\/no\/wp-content\/uploads\/2025\/11\/discrepublic-no-og.webp\" \/>\n\t<meta property=\"og:image:width\" content=\"1200\" \/>\n\t<meta property=\"og:image:height\" content=\"675\" \/>\n\t<meta property=\"og:image:type\" content=\"image\/webp\" \/>\n<meta name=\"twitter:card\" content=\"summary_large_image\" \/>\n<meta name=\"twitter:site\" content=\"@DiscRepublicCom\" \/>\n<meta name=\"twitter:label1\" content=\"Ansl. lesetid\" \/>\n\t<meta name=\"twitter:data1\" content=\"3 minutter\" \/>\n<script type=\"application\/ld+json\" class=\"yoast-schema-graph\">{\"@context\":\"https:\\\/\\\/schema.org\",\"@graph\":[{\"@type\":\"WebPage\",\"@id\":\"https:\\\/\\\/discrepublic.se\\\/no\\\/kontakt-oss\\\/\",\"url\":\"https:\\\/\\\/discrepublic.se\\\/no\\\/kontakt-oss\\\/\",\"name\":\"Discrepublic.com - Produksjon, kopiering, trykk og brenning av CD, DVD og vinylplater LP\",\"isPartOf\":{\"@id\":\"https:\\\/\\\/discrepublic.se\\\/no\\\/#website\"},\"datePublished\":\"2016-01-20T17:39:57+00:00\",\"dateModified\":\"2025-12-02T06:53:24+00:00\",\"description\":\"Vi hjelper deg med produksjon, kopiering og pressing av CD, DVD og vinyl. N\u00e5r du vil lave CD, DVD eller vinyl, er vi et profesjonelt valg.\",\"breadcrumb\":{\"@id\":\"https:\\\/\\\/discrepublic.se\\\/no\\\/kontakt-oss\\\/#breadcrumb\"},\"inLanguage\":\"nb-NO\",\"potentialAction\":[{\"@type\":\"ReadAction\",\"target\":[\"https:\\\/\\\/discrepublic.se\\\/no\\\/kontakt-oss\\\/\"]}]},{\"@type\":\"BreadcrumbList\",\"@id\":\"https:\\\/\\\/discrepublic.se\\\/no\\\/kontakt-oss\\\/#breadcrumb\",\"itemListElement\":[{\"@type\":\"ListItem\",\"position\":1,\"name\":\"Home\",\"item\":\"https:\\\/\\\/discrepublic.se\\\/no\\\/\"},{\"@type\":\"ListItem\",\"position\":2,\"name\":\"Kontakt oss\"}]},{\"@type\":\"WebSite\",\"@id\":\"https:\\\/\\\/discrepublic.se\\\/no\\\/#website\",\"url\":\"https:\\\/\\\/discrepublic.se\\\/no\\\/\",\"name\":\"DiscRepublic\",\"description\":\"Nettbutikk for CD-, DVD- og Vinyl-produksjoner, digital distribusjon og grafisk layout.\",\"publisher\":{\"@id\":\"https:\\\/\\\/discrepublic.se\\\/no\\\/#organization\"},\"potentialAction\":[{\"@type\":\"SearchAction\",\"target\":{\"@type\":\"EntryPoint\",\"urlTemplate\":\"https:\\\/\\\/discrepublic.se\\\/no\\\/?s={search_term_string}\"},\"query-input\":{\"@type\":\"PropertyValueSpecification\",\"valueRequired\":true,\"valueName\":\"search_term_string\"}}],\"inLanguage\":\"nb-NO\"},{\"@type\":\"Organization\",\"@id\":\"https:\\\/\\\/discrepublic.se\\\/no\\\/#organization\",\"name\":\"DiscRepublic\",\"url\":\"https:\\\/\\\/discrepublic.se\\\/no\\\/\",\"logo\":{\"@type\":\"ImageObject\",\"inLanguage\":\"nb-NO\",\"@id\":\"https:\\\/\\\/discrepublic.se\\\/no\\\/#\\\/schema\\\/logo\\\/image\\\/\",\"url\":\"https:\\\/\\\/discrepublic.se\\\/no\\\/\\\/wp-content\\\/uploads\\\/2023\\\/05\\\/discrepublic-logo-gold.png\",\"contentUrl\":\"https:\\\/\\\/discrepublic.se\\\/no\\\/\\\/wp-content\\\/uploads\\\/2023\\\/05\\\/discrepublic-logo-gold.png\",\"width\":1181,\"height\":311,\"caption\":\"DiscRepublic\"},\"image\":{\"@id\":\"https:\\\/\\\/discrepublic.se\\\/no\\\/#\\\/schema\\\/logo\\\/image\\\/\"},\"sameAs\":[\"https:\\\/\\\/www.facebook.com\\\/Discrepublic\",\"https:\\\/\\\/x.com\\\/DiscRepublicCom\",\"https:\\\/\\\/www.instagram.com\\\/discrepubliccom\\\/\",\"https:\\\/\\\/www.youtube.com\\\/channel\\\/UCOv79wfId7C_H9VSlXMT_oA\"]}]}<\/script>\n<!-- \/ Yoast SEO plugin. -->","yoast_head_json":{"title":"Discrepublic.com - Produksjon, kopiering, trykk og brenning av CD, DVD og vinylplater LP","description":"Vi hjelper deg med produksjon, kopiering og pressing av CD, DVD og vinyl. N\u00e5r du vil lave CD, DVD eller vinyl, er vi et profesjonelt valg.","robots":{"index":"index","follow":"follow","max-snippet":"max-snippet:-1","max-image-preview":"max-image-preview:large","max-video-preview":"max-video-preview:-1"},"canonical":"https:\/\/discrepublic.se\/no\/kontakt-oss\/","og_locale":"nb_NO","og_type":"article","og_title":"Discrepublic.com - Produksjon, kopiering, trykk og brenning av CD, DVD og vinylplater LP","og_description":"Vi hjelper deg med produksjon, kopiering og pressing av CD, DVD og vinyl. N\u00e5r du vil lave CD, DVD eller vinyl, er vi et profesjonelt valg.","og_url":"https:\/\/discrepublic.se\/no\/kontakt-oss\/","og_site_name":"DiscRepublic","article_publisher":"https:\/\/www.facebook.com\/Discrepublic","article_modified_time":"2025-12-02T06:53:24+00:00","og_image":[{"width":1200,"height":675,"url":"https:\/\/discrepublic.se\/no\/wp-content\/uploads\/2025\/11\/discrepublic-no-og.webp","type":"image\/webp"}],"twitter_card":"summary_large_image","twitter_site":"@DiscRepublicCom","twitter_misc":{"Ansl. lesetid":"3 minutter"},"schema":{"@context":"https:\/\/schema.org","@graph":[{"@type":"WebPage","@id":"https:\/\/discrepublic.se\/no\/kontakt-oss\/","url":"https:\/\/discrepublic.se\/no\/kontakt-oss\/","name":"Discrepublic.com - Produksjon, kopiering, trykk og brenning av CD, DVD og vinylplater LP","isPartOf":{"@id":"https:\/\/discrepublic.se\/no\/#website"},"datePublished":"2016-01-20T17:39:57+00:00","dateModified":"2025-12-02T06:53:24+00:00","description":"Vi hjelper deg med produksjon, kopiering og pressing av CD, DVD og vinyl. N\u00e5r du vil lave CD, DVD eller vinyl, er vi et profesjonelt valg.","breadcrumb":{"@id":"https:\/\/discrepublic.se\/no\/kontakt-oss\/#breadcrumb"},"inLanguage":"nb-NO","potentialAction":[{"@type":"ReadAction","target":["https:\/\/discrepublic.se\/no\/kontakt-oss\/"]}]},{"@type":"BreadcrumbList","@id":"https:\/\/discrepublic.se\/no\/kontakt-oss\/#breadcrumb","itemListElement":[{"@type":"ListItem","position":1,"name":"Home","item":"https:\/\/discrepublic.se\/no\/"},{"@type":"ListItem","position":2,"name":"Kontakt oss"}]},{"@type":"WebSite","@id":"https:\/\/discrepublic.se\/no\/#website","url":"https:\/\/discrepublic.se\/no\/","name":"DiscRepublic","description":"Nettbutikk for CD-, DVD- og Vinyl-produksjoner, digital distribusjon og grafisk layout.","publisher":{"@id":"https:\/\/discrepublic.se\/no\/#organization"},"potentialAction":[{"@type":"SearchAction","target":{"@type":"EntryPoint","urlTemplate":"https:\/\/discrepublic.se\/no\/?s={search_term_string}"},"query-input":{"@type":"PropertyValueSpecification","valueRequired":true,"valueName":"search_term_string"}}],"inLanguage":"nb-NO"},{"@type":"Organization","@id":"https:\/\/discrepublic.se\/no\/#organization","name":"DiscRepublic","url":"https:\/\/discrepublic.se\/no\/","logo":{"@type":"ImageObject","inLanguage":"nb-NO","@id":"https:\/\/discrepublic.se\/no\/#\/schema\/logo\/image\/","url":"https:\/\/discrepublic.se\/no\/\/wp-content\/uploads\/2023\/05\/discrepublic-logo-gold.png","contentUrl":"https:\/\/discrepublic.se\/no\/\/wp-content\/uploads\/2023\/05\/discrepublic-logo-gold.png","width":1181,"height":311,"caption":"DiscRepublic"},"image":{"@id":"https:\/\/discrepublic.se\/no\/#\/schema\/logo\/image\/"},"sameAs":["https:\/\/www.facebook.com\/Discrepublic","https:\/\/x.com\/DiscRepublicCom","https:\/\/www.instagram.com\/discrepubliccom\/","https:\/\/www.youtube.com\/channel\/UCOv79wfId7C_H9VSlXMT_oA"]}]}},"_links":{"self":[{"href":"https:\/\/discrepublic.se\/no\/wp-json\/wp\/v2\/pages\/144","targetHints":{"allow":["GET"]}}],"collection":[{"href":"https:\/\/discrepublic.se\/no\/wp-json\/wp\/v2\/pages"}],"about":[{"href":"https:\/\/discrepublic.se\/no\/wp-json\/wp\/v2\/types\/page"}],"author":[{"embeddable":true,"href":"https:\/\/discrepublic.se\/no\/wp-json\/wp\/v2\/users\/1"}],"replies":[{"embeddable":true,"href":"https:\/\/discrepublic.se\/no\/wp-json\/wp\/v2\/comments?post=144"}],"version-history":[{"count":0,"href":"https:\/\/discrepublic.se\/no\/wp-json\/wp\/v2\/pages\/144\/revisions"}],"wp:attachment":[{"href":"https:\/\/discrepublic.se\/no\/wp-json\/wp\/v2\/media?parent=144"}],"curies":[{"name":"wp","href":"https:\/\/api.w.org\/{rel}","templated":true}]}}